{"id":235043,"date":"2026-04-29T09:12:01","date_gmt":"2026-04-29T07:12:01","guid":{"rendered":"https:\/\/electrovideo.eu\/produit\/thermaltake-the-tower-600-jaune\/"},"modified":"2026-04-29T09:12:01","modified_gmt":"2026-04-29T07:12:01","slug":"thermaltake-the-tower-600-jaune","status":"publish","type":"product","link":"https:\/\/electrovideo.eu\/en\/product\/thermaltake-the-tower-600-jaune\/","title":{"rendered":"Thermaltake The Tower 600 &#8211; Jaune"},"content":{"rendered":"<div id=\"description\" class=\"description\">\n<div class=\"details-pdt-desc\">\n<h2 class=\"h2-master\">Thermaltake The Tower 600 : Un boitier Moyen tour \u00e0 haut potentiel<\/h2>\n<section>\n<p>Avec son format vertical et panoramique, le <strong>bo\u00eetier Moyen Tour Thermaltake The Tower 600<\/strong> se fait rapidement remarquer ! Il se pare de deux ventilateurs ARGB 140 mm et peut prendre en charge une carte m\u00e8re ATX, mini-ITX ou micro-ATX, une carte graphique de 280 mm de long (400 mm sans le cache d&#8217;alimentation) et une alimentation de 220 mm. En fa\u00e7ade, il propose quatre ports USB 3.0 et un port USB-C 3.1 et les ports audio pour satisfaire l&#8217;ensemble de vos besoins.<br \/>&nbsp;<\/p>\n<\/section>\n<section>\n<div class=\"desc-image\"><span><img decoding=\"async\" alt=\"\" loading=\"lazy\" src=\"https:\/\/electrovideo.eu\/wp-content\/uploads\/2026\/04\/The-Tower-600_Bumblebee_800_1.jpg\"><\/span><\/div>\n<div class=\"desc-text\">\n<h2>Un style unique, des lignes \u00e9l\u00e9gantes<\/h2>\n<p>Le ch\u00e2ssis&nbsp;du&nbsp;<strong>Thermaltake The Tower 600<\/strong>&nbsp;est con\u00e7u \u00e0 partir d&#8217;acier et de 3<strong> panneaux en verre tremp\u00e9<\/strong>&nbsp;de 3 mm pour une vue imprenable sur votre setup gaming. Sa conception unique offre de tr\u00e8s nombreuses possibilit\u00e9s d&#8217;assemblage, susceptibles de r\u00e9pondre \u00e0 l&#8217;ensemble de vos besoins.<\/p>\n<p>C\u00f4t\u00e9 refroidissement, il se pare de <strong>deux ventilateurs ARGB de 140 mm<\/strong> pour extraire l&#8217;air chaud par le dessus, la partie lat\u00e9rale est capable de prendre en des watercooling de 120 \u00e0 420 mm. Enfin, ajoutez jusqu&#8217;\u00e0 3 disques 2.5&#8243; pour le stockage ou 1 disque 3.5&#8243; + 2 disques 2.5&#8243;.<\/p>\n<\/div>\n<\/section>\n<section>\n<div class=\"desc-text\">\n<h2>Au c\u0153ur de votre environnement<\/h2>\n<p>Le&nbsp;<strong>design modulaire<\/strong>&nbsp;(<strong><em>DMD<\/em><\/strong>&nbsp;\u2013&nbsp;<em><strong>Dismantlable Modular Design<\/strong><\/em>) du&nbsp;Thermaltake Tower 600&nbsp;permet d&#8217;assembler une configuration sur-mesure, en n&#8217;utilisant que les \u00e9l\u00e9ments essentiels \u00e0 son fonctionnement.<\/p>\n<p>Le bo\u00eetier est compatible avec les&nbsp;<strong>c<\/strong>artes m\u00e8res ATX, Mini-ITX et Micro-ATX, les&nbsp;cartes graphiques jusqu&#8217;\u00e0 280 mm de longueur (400 mm sans le cache de l&#8217;alimentation), les&nbsp;ventirads jusqu&#8217;\u00e0 210 mm de hauteur&nbsp;et les&nbsp;alimentations jusqu&#8217;\u00e0 220 mm de profondeur.<\/p>\n<\/div>\n<div class=\"desc-image\"><span><img decoding=\"async\" alt=\"\" loading=\"lazy\" src=\"https:\/\/electrovideo.eu\/wp-content\/uploads\/2026\/04\/The-Tower-600_Bumblebee_800_2.jpg\"><\/span><\/div>\n<\/section>\n<section>\n<div class=\"desc-image\"><span><img decoding=\"async\" alt=\"\" loading=\"lazy\" src=\"https:\/\/electrovideo.eu\/wp-content\/uploads\/2026\/04\/The-Tower-600_Bumblebee_800_3.jpg\"><\/span><\/div>\n<div class=\"desc-text\">\n<h2>Compatible avec les cartes m\u00e8res \u00e0 ports cach\u00e9s<\/h2>\n<p>Le bo\u00eetier Thermaltake The Tower 600 est adapt\u00e9 pour les cartes m\u00e8res de nouvelle g\u00e9n\u00e9ration. En effet, il pr\u00e9sente une conception sp\u00e9ciale qui permet la prise en charge \u00e0 la fois des cartes m\u00e8res standard et des cartes m\u00e8res \u00e0 connecteurs cach\u00e9s. De plus, il y a deux panneaux amovibles sur les c\u00f4t\u00e9s gauche et droit de la face arri\u00e8re pour un acc\u00e8s facile au routage des c\u00e2bles.<\/p>\n<p>The Tower 600 est compatible avec les cartes m\u00e8res \u00e0 connecteurs cach\u00e9s des s\u00e9ries ASUS BTF, MSI PROJECT ZERO et GIGABYTE PROJECT STEALTH.<\/p>\n<\/div>\n<\/section>\n<\/div><\/div>\n","protected":false},"excerpt":{"rendered":"<p>Bo\u00eetier Moyen Tour avec 3 panneaux en verre tremp\u00e9 et 2 ventilateurs ARGB 140 mm<\/p>\n","protected":false},"featured_media":235045,"comment_status":"open","ping_status":"closed","template":"","meta":{"_monsterinsights_skip_tracking":false,"_monsterinsights_sitenote_active":false,"_monsterinsights_sitenote_note":"","_monsterinsights_sitenote_category":0},"etheme_brands":[{"term_id":314,"name":"Thermaltake","slug":"thermaltake","term_group":0,"term_taxonomy_id":314,"taxonomy":"brand","description":"","parent":0,"count":37,"filter":"raw"}],"product_brand":[],"product_cat":[28],"product_tag":[],"class_list":{"0":"post-235043","1":"product","2":"type-product","3":"status-publish","4":"has-post-thumbnail","6":"brand-thermaltake","7":"product_cat-tower-pc-case-box","9":"first","10":"instock","11":"taxable","12":"shipping-taxable","13":"purchasable","14":"product-type-simple"},"_links":{"self":[{"href":"https:\/\/electrovideo.eu\/en\/wp-json\/wp\/v2\/product\/235043","targetHints":{"allow":["GET"]}}],"collection":[{"href":"https:\/\/electrovideo.eu\/en\/wp-json\/wp\/v2\/product"}],"about":[{"href":"https:\/\/electrovideo.eu\/en\/wp-json\/wp\/v2\/types\/product"}],"replies":[{"embeddable":true,"href":"https:\/\/electrovideo.eu\/en\/wp-json\/wp\/v2\/comments?post=235043"}],"version-history":[{"count":0,"href":"https:\/\/electrovideo.eu\/en\/wp-json\/wp\/v2\/product\/235043\/revisions"}],"wp:featuredmedia":[{"embeddable":true,"href":"https:\/\/electrovideo.eu\/en\/wp-json\/wp\/v2\/media\/235045"}],"wp:attachment":[{"href":"https:\/\/electrovideo.eu\/en\/wp-json\/wp\/v2\/media?parent=235043"}],"wp:term":[{"taxonomy":"brand","embeddable":true,"href":"https:\/\/electrovideo.eu\/en\/wp-json\/wp\/v2\/etheme_brands?post=235043"},{"taxonomy":"product_brand","embeddable":true,"href":"https:\/\/electrovideo.eu\/en\/wp-json\/wp\/v2\/product_brand?post=235043"},{"taxonomy":"product_cat","embeddable":true,"href":"https:\/\/electrovideo.eu\/en\/wp-json\/wp\/v2\/product_cat?post=235043"},{"taxonomy":"product_tag","embeddable":true,"href":"https:\/\/electrovideo.eu\/en\/wp-json\/wp\/v2\/product_tag?post=235043"}],"curies":[{"name":"wp","href":"https:\/\/api.w.org\/{rel}","templated":true}]}}