{"id":235009,"date":"2026-04-29T09:12:01","date_gmt":"2026-04-29T07:12:01","guid":{"rendered":"https:\/\/electrovideo.eu\/produit\/thermaltake-view-390-air-noir\/"},"modified":"2026-04-29T09:12:01","modified_gmt":"2026-04-29T07:12:01","slug":"thermaltake-view-390-air-noir","status":"publish","type":"product","link":"https:\/\/electrovideo.eu\/en\/product\/thermaltake-view-390-air-noir\/","title":{"rendered":"Thermaltake View 390 Air (noir)"},"content":{"rendered":"<div id=\"description\" class=\"description\">\n<div class=\"details-pdt-desc\">\n<h2 class=\"h2-master\">Thermaltake View 390 Air&nbsp;: du style, de l&#8217;espace et un excellent refroidissement !<\/h2>\n<section>\n<p>Le <strong>bo\u00eetier moyen tour View 390 Air<\/strong> est un <strong>bo\u00eetier ATX<\/strong> dot\u00e9 d&#8217;un magnifique panneau lat\u00e9ral&nbsp;incurv\u00e9&nbsp;en verre tremp\u00e9, d&#8217;une fa\u00e7ade mesh, d&#8217;un support pour carte graphique et de <strong>deux ventilateurs arri\u00e8res CT120<\/strong>. Il peut accueillir jusqu&#8217;\u00e0 <strong>onze ventilateurs de 120 mm<\/strong> et il est compatible avec un <strong>radiateur AIO de 360 \u200b\u200bmm<\/strong>, install\u00e9 \u00e0 l&#8217;avant ou sur le c\u00f4t\u00e9 de la carte m\u00e8re. Un kit \u00e9cran LCD 6 pouces optionnel permet d&#8217;afficher des informations syst\u00e8me en temps r\u00e9el.<\/p>\n<\/section>\n<section>\n<div class=\"desc-image\"><span><img decoding=\"async\" alt=\"\" loading=\"lazy\" src=\"https:\/\/electrovideo.eu\/wp-content\/uploads\/2026\/04\/View-390-Air_800_1.jpg\"><\/span><\/div>\n<div class=\"desc-text\">\n<h2>Sublime design et volume g\u00e9n\u00e9reux<\/h2>\n<p>Con\u00e7u \u00e0 partir d&#8217;acier et habill\u00e9 d&#8217;une <strong>fa\u00e7ade en mesh<\/strong> et d&#8217;un superbe<strong> panneau lat\u00e9ral incurv\u00e9 en verre tremp\u00e9 de 4&nbsp;mm<\/strong>, le Thermaltake View 390 Air vous permet de profiter d&#8217;une vue imprenable sur votre setup gaming. Sa conception unique pens\u00e9e pour optimiser le flux d&#8217;air&nbsp;offre de tr\u00e8s nombreuses possibilit\u00e9s d&#8217;assemblage, susceptibles de r\u00e9pondre \u00e0 l&#8217;ensemble de vos besoins.<\/p>\n<p>Gr\u00e2ce au <strong>panneau avant en mesh<\/strong> et aux <strong>deux ventilateurs arri\u00e8re CT120 <\/strong>(fournis), ce <strong>bo\u00eetier View 390 Air <\/strong>dispose d&#8217;entr\u00e9es d&#8217;air et d&#8217;\u00e9vacuations suffisamment bien con\u00e7ues pour maintenir la temp\u00e9rature interne basse, en permanence.<\/p>\n<p>Au total, le <strong>View 390 Air&nbsp;<\/strong>peut recevoir&nbsp;jusqu&#8217;\u00e0 11 ventilateurs de 120 mm. Si vous optez pour une solution de&nbsp;Watercooling, vous pourrez installer un radiateur de 360 mm en fa\u00e7ade et un autre sur le c\u00f4t\u00e9 droit.<\/p>\n<\/div>\n<\/section>\n<section>\n<div class=\"desc-text\">\n<h2>Adapt\u00e9 pour les cartes m\u00e8res \u00e0 connecteurs cach\u00e9s<\/h2>\n<p>Parfaitement adapt\u00e9 pour les cartes m\u00e8res de nouvelle g\u00e9n\u00e9ration, le <strong>bo\u00eetier&nbsp;Thermaltake View 390 Air&nbsp;<\/strong>pr\u00e9sente une conception sp\u00e9ciale qui permet la prise en charge des cartes m\u00e8res standard et des cartes m\u00e8res \u00e0 connecteurs cach\u00e9s. Ce bo\u00eetier est compatible avec les cartes m\u00e8res \u00e0 connecteurs cach\u00e9s des <strong>s\u00e9ries ASUS BTF, MSI PROJECT ZERO et GIGABYTE PROJECT STEALTH<\/strong>.<\/p>\n<\/div>\n<div class=\"desc-image\"><span><img decoding=\"async\" alt=\"\" loading=\"lazy\" src=\"https:\/\/electrovideo.eu\/wp-content\/uploads\/2026\/04\/View-390-Air_800_2.jpg\"><\/span><\/div>\n<\/section>\n<section class=\"list\">\n<h2>Caract\u00e9ristiques principales :<\/h2>\n<ul>\n<li><strong>Boitier Moyen Tour pour&nbsp;carte m\u00e8re Mini-ITX, Micro-ATX et ATX<\/strong><\/li>\n<li>Compatible avec cartes m\u00e8res standards et les cartes m\u00e8res \u00e0 connecteurs cach\u00e9s (situ\u00e9s en dessous)<\/li>\n<li>Fa\u00e7ade en mesh et panneau lat\u00e9ral incurv\u00e9&nbsp;en verre tremp\u00e9e 4 mm<\/li>\n<li>2 ventilateurs arri\u00e8res&nbsp;120 mm CT120&nbsp;pr\u00e9install\u00e9s<\/li>\n<li>Longueur max. alimentation : 200&nbsp;mm<\/li>\n<li>Longueur max. carte graphique (avec radiateur\/sans radiateur) : 390\/420 mm<\/li>\n<li>Hauteur du ventirad : 160 mm<\/li>\n<\/ul>\n<\/section>\n<\/div><\/div>\n","protected":false},"excerpt":{"rendered":"<p>Boitier Moyen Tour avec panneau lat\u00e9ral incurv\u00e9 en verre tremp\u00e9 et 2 ventilateurs<\/p>\n","protected":false},"featured_media":235011,"comment_status":"open","ping_status":"closed","template":"","meta":{"_monsterinsights_skip_tracking":false,"_monsterinsights_sitenote_active":false,"_monsterinsights_sitenote_note":"","_monsterinsights_sitenote_category":0},"etheme_brands":[{"term_id":314,"name":"Thermaltake","slug":"thermaltake","term_group":0,"term_taxonomy_id":314,"taxonomy":"brand","description":"","parent":0,"count":37,"filter":"raw"}],"product_brand":[],"product_cat":[28],"product_tag":[],"class_list":{"0":"post-235009","1":"product","2":"type-product","3":"status-publish","4":"has-post-thumbnail","6":"brand-thermaltake","7":"product_cat-tower-pc-case-box","9":"first","10":"instock","11":"taxable","12":"shipping-taxable","13":"purchasable","14":"product-type-simple"},"_links":{"self":[{"href":"https:\/\/electrovideo.eu\/en\/wp-json\/wp\/v2\/product\/235009","targetHints":{"allow":["GET"]}}],"collection":[{"href":"https:\/\/electrovideo.eu\/en\/wp-json\/wp\/v2\/product"}],"about":[{"href":"https:\/\/electrovideo.eu\/en\/wp-json\/wp\/v2\/types\/product"}],"replies":[{"embeddable":true,"href":"https:\/\/electrovideo.eu\/en\/wp-json\/wp\/v2\/comments?post=235009"}],"version-history":[{"count":0,"href":"https:\/\/electrovideo.eu\/en\/wp-json\/wp\/v2\/product\/235009\/revisions"}],"wp:featuredmedia":[{"embeddable":true,"href":"https:\/\/electrovideo.eu\/en\/wp-json\/wp\/v2\/media\/235011"}],"wp:attachment":[{"href":"https:\/\/electrovideo.eu\/en\/wp-json\/wp\/v2\/media?parent=235009"}],"wp:term":[{"taxonomy":"brand","embeddable":true,"href":"https:\/\/electrovideo.eu\/en\/wp-json\/wp\/v2\/etheme_brands?post=235009"},{"taxonomy":"product_brand","embeddable":true,"href":"https:\/\/electrovideo.eu\/en\/wp-json\/wp\/v2\/product_brand?post=235009"},{"taxonomy":"product_cat","embeddable":true,"href":"https:\/\/electrovideo.eu\/en\/wp-json\/wp\/v2\/product_cat?post=235009"},{"taxonomy":"product_tag","embeddable":true,"href":"https:\/\/electrovideo.eu\/en\/wp-json\/wp\/v2\/product_tag?post=235009"}],"curies":[{"name":"wp","href":"https:\/\/api.w.org\/{rel}","templated":true}]}}