{"id":235006,"date":"2026-04-29T09:12:01","date_gmt":"2026-04-29T07:12:01","guid":{"rendered":"https:\/\/electrovideo.eu\/produit\/cooler-master-masterframe-500-mesh-argb-noir\/"},"modified":"2026-04-29T09:12:01","modified_gmt":"2026-04-29T07:12:01","slug":"cooler-master-masterframe-500-mesh-argb-noir","status":"publish","type":"product","link":"https:\/\/electrovideo.eu\/en\/product\/cooler-master-masterframe-500-mesh-argb-noir\/","title":{"rendered":"Cooler Master MasterFrame 500 Mesh ARGB (Noir)"},"content":{"rendered":"<div id=\"description\" class=\"description\">\n<div class=\"details-pdt-desc\">\n<h2 class=\"h2-master\">MasterFrame 500 Mesh : le bo\u00eetier ATX modulaire haut de gamme de Cooler Master<\/h2>\n<section>\n<p>Le <strong>Cooler Master MasterFrame 500 Mesh&nbsp;<\/strong>est un<strong> bo\u00eetier&nbsp;moyen tour<\/strong> qui r\u00e9pondra \u00e0 vos attentes si vous d\u00e9sirez concevoir une configuration gaming performante.&nbsp;Avec le <strong>MasterFrame 500 Mesh<\/strong>, vous \u00eates en face de tout le savoir faire&nbsp;de l\u2019ing\u00e9nierie Cooler Master. Il a \u00e9t\u00e9 con\u00e7u pour les gamers exigeants et les amateurs de configurations spectaculaires. Ce bo\u00eetier \u00e0 structure ouverte haut de gamme avec <strong>fa\u00e7ade en Mesh<\/strong> et <strong>panneau lat\u00e9ral en verre tremp\u00e9<\/strong>, allie modularit\u00e9 maximale, refroidissement extr\u00eame et personnalisation sans limites, gr\u00e2ce \u00e0 la <strong>plateforme FreeForm 2.0 <\/strong>de Cooler Master. Sa conception ouverte offre une libert\u00e9 d\u2019agencement totale, une circulation d\u2019air exceptionnelle et une compatibilit\u00e9 \u00e9tendue pour accueillir des composants haut de gamme, des radiateurs impressionnants et des <strong>cartes graphiques jusqu\u2019\u00e0 390 mm de long<\/strong>. Chaque aspect du M<strong>asterFrame 500 Mesh<\/strong> a \u00e9t\u00e9 pens\u00e9 pour transformer les d\u00e9sirs des gamers en r\u00e9alit\u00e9, tout en permettant un acc\u00e8s rapide et intuitif lors du montage ou des mises \u00e0 jour.<\/p>\n<\/section>\n<section>\n<div class=\"desc-image\"><span><img decoding=\"async\" alt=\"\" loading=\"lazy\" src=\"https:\/\/electrovideo.eu\/wp-content\/uploads\/2026\/04\/MasterFrame-500-Mesh_800_1.jpg\"><\/span><\/div>\n<div class=\"desc-text\">\n<h2>Points forts<\/h2>\n<ul>\n<li><strong>FreeForm 2.0 Exostructure<\/strong> : structure du ch\u00e2ssis apparente qui am\u00e9liore l&#8217;adaptabilit\u00e9 du ch\u00e2ssis et offre des options de configuration flexibles pour diff\u00e9rents sc\u00e9narios.<\/li>\n<li>Nombreuses options de refroidissement avec la prise en charge d&#8217;un maximum de <strong>11 ventilateurs<\/strong> et des radiateurs de diff\u00e9rentes tailles (jusqu&#8217;\u00e0 420 mm), assurant ainsi des performances thermiques sup\u00e9rieures.<\/li>\n<li><strong>Panneau avant en Mesh&nbsp;<\/strong>con\u00e7u de mani\u00e8re \u00e0 optimiser&nbsp;le flux d&#8217;air et am\u00e9liorer les performances de dissipation thermique.<\/li>\n<li>Superbe<strong> panneau lat\u00e9ral en verre tremp\u00e9<\/strong><\/li>\n<li><strong>Deux ventilateurs SickleFlow 200 ARGB PWM <\/strong>et un <strong>ventilateur SickleFlow 120 ARGB PWM<\/strong> pour une grande puissance de refroidissement.<\/li>\n<li>Grandes possibilit\u00e9s de mises \u00e0 niveau gr\u00e2ce \u00e0 la prise en charge d&#8217;un GPU de 390 mm, d&#8217;un ventirad de 190&nbsp;mm et de plusieurs ventilateurs et radiateurs pour toujours garder une longueur d&#8217;avance.<\/li>\n<\/ul>\n<\/div>\n<\/section>\n<section class=\"list\">\n<h2>Caract\u00e9ristiques principales<\/h2>\n<ul>\n<li><strong>Bo\u00eetier moyen-tour ouvert ATX premium<\/strong><\/li>\n<li><strong>Plateforme : FreeForm 2.0 pour personnalisation et modularit\u00e9 avanc\u00e9es<\/strong><\/li>\n<li><strong>Structure : Open-frame <\/strong>(ouvert) favorisant flexibilit\u00e9 et adaptabilit\u00e9<\/li>\n<li>Fa\u00e7ade en mesh et panneau lat\u00e9ral en verre tremp\u00e9<\/li>\n<li>Support cartes m\u00e8res : Mini-ITX, Micro-ATX, ATX, E-ATX<\/li>\n<li>Support syst\u00e8mes de refroidissement : Jusqu\u2019\u00e0 11 ventilateurs et radiateurs de grande taille (jusqu\u2019\u00e0 420 mm)<\/li>\n<li>Accepte GPU jusqu\u2019\u00e0 : 390 mm de longueur<\/li>\n<li>Support GPU inclus<\/li>\n<li>Panneaux interchangeables<\/li>\n<li>Retrait sans outil : Panneaux lateraux et composants accessibles sans tournevis<\/li>\n<li>Ventilation optimis\u00e9e : Conception favorisant un flux d\u2019air dynamique pour temp\u00e9ratures ma\u00eetris\u00e9es<\/li>\n<li>Connectivit\u00e9 : USB 3.2 Type-C int\u00e9gr\u00e9 (en fa\u00e7ade)<\/li>\n<li>Mat\u00e9riaux : Structure robuste en acier et \u00e9l\u00e9ments s\u00e9lectionn\u00e9s pour durabilit\u00e9<\/li>\n<li>Dimensions&nbsp;:&nbsp;544 x 471 x 261 mm<\/li>\n<\/ul>\n<\/section>\n<\/div><\/div>\n","protected":false},"excerpt":{"rendered":"<p>Bo\u00eetier Moyen Tour avec fa\u00e7ade en mesh et fen\u00eatre en verre tremp\u00e9<\/p>\n","protected":false},"featured_media":235008,"comment_status":"open","ping_status":"closed","template":"","meta":{"_monsterinsights_skip_tracking":false,"_monsterinsights_sitenote_active":false,"_monsterinsights_sitenote_note":"","_monsterinsights_sitenote_category":0},"etheme_brands":[{"term_id":331,"name":"Cooler Master","slug":"cooler-master","term_group":0,"term_taxonomy_id":331,"taxonomy":"brand","description":"","parent":0,"count":33,"filter":"raw"}],"product_brand":[],"product_cat":[28],"product_tag":[],"class_list":{"0":"post-235006","1":"product","2":"type-product","3":"status-publish","4":"has-post-thumbnail","6":"brand-cooler-master","7":"product_cat-tower-pc-case-box","9":"first","10":"instock","11":"taxable","12":"shipping-taxable","13":"purchasable","14":"product-type-simple"},"_links":{"self":[{"href":"https:\/\/electrovideo.eu\/en\/wp-json\/wp\/v2\/product\/235006","targetHints":{"allow":["GET"]}}],"collection":[{"href":"https:\/\/electrovideo.eu\/en\/wp-json\/wp\/v2\/product"}],"about":[{"href":"https:\/\/electrovideo.eu\/en\/wp-json\/wp\/v2\/types\/product"}],"replies":[{"embeddable":true,"href":"https:\/\/electrovideo.eu\/en\/wp-json\/wp\/v2\/comments?post=235006"}],"version-history":[{"count":0,"href":"https:\/\/electrovideo.eu\/en\/wp-json\/wp\/v2\/product\/235006\/revisions"}],"wp:featuredmedia":[{"embeddable":true,"href":"https:\/\/electrovideo.eu\/en\/wp-json\/wp\/v2\/media\/235008"}],"wp:attachment":[{"href":"https:\/\/electrovideo.eu\/en\/wp-json\/wp\/v2\/media?parent=235006"}],"wp:term":[{"taxonomy":"brand","embeddable":true,"href":"https:\/\/electrovideo.eu\/en\/wp-json\/wp\/v2\/etheme_brands?post=235006"},{"taxonomy":"product_brand","embeddable":true,"href":"https:\/\/electrovideo.eu\/en\/wp-json\/wp\/v2\/product_brand?post=235006"},{"taxonomy":"product_cat","embeddable":true,"href":"https:\/\/electrovideo.eu\/en\/wp-json\/wp\/v2\/product_cat?post=235006"},{"taxonomy":"product_tag","embeddable":true,"href":"https:\/\/electrovideo.eu\/en\/wp-json\/wp\/v2\/product_tag?post=235006"}],"curies":[{"name":"wp","href":"https:\/\/api.w.org\/{rel}","templated":true}]}}