{"id":234887,"date":"2026-04-29T09:48:17","date_gmt":"2026-04-29T07:48:17","guid":{"rendered":"https:\/\/electrovideo.eu\/produit\/cooler-master-masterliquid-240-atmos-ii-lcd-argb-noir\/"},"modified":"2026-04-29T09:48:17","modified_gmt":"2026-04-29T07:48:17","slug":"cooler-master-masterliquid-240-atmos-ii-lcd-argb-noir","status":"publish","type":"product","link":"https:\/\/electrovideo.eu\/en\/product\/cooler-master-masterliquid-240-atmos-ii-lcd-argb-noir\/","title":{"rendered":"Cooler Master MasterLiquid 240 Atmos II LCD ARGB Noir"},"content":{"rendered":"<div id=\"description\" class=\"description\">\n<div class=\"details-pdt-desc\">\n<h2 class=\"h2-master\">CoolerMaster MasterLiquid Atmos II LCD ARGB<\/h2>\n<section>\n<p>Le <strong>Cooler Master MasterLiquid 240 Atmos II LCD ARGB<\/strong><strong> <\/strong>est un syst\u00e8me de refroidissement liquide tout-en-un \u00e9quip\u00e9 d\u2019un r<strong>adiateur de 240 mm<\/strong> et de 2<strong>&nbsp;ventilateurs SickleFlow Edge ARGB<\/strong>. <font dir=\"auto\">Con\u00e7u pour optimiser l&#8217;exp\u00e9rience de refroidissement de votre PC, il offre une personnalisation avanc\u00e9e, vous permettant de facilement basculer entre les informations que vous souhaitez afficher et consulter&nbsp;: statistiques syst\u00e8me, GIF, images, texte d\u00e9filant, etc. Sa conception \u00e0 pompe double chambre discr\u00e8te le rend id\u00e9al pour les bo\u00eetiers compacts. Le MasterLiquid Atmos II LCD offre donc des performances de refroidissement exceptionnelles, un fonctionnement plus silencieux et la possibilit\u00e9 de personnaliser votre configuration. En r\u00e9sum\u00e9, c&#8217;est&nbsp;l&#8217;alliance parfaite entre performances, personnalisation et silence.<\/font><\/p>\n<p>Con\u00e7u en <strong>PPS<\/strong> et <strong>fibre de verre<\/strong>, le bo\u00eetier de pompe <strong>MasterLiquid Atmos II <\/strong>offre une robustesse de qualit\u00e9 industrielle, une r\u00e9sistance thermique exceptionnelle et une durabilit\u00e9 in\u00e9gal\u00e9e. Il est con\u00e7u pour les constructeurs exigeant un refroidissement haute performance et durable. Il a \u00e9galement pass\u00e9 avec succ\u00e8s des tests extr\u00eames \u00e0 70 \u00b0C pendant 3&nbsp;000 heures et \u00e0 120 \u00b0C pendant 12 heures, garantissant des performances fiables dans les conditions les plus difficiles.<\/p>\n<\/section>\n<section>\n<div class=\"desc-image\"><span><img decoding=\"async\" alt=\"\" loading=\"lazy\" src=\"https:\/\/electrovideo.eu\/wp-content\/uploads\/2026\/04\/MasterLiquidAtmosIINoir_800_1.jpg\"><\/span><\/div>\n<div class=\"desc-text\">\n<h2>Caract\u00e9ristiques principales<\/h2>\n<ul>\n<li>Syst\u00e8me de refroidissement watercooling tout-en-un pour processeur 240 mm<\/li>\n<li>Pompe \u00e0 double chambre con\u00e7ue en <strong>PPS<\/strong> et <strong>fibre de verre<\/strong><\/li>\n<li><strong>Ventilateurs SickleFlow Edge ARGB&nbsp;120 mm<\/strong> optimis\u00e9s pour les radiateurs de watercooling<\/li>\n<li>\u00c9cran LCD 2.1&#8243; personnalisable qui vous permet d\u2019afficher des informations en temps r\u00e9el via le<strong> logiciel MasterCtrl.<\/strong><\/li>\n<li>Des clips int\u00e9gr\u00e9s facilitent l\u2019organisation des c\u00e2bles.<\/li>\n<li><font dir=\"auto\">Socket de processeur&nbsp;<\/font><font dir=\"auto\">Intel&nbsp;LGA1851\/1700\/1200\/1150\/1151\/1155\/1156<\/font><\/li>\n<li><font dir=\"auto\">Socket de processeur&nbsp;<\/font><font dir=\"auto\">AMD&nbsp;AM5 \/ AM4<\/font><br \/>\n\t&nbsp;&nbsp;&nbsp;&nbsp;&nbsp;&nbsp;&nbsp;&nbsp;&nbsp;&nbsp;&nbsp;&nbsp;&nbsp;&nbsp;<\/li>\n<\/ul>\n<\/div>\n<\/section>\n<\/div><\/div>\n","protected":false},"excerpt":{"rendered":"<p>Kit de Watercooling ARGB 240mm tout-en-un pour processeur pour socket Intel et AMD avec \u00e9cran LCD 2.1&#8243;<\/p>\n","protected":false},"featured_media":234889,"comment_status":"open","ping_status":"closed","template":"","meta":{"_monsterinsights_skip_tracking":false,"_monsterinsights_sitenote_active":false,"_monsterinsights_sitenote_note":"","_monsterinsights_sitenote_category":0},"etheme_brands":[{"term_id":331,"name":"Cooler Master","slug":"cooler-master","term_group":0,"term_taxonomy_id":331,"taxonomy":"brand","description":"","parent":0,"count":33,"filter":"raw"}],"product_brand":[],"product_cat":[30],"product_tag":[],"class_list":{"0":"post-234887","1":"product","2":"type-product","3":"status-publish","4":"has-post-thumbnail","6":"brand-cooler-master","7":"product_cat-water-cooling","9":"first","10":"instock","11":"taxable","12":"shipping-taxable","13":"purchasable","14":"product-type-simple"},"_links":{"self":[{"href":"https:\/\/electrovideo.eu\/en\/wp-json\/wp\/v2\/product\/234887","targetHints":{"allow":["GET"]}}],"collection":[{"href":"https:\/\/electrovideo.eu\/en\/wp-json\/wp\/v2\/product"}],"about":[{"href":"https:\/\/electrovideo.eu\/en\/wp-json\/wp\/v2\/types\/product"}],"replies":[{"embeddable":true,"href":"https:\/\/electrovideo.eu\/en\/wp-json\/wp\/v2\/comments?post=234887"}],"version-history":[{"count":0,"href":"https:\/\/electrovideo.eu\/en\/wp-json\/wp\/v2\/product\/234887\/revisions"}],"wp:featuredmedia":[{"embeddable":true,"href":"https:\/\/electrovideo.eu\/en\/wp-json\/wp\/v2\/media\/234889"}],"wp:attachment":[{"href":"https:\/\/electrovideo.eu\/en\/wp-json\/wp\/v2\/media?parent=234887"}],"wp:term":[{"taxonomy":"brand","embeddable":true,"href":"https:\/\/electrovideo.eu\/en\/wp-json\/wp\/v2\/etheme_brands?post=234887"},{"taxonomy":"product_brand","embeddable":true,"href":"https:\/\/electrovideo.eu\/en\/wp-json\/wp\/v2\/product_brand?post=234887"},{"taxonomy":"product_cat","embeddable":true,"href":"https:\/\/electrovideo.eu\/en\/wp-json\/wp\/v2\/product_cat?post=234887"},{"taxonomy":"product_tag","embeddable":true,"href":"https:\/\/electrovideo.eu\/en\/wp-json\/wp\/v2\/product_tag?post=234887"}],"curies":[{"name":"wp","href":"https:\/\/api.w.org\/{rel}","templated":true}]}}