{"id":234881,"date":"2026-04-29T09:48:17","date_gmt":"2026-04-29T07:48:17","guid":{"rendered":"https:\/\/electrovideo.eu\/produit\/thermaltake-th360-s-v3-argb-sync-blanc\/"},"modified":"2026-04-29T09:48:17","modified_gmt":"2026-04-29T07:48:17","slug":"thermaltake-th360-s-v3-argb-sync-blanc","status":"publish","type":"product","link":"https:\/\/electrovideo.eu\/en\/product\/thermaltake-th360-s-v3-argb-sync-blanc\/","title":{"rendered":"Thermaltake TH360-S V3 ARGB Sync (blanc)"},"content":{"rendered":"<div id=\"description\" class=\"description\">\n<div class=\"details-pdt-desc\">\n<h2 class=\"h2-master\">Watercooling AIO avec \u00e9cran LED, hautes performances et tr\u00e8s esth\u00e9tique !<\/h2>\n<section>\n<p>Faites profiter \u00e0 votre processeur d&#8217;un&nbsp;refroidissement&nbsp;digne des configurations les plus exigeantes gr\u00e2ce au&nbsp;<strong>Thermaltake TH360-S V3 ARGB Sync<\/strong>. Ce <strong>kit watercooling AIO 360 mm <\/strong>allie performance, esth\u00e9tique et modernit\u00e9 : une t\u00eate de pompe carr\u00e9e \u00e9l\u00e9gante avec <strong>\u00e9cran LCD <\/strong>segment\u00e9 int\u00e9gr\u00e9 pour afficher en temps r\u00e9el des donn\u00e9es syst\u00e8me cl\u00e9s (temp\u00e9rature, fr\u00e9quence, puissance, charge), un \u00e9clairage ARGB vibrant synchronisable avec les principaux logiciels de cartes m\u00e8res et une conception pens\u00e9e pour faciliter l\u2019installation et sublimer votre configuration. R\u00e9sultat : votre machine ne se contente plus de rester froide, elle devient une vraie vitrine technologique.<\/p>\n<\/section>\n<section>\n<div class=\"desc-image\"><span><img decoding=\"async\" alt=\"\" loading=\"lazy\" src=\"https:\/\/electrovideo.eu\/wp-content\/uploads\/2026\/04\/TH360-S-V3-ARGB-Blanc_800_1.jpg\"><\/span><\/div>\n<div class=\"desc-text\">\n<h2>Conception ing\u00e9nieuse et \u00e9cran LED<\/h2>\n<p>Le <strong>TH360-S V3 ARGB&nbsp;Sync<\/strong> se distingue par sa t\u00eate de pompe au design carr\u00e9 moderne \u00e9quip\u00e9e d\u2019un<strong> \u00e9cran LCD segment\u00e9<\/strong> qui peut \u00eatre orient\u00e9 selon votre configuration gr\u00e2ce \u00e0 un capot d\u00e9tachable, une exclusivit\u00e9 pratique pour garder un \u0153il sur vos donn\u00e9es sans quitter l\u2019int\u00e9rieur du bo\u00eetier des yeux. Cette attention au d\u00e9tail s\u2019accompagne d\u2019un module ventilateur monobloc \u00e0 cadre unique, r\u00e9duisant l\u2019encombrement des c\u00e2bles pour une installation propre, rapide et sans stress. Associ\u00e9s \u00e0 des <strong>ventilateurs ARGB PWM haute performance<\/strong> pouvant atteindre 2500 RPM, chaque composant travaille en harmonie pour dissiper efficacement la chaleur tout en maintenant des nuisances sonores ma\u00eetris\u00e9es.<\/p>\n<\/div>\n<\/section>\n<section>\n<div class=\"desc-text\">\n<h2>Performances et&nbsp;installation simplifi\u00e9e<\/h2>\n<p>Au c\u0153ur de ce syst\u00e8me, un <strong>radiateur slim de 27 mm<\/strong> avec chambre en cuivre \u00e9paissie et une pompe de qualit\u00e9 sup\u00e9rieure assurent une circulation optimale du liquide, pour des temp\u00e9ratures stables m\u00eame sous charge intense. Ajoutez \u00e0 cela la compatibilit\u00e9 avec les connecteurs ARGB 5 V de cartes m\u00e8res ASUS, MSI, GIGABYTE&nbsp;ou ASRock : l\u2019\u00e9clairage synchronis\u00e9 offre une palette de 16,8 millions de couleurs pour cr\u00e9er une ambiance visuelle \u00e0 la hauteur de vos performances. Que ce soit pour un PC gaming, un poste de travail cr\u00e9atif ou une station d\u00e9di\u00e9e \u00e0 l\u2019overclocking, ce watercooling r\u00e9pond pr\u00e9sent.<\/p>\n<\/div>\n<div class=\"desc-image\"><span><img decoding=\"async\" alt=\"\" loading=\"lazy\" src=\"https:\/\/electrovideo.eu\/wp-content\/uploads\/2026\/04\/TH360-S-V3-ARGB-Blanc_800_2.jpg\"><\/span><\/div>\n<\/section>\n<section class=\"list\">\n<h2>Caract\u00e9ristiques principales :<\/h2>\n<ul>\n<li><strong>Kit watercooling AIO 360 mm<\/strong><\/li>\n<li>Design carr\u00e9 avec \u00e9cran LCD segment\u00e9 et capot d\u00e9tachable ajustable<\/li>\n<li>Ventilateurs : 3 x 120 mm PWM ARGB, jusqu\u2019\u00e0 2500 RPM<\/li>\n<li>D\u00e9bit d\u2019air : 85,29 CFM par ventilateur<\/li>\n<li>Pression statique : 3,86 mm-H\u2082O<\/li>\n<li>Niveau sonore max : 37,8 dB-A<\/li>\n<li>Radiateur : 397 x 120 x 27 mm, aluminium, chambre cuivre \u00e9paissie<\/li>\n<li>Tuyaux : 460 mm, mat\u00e9riau en caoutchouc<\/li>\n<li>Pompe : PWM 800\u20132500 RPM, base en cuivre<\/li>\n<li>Compatibilit\u00e9 ARGB : ASUS Aura Sync, MSI Mystic Light, GIGABYTE RGB Fusion, ASRock Polychrome, BIOSTAR \u00adSync<\/li>\n<li>Connecteurs ARGB et ventilateurs : 3 pins ARGB + 4 pins PWM<\/li>\n<li>Sockets CPU compatibles : Intel (LGA 2066\/2011\/1700\/1200, etc.), AMD (AM5\/AM4)<\/li>\n<li>TDP support\u00e9 : jusqu\u2019\u00e0 365 W<\/li>\n<li>Compatibilit\u00e9 syst\u00e8me : Windows 10 \/ 11<\/li>\n<\/ul>\n<\/section>\n<\/div><\/div>\n","protected":false},"excerpt":{"rendered":"<p>Kit de Watercooling tout-en-un pour processeur avec \u00e9cran LED<\/p>\n","protected":false},"featured_media":234883,"comment_status":"open","ping_status":"closed","template":"","meta":{"_monsterinsights_skip_tracking":false,"_monsterinsights_sitenote_active":false,"_monsterinsights_sitenote_note":"","_monsterinsights_sitenote_category":0},"etheme_brands":[{"term_id":314,"name":"Thermaltake","slug":"thermaltake","term_group":0,"term_taxonomy_id":314,"taxonomy":"brand","description":"","parent":0,"count":37,"filter":"raw"}],"product_brand":[],"product_cat":[30],"product_tag":[],"class_list":{"0":"post-234881","1":"product","2":"type-product","3":"status-publish","4":"has-post-thumbnail","6":"brand-thermaltake","7":"product_cat-water-cooling","9":"first","10":"instock","11":"taxable","12":"shipping-taxable","13":"purchasable","14":"product-type-simple"},"_links":{"self":[{"href":"https:\/\/electrovideo.eu\/en\/wp-json\/wp\/v2\/product\/234881","targetHints":{"allow":["GET"]}}],"collection":[{"href":"https:\/\/electrovideo.eu\/en\/wp-json\/wp\/v2\/product"}],"about":[{"href":"https:\/\/electrovideo.eu\/en\/wp-json\/wp\/v2\/types\/product"}],"replies":[{"embeddable":true,"href":"https:\/\/electrovideo.eu\/en\/wp-json\/wp\/v2\/comments?post=234881"}],"version-history":[{"count":0,"href":"https:\/\/electrovideo.eu\/en\/wp-json\/wp\/v2\/product\/234881\/revisions"}],"wp:featuredmedia":[{"embeddable":true,"href":"https:\/\/electrovideo.eu\/en\/wp-json\/wp\/v2\/media\/234883"}],"wp:attachment":[{"href":"https:\/\/electrovideo.eu\/en\/wp-json\/wp\/v2\/media?parent=234881"}],"wp:term":[{"taxonomy":"brand","embeddable":true,"href":"https:\/\/electrovideo.eu\/en\/wp-json\/wp\/v2\/etheme_brands?post=234881"},{"taxonomy":"product_brand","embeddable":true,"href":"https:\/\/electrovideo.eu\/en\/wp-json\/wp\/v2\/product_brand?post=234881"},{"taxonomy":"product_cat","embeddable":true,"href":"https:\/\/electrovideo.eu\/en\/wp-json\/wp\/v2\/product_cat?post=234881"},{"taxonomy":"product_tag","embeddable":true,"href":"https:\/\/electrovideo.eu\/en\/wp-json\/wp\/v2\/product_tag?post=234881"}],"curies":[{"name":"wp","href":"https:\/\/api.w.org\/{rel}","templated":true}]}}