{"id":234876,"date":"2026-04-29T09:48:17","date_gmt":"2026-04-29T07:48:17","guid":{"rendered":"https:\/\/electrovideo.eu\/produit\/asus-tuf-gaming-lc-iii-240-argb-noir\/"},"modified":"2026-04-29T09:48:17","modified_gmt":"2026-04-29T07:48:17","slug":"asus-tuf-gaming-lc-iii-240-argb-noir","status":"publish","type":"product","link":"https:\/\/electrovideo.eu\/en\/product\/asus-tuf-gaming-lc-iii-240-argb-noir\/","title":{"rendered":"ASUS TUF GAMING LC III 240 ARGB &#8211; Noir"},"content":{"rendered":"<div id=\"description\" class=\"description\">\n<div class=\"details-pdt-desc\">\n<h2 class=\"h2-master\">TUF GAMING LC III ARGB : Watercooling AiO gaming ARGB<\/h2>\n<section>\n<p>Le <strong>kit de watercooling ASUS TUF Gaming LC III 240 ARGB<\/strong> est dot\u00e9 d&#8217;une pompe \u00e9l\u00e9gante et d&#8217;un \u00e9clairage Aura ARGB, ce qui vous permet d&#8217;afficher votre propre style. Une pompe efficace et des ventilateurs ARGB pr\u00e9install\u00e9s et int\u00e9gr\u00e9s g\u00e8rent efficacement les temp\u00e9ratures du syst\u00e8me pour des performances gaming stables. Le TUF Gaming LC III 240 ARGB est \u00e9quip\u00e9 d&#8217;une pompe efficace et d&#8217;une p\u00e2te thermique pr\u00e9-appliqu\u00e9e pour garantir que votre CPU conserve des temp\u00e9ratures de fonctionnement optimales, m\u00eame en cas de charge de travail \u00e9lev\u00e9e.<br \/>\n&nbsp;<\/p>\n<\/section>\n<section>\n<div class=\"desc-image\"><span><img decoding=\"async\" alt=\"\" loading=\"lazy\" src=\"https:\/\/electrovideo.eu\/wp-content\/uploads\/2026\/04\/asus_tuf_gaming_lc_III_240_argb.jpg\"><\/span><\/div>\n<div class=\"desc-text\">\n<h2>ASUS TUF GAMING LC III 240 ARGB<\/h2>\n<ul>\n<li>Un d\u00e9bit d&#8217;air et une pression statique plus \u00e9lev\u00e9s offrent des performances globalement sup\u00e9rieures \u00e0 celles de la s\u00e9rie TUF Gaming LC II<\/li>\n<li>Les ventilateurs int\u00e9gr\u00e9s pr\u00e9install\u00e9s simplifient l&#8217;installation, avec un seul c\u00e2ble prenant en charge l&#8217;alimentation et l&#8217;\u00e9clairage<\/li>\n<li>La pompe a \u00e9t\u00e9 am\u00e9lior\u00e9e pour offrir une conception triphas\u00e9e \u00e0 six slot et quatre p\u00f4les, doublant ainsi sa dur\u00e9e de vie et am\u00e9liorant son efficacit\u00e9 jusqu&#8217;\u00e0 30 %, tout en r\u00e9duisant le bruit<\/li>\n<li>Con\u00e7u pour s&#8217;harmoniser avec les cartes m\u00e8res TUF Gaming au c\u0153ur de votre configuration<\/li>\n<li>Tuyaux renforc\u00e9s et gain\u00e9s de 400 mm pour une durabilit\u00e9 et une compatibilit\u00e9 avec les ch\u00e2ssis am\u00e9lior\u00e9es<\/li>\n<li>Prise en charge des sockets Intel LGA 1851, 1700, 1200 et AMD AM5 et AM4<\/li>\n<\/ul>\n<\/div>\n<\/section>\n<\/div><\/div>\n","protected":false},"excerpt":{"rendered":"<p>Kit de Watercooling 240 mm pour processeur avec r\u00e9tro\u00e9clairage ARGB<\/p>\n","protected":false},"featured_media":234877,"comment_status":"open","ping_status":"closed","template":"","meta":{"_monsterinsights_skip_tracking":false,"_monsterinsights_sitenote_active":false,"_monsterinsights_sitenote_note":"","_monsterinsights_sitenote_category":0},"etheme_brands":[{"term_id":53,"name":"ASUS","slug":"asus","term_group":0,"term_taxonomy_id":53,"taxonomy":"brand","description":"","parent":0,"count":248,"filter":"raw"}],"product_brand":[],"product_cat":[30],"product_tag":[],"class_list":{"0":"post-234876","1":"product","2":"type-product","3":"status-publish","4":"has-post-thumbnail","6":"brand-asus","7":"product_cat-water-cooling","9":"first","10":"instock","11":"taxable","12":"shipping-taxable","13":"purchasable","14":"product-type-simple"},"_links":{"self":[{"href":"https:\/\/electrovideo.eu\/en\/wp-json\/wp\/v2\/product\/234876","targetHints":{"allow":["GET"]}}],"collection":[{"href":"https:\/\/electrovideo.eu\/en\/wp-json\/wp\/v2\/product"}],"about":[{"href":"https:\/\/electrovideo.eu\/en\/wp-json\/wp\/v2\/types\/product"}],"replies":[{"embeddable":true,"href":"https:\/\/electrovideo.eu\/en\/wp-json\/wp\/v2\/comments?post=234876"}],"version-history":[{"count":0,"href":"https:\/\/electrovideo.eu\/en\/wp-json\/wp\/v2\/product\/234876\/revisions"}],"wp:featuredmedia":[{"embeddable":true,"href":"https:\/\/electrovideo.eu\/en\/wp-json\/wp\/v2\/media\/234877"}],"wp:attachment":[{"href":"https:\/\/electrovideo.eu\/en\/wp-json\/wp\/v2\/media?parent=234876"}],"wp:term":[{"taxonomy":"brand","embeddable":true,"href":"https:\/\/electrovideo.eu\/en\/wp-json\/wp\/v2\/etheme_brands?post=234876"},{"taxonomy":"product_brand","embeddable":true,"href":"https:\/\/electrovideo.eu\/en\/wp-json\/wp\/v2\/product_brand?post=234876"},{"taxonomy":"product_cat","embeddable":true,"href":"https:\/\/electrovideo.eu\/en\/wp-json\/wp\/v2\/product_cat?post=234876"},{"taxonomy":"product_tag","embeddable":true,"href":"https:\/\/electrovideo.eu\/en\/wp-json\/wp\/v2\/product_tag?post=234876"}],"curies":[{"name":"wp","href":"https:\/\/api.w.org\/{rel}","templated":true}]}}