{"id":234828,"date":"2026-04-29T09:55:03","date_gmt":"2026-04-29T07:55:03","guid":{"rendered":"https:\/\/electrovideo.eu\/produit\/thermalright-rainbow-vision-360-turbo-argb-noir\/"},"modified":"2026-04-29T09:55:03","modified_gmt":"2026-04-29T07:55:03","slug":"thermalright-rainbow-vision-360-turbo-argb-noir","status":"publish","type":"product","link":"https:\/\/electrovideo.eu\/en\/product\/thermalright-rainbow-vision-360-turbo-argb-noir\/","title":{"rendered":"Thermalright Rainbow Vision 360 Turbo ARGB &#8211; Noir"},"content":{"rendered":"<div id=\"description\" class=\"description\">\n<div class=\"details-pdt-desc\">\n<h2 class=\"h2-master\">Superbe affichage&nbsp;et refroidissement optimis\u00e9<\/h2>\n<section>\n<p>Le <strong>Thermalright Rainbow Vision 360 ARGB <\/strong>est un sublime<strong>&nbsp;kit de refroidissement liquide&nbsp;tout-en-un<\/strong><strong> <\/strong>con\u00e7u&nbsp;pour assurer des performances stables m\u00eame lors des fortes&nbsp;mont\u00e9es en temp\u00e9rature de votre CPU.<strong>&nbsp;<\/strong>Aussi efficace&nbsp;que visuellement percutant, il<strong>&nbsp;<\/strong>s\u2019impose comme un <strong>kit de refroidissement liquide <\/strong>vraiment avantageux pour toute configuration gaming haut de gamme.&nbsp;Dot\u00e9 d\u2019un immense <strong>\u00e9cran IPS de 6,67 pouces<\/strong> et d\u2019un trio de ventilateurs performants, il allie <strong>refroidissement haute efficacit\u00e9<\/strong>, <strong>esth\u00e9tique soign\u00e9e<\/strong> et <strong>personnalisation avanc\u00e9e<\/strong>, pour assurer une dissipation thermique optimale et toujours sous contr\u00f4le.<\/p>\n<\/section>\n<section>\n<div class=\"desc-image\"><span><img decoding=\"async\" alt=\"\" loading=\"lazy\" src=\"https:\/\/electrovideo.eu\/wp-content\/uploads\/2026\/04\/RainbowVision360Turbo_800_1.jpg\"><\/span><\/div>\n<div class=\"desc-text\">\n<h2>\u00c9cran incruv\u00e9&nbsp;pour un contr\u00f4le total<\/h2>\n<p>V\u00e9ritable pi\u00e8ce ma\u00eetresse de ce kit watercooling, l\u2019\u00e9cran incurv\u00e9&nbsp;<strong>IPS LCD de 6,67\u201d<\/strong> offre une r\u00e9solution de <strong>2400 \u00d7 1080<\/strong>, est id\u00e9al&nbsp;pour surveiller en direct les <strong>temp\u00e9ratures, fr\u00e9quences, et performances<\/strong> du syst\u00e8me. Il prend \u00e9galement en charge l\u2019affichage de visuels ou d&#8217;animations personnalis\u00e9es, transformant votre&nbsp;setup en une <strong>station de monitoring dynamique<\/strong>.<\/p>\n<p>Fix\u00e9 sur le bloc pompe, cet \u00e9cran s\u2019int\u00e8gre avec \u00e9l\u00e9gance au c\u0153ur de votre&nbsp;PC et propose une exp\u00e9rience utilisateur unique. Gr\u00e2ce \u00e0 sa taille et \u00e0 sa clart\u00e9, il devient un atout \u00e0 la fois <strong>informatif et d\u00e9coratif<\/strong>, sublimant chaque configuration RGB moderne.<\/p>\n<\/div>\n<\/section>\n<section>\n<div class=\"desc-text\">\n<h2>Des performances de refroidissement \u00e0 toute \u00e9preuve<\/h2>\n<p>Le <strong>Rainbow Vision 360<\/strong> mise sur l\u2019efficacit\u00e9 avec une <strong>pompe ultra-rapide \u00e0 6400 tr\/min<\/strong> et un <strong>radiateur en aluminium de 27 mm<\/strong>, con\u00e7u pour une dissipation thermique rapide et continue. Solide et \u00e9pur\u00e9, il renforce la durabilit\u00e9 de l\u2019ensemble tout en s\u2019int\u00e9grant harmonieusement \u00e0 n\u2019importe quel bo\u00eetier.<\/p>\n<p>Les trois ventilateurs <strong>TL-K12-X28-R9 Turbo<\/strong> de<strong> 120 mm <\/strong>sont<strong>&nbsp;<\/strong>capables de d\u00e9livrer <strong>jusqu\u2019\u00e0 120.38 CFM<\/strong> chacun. Ils assurent une <strong>circulation d\u2019air optimale<\/strong>. Leur pression statique de <strong>4.93 mmH2O<\/strong>&nbsp;garantit&nbsp;un <strong>refroidissement constant<\/strong>, m\u00eame lors des sessions gaming les plus intenses.<\/p>\n<\/div>\n<div class=\"desc-image\"><span><img decoding=\"async\" alt=\"\" loading=\"lazy\" src=\"https:\/\/electrovideo.eu\/wp-content\/uploads\/2026\/04\/RainbowVision360Turbo_800_2.jpg\"><\/span><\/div>\n<\/section>\n<section class=\"list\">\n<h2>Caract\u00e9ristiques principales :<\/h2>\n<ul>\n<li><strong>\u00c9cran IPS 6,67\u201d<\/strong> : r\u00e9solution 2400 x 1080, affichage syst\u00e8me et visuels personnalis\u00e9s<\/li>\n<li><strong>Ventilateurs <\/strong>TL-K12-X28-R9 Turbo : 3000 RPM, 120.38 CFM chacun, pression statique 4.93 mmH2O<\/li>\n<li><strong>Pompe ultra-performante<\/strong> : 6400 RPM pour une circulation fluide<\/li>\n<li><strong>Radiateur aluminium<\/strong> : design robuste, dimensions 403 x 120 x 27 mm<\/li>\n<li><strong>Fonction ARGB<\/strong> : connecteurs 3 PIN 5V pour personnalisation lumineuse<\/li>\n<li><strong>Connectique PWM 4 PIN<\/strong> : contr\u00f4le pr\u00e9cis des ventilateurs et de la pompe<\/li>\n<li><strong>Niveau sonore<\/strong> : 44.7 dBA (Max) \u00e0 plein r\u00e9gime<\/li>\n<\/ul>\n<\/section>\n<\/div><\/div>\n","protected":false},"excerpt":{"rendered":"<p>Kit de Watercooling tout-en-un 360 mm avec \u00e9clairage ARGB et \u00e9cran LCD 6.67&#8243; int\u00e9gr\u00e9 pour processeur Intel\/AMD<\/p>\n","protected":false},"featured_media":234830,"comment_status":"open","ping_status":"closed","template":"","meta":{"_monsterinsights_skip_tracking":false,"_monsterinsights_sitenote_active":false,"_monsterinsights_sitenote_note":"","_monsterinsights_sitenote_category":0},"etheme_brands":[{"term_id":5066,"name":"Thermalright","slug":"thermalright-en","term_group":0,"term_taxonomy_id":5066,"taxonomy":"brand","description":"","parent":0,"count":20,"filter":"raw"}],"product_brand":[],"product_cat":[30],"product_tag":[],"class_list":{"0":"post-234828","1":"product","2":"type-product","3":"status-publish","4":"has-post-thumbnail","6":"brand-thermalright-en","7":"product_cat-water-cooling","9":"first","10":"instock","11":"taxable","12":"shipping-taxable","13":"purchasable","14":"product-type-simple"},"_links":{"self":[{"href":"https:\/\/electrovideo.eu\/en\/wp-json\/wp\/v2\/product\/234828","targetHints":{"allow":["GET"]}}],"collection":[{"href":"https:\/\/electrovideo.eu\/en\/wp-json\/wp\/v2\/product"}],"about":[{"href":"https:\/\/electrovideo.eu\/en\/wp-json\/wp\/v2\/types\/product"}],"replies":[{"embeddable":true,"href":"https:\/\/electrovideo.eu\/en\/wp-json\/wp\/v2\/comments?post=234828"}],"version-history":[{"count":0,"href":"https:\/\/electrovideo.eu\/en\/wp-json\/wp\/v2\/product\/234828\/revisions"}],"wp:featuredmedia":[{"embeddable":true,"href":"https:\/\/electrovideo.eu\/en\/wp-json\/wp\/v2\/media\/234830"}],"wp:attachment":[{"href":"https:\/\/electrovideo.eu\/en\/wp-json\/wp\/v2\/media?parent=234828"}],"wp:term":[{"taxonomy":"brand","embeddable":true,"href":"https:\/\/electrovideo.eu\/en\/wp-json\/wp\/v2\/etheme_brands?post=234828"},{"taxonomy":"product_brand","embeddable":true,"href":"https:\/\/electrovideo.eu\/en\/wp-json\/wp\/v2\/product_brand?post=234828"},{"taxonomy":"product_cat","embeddable":true,"href":"https:\/\/electrovideo.eu\/en\/wp-json\/wp\/v2\/product_cat?post=234828"},{"taxonomy":"product_tag","embeddable":true,"href":"https:\/\/electrovideo.eu\/en\/wp-json\/wp\/v2\/product_tag?post=234828"}],"curies":[{"name":"wp","href":"https:\/\/api.w.org\/{rel}","templated":true}]}}