{"id":234825,"date":"2026-04-29T09:55:03","date_gmt":"2026-04-29T07:55:03","guid":{"rendered":"https:\/\/electrovideo.eu\/produit\/xigmatek-connect-ultra-360-noir\/"},"modified":"2026-04-29T09:55:03","modified_gmt":"2026-04-29T07:55:03","slug":"xigmatek-connect-ultra-360-noir","status":"publish","type":"product","link":"https:\/\/electrovideo.eu\/en\/product\/xigmatek-connect-ultra-360-noir\/","title":{"rendered":"Xigmatek Connect Ultra 360 &#8211; Noir"},"content":{"rendered":"<div id=\"description\" class=\"description\">\n<div class=\"details-pdt-desc\">\n<h2 class=\"h2-master\">Refroidissement optimis\u00e9 avec Xigmatek<\/h2>\n<section>\n<p>Le watercooling 360 mm tout-en-un <strong>Xigmatek Connect Ultra 360 <\/strong>dispose d&#8217;un radiateur en aluminium haute densit\u00e9, d&#8217;un ventilateur 120 x 360 mm pour une dissipation thermique optimale. Son <strong>\u00e9cran de 6.8&#8243; AMOLED Full HD+<\/strong>&nbsp;<font dir=\"auto\"><font dir=\"auto\">incurv\u00e9 sans lunettes 3D permet de profiter d&#8217;une<\/font><\/font><br \/>\n<font dir=\"auto\"><font dir=\"auto\">exp\u00e9rience de r\u00e9alit\u00e9 virtuelle immersive. Cet \u00e9cran vous donne acc\u00e8s \u00e0 de multiple<\/font><\/font>&nbsp;informations pr\u00e9cieuses sur le fonctionnement de votre configuration. Les LED ARGB des ventilateurs apportent une&nbsp;touche gaming \u00e0 ce kit, personnalisable \u00e0 souhait gr\u00e2ce au c<strong>ontr\u00f4leur ARGB inclus<\/strong>. Le <strong>Connect Ultra 360 de Xigmatek<\/strong> prend en charge les processeurs r\u00e9cents les plus puissants gr\u00e2ce \u00e0 sa compatibilit\u00e9 avec<strong> les sockets AMD AM5\/AM4 et Intel LGA1851\/1700\/1200 et 115X\/2011<\/strong>.<\/p>\n<\/section>\n<section>\n<div class=\"desc-image\"><span><img decoding=\"async\" alt=\"\" loading=\"lazy\" src=\"https:\/\/electrovideo.eu\/wp-content\/uploads\/2026\/04\/ConnectUltra360_800_1.jpg\"><\/span><\/div>\n<div class=\"desc-text\">\n<h2>Points forts<\/h2>\n<ul>\n<li>Radiateur en aluminium haute densit\u00e9 pour une dissipation thermique efficace<\/li>\n<li>\u00c9cran AMOLED Full HD+ de 6.8 pouces&nbsp;pour une surveillance en temps r\u00e9el des performances<\/li>\n<li>Compatibilit\u00e9 avec les sockets&nbsp;<strong>AMD AM5\/AM4 et Intel LGA1851\/1700\/1200 et 115X\/2011<\/strong><\/li>\n<li>Design \u00e9l\u00e9gant avec ventilateur ARGB 120 x 360 x 25 mm etc contr\u00f4leur ARGB inclus pour une personnalisation facile.<\/li>\n<li>P\u00e2te thermique incluse<\/li>\n<\/ul>\n<\/div>\n<\/section>\n<section class=\"list\">\n<h2>Caract\u00e9ristiques principales :<\/h2>\n<ul>\n<li>Syst\u00e8me de refroidissement watercooling tout-en-un pour processeur&nbsp;<\/li>\n<li>Compatibilit\u00e9 processeur : <strong>AMD AM5\/AM4 et Intel LGA1851\/1700\/1200 et 115X\/2011<\/strong><\/li>\n<li>Ventilateurs<strong> 360 x 120 x 28 mm ARGB <\/strong>\/ 800-2100 RPM \/ 29 dB(A) \/ 80 CFM<\/li>\n<li>Dimensions de la pompe 90 x 112.5 x 103 mm<\/li>\n<li>Longueur des tubes : 450 mm<\/li>\n<li>Dimensions radiateur : 397 x 120&nbsp;x 27 mm<\/li>\n<li>Ecran flexible&nbsp;AMOLED Full HD+ de 6.8 pouces<\/li>\n<li>R\u00e9solution de l&#8217;\u00e9cran 2320 x 1080 pixels<\/li>\n<\/ul>\n<\/section>\n<\/div><\/div>\n","protected":false},"excerpt":{"rendered":"<p>Kit de Watercooling 360 mm tout-en-un pour processeur avec \u00e9clairage ARGB et \u00e9cran AMOLED Full HD+ 6.8&#8243; pour socket Intel et AMD<\/p>\n","protected":false},"featured_media":234827,"comment_status":"open","ping_status":"closed","template":"","meta":{"_monsterinsights_skip_tracking":false,"_monsterinsights_sitenote_active":false,"_monsterinsights_sitenote_note":"","_monsterinsights_sitenote_category":0},"etheme_brands":[{"term_id":567,"name":"Xigmatek","slug":"xigmatek","term_group":0,"term_taxonomy_id":567,"taxonomy":"brand","description":"","parent":0,"count":17,"filter":"raw"}],"product_brand":[],"product_cat":[30],"product_tag":[],"class_list":{"0":"post-234825","1":"product","2":"type-product","3":"status-publish","4":"has-post-thumbnail","6":"brand-xigmatek","7":"product_cat-water-cooling","9":"first","10":"instock","11":"taxable","12":"shipping-taxable","13":"purchasable","14":"product-type-simple"},"_links":{"self":[{"href":"https:\/\/electrovideo.eu\/en\/wp-json\/wp\/v2\/product\/234825","targetHints":{"allow":["GET"]}}],"collection":[{"href":"https:\/\/electrovideo.eu\/en\/wp-json\/wp\/v2\/product"}],"about":[{"href":"https:\/\/electrovideo.eu\/en\/wp-json\/wp\/v2\/types\/product"}],"replies":[{"embeddable":true,"href":"https:\/\/electrovideo.eu\/en\/wp-json\/wp\/v2\/comments?post=234825"}],"version-history":[{"count":0,"href":"https:\/\/electrovideo.eu\/en\/wp-json\/wp\/v2\/product\/234825\/revisions"}],"wp:featuredmedia":[{"embeddable":true,"href":"https:\/\/electrovideo.eu\/en\/wp-json\/wp\/v2\/media\/234827"}],"wp:attachment":[{"href":"https:\/\/electrovideo.eu\/en\/wp-json\/wp\/v2\/media?parent=234825"}],"wp:term":[{"taxonomy":"brand","embeddable":true,"href":"https:\/\/electrovideo.eu\/en\/wp-json\/wp\/v2\/etheme_brands?post=234825"},{"taxonomy":"product_brand","embeddable":true,"href":"https:\/\/electrovideo.eu\/en\/wp-json\/wp\/v2\/product_brand?post=234825"},{"taxonomy":"product_cat","embeddable":true,"href":"https:\/\/electrovideo.eu\/en\/wp-json\/wp\/v2\/product_cat?post=234825"},{"taxonomy":"product_tag","embeddable":true,"href":"https:\/\/electrovideo.eu\/en\/wp-json\/wp\/v2\/product_tag?post=234825"}],"curies":[{"name":"wp","href":"https:\/\/api.w.org\/{rel}","templated":true}]}}