{"id":234813,"date":"2026-04-29T09:55:03","date_gmt":"2026-04-29T07:55:03","guid":{"rendered":"https:\/\/electrovideo.eu\/produit\/asus-proart-lc-360\/"},"modified":"2026-04-29T09:55:03","modified_gmt":"2026-04-29T07:55:03","slug":"asus-proart-lc-360","status":"publish","type":"product","link":"https:\/\/electrovideo.eu\/en\/product\/asus-proart-lc-360\/","title":{"rendered":"ASUS ProArt LC 360"},"content":{"rendered":"<div id=\"description\" class=\"description\">\n<div class=\"details-pdt-desc\">\n<h2 class=\"h2-master\">Kit de Watercooling 360 mm hautes performances<\/h2>\n<section>\n<p>Le watercooling <strong>ASUS ProArt LC 360<\/strong> est con\u00e7u pour tirer parti du meilleur de votre processeur gr\u00e2ce au moteur de moteur triphas\u00e9, et de trois ventilateurs 120 mm performants <strong>Alphacool Apex Stealth Metal Power<\/strong>. Une jauge lumineuse situ\u00e9e sur le dessus de la pompe fournit des statistiques en direct du syst\u00e8me. Son design minimaliste lui permettra de s&#8217;int\u00e9grer parfaitement dans les configurations orient\u00e9es sur la sobri\u00e9t\u00e9.<br \/>\n&nbsp;<\/p>\n<\/section>\n<section>\n<div class=\"desc-image\"><span><img decoding=\"async\" alt=\"\" loading=\"lazy\" src=\"https:\/\/electrovideo.eu\/wp-content\/uploads\/2026\/04\/asus_proart_proart_lc420.jpg\"><\/span><\/div>\n<div class=\"desc-text\">\n<h2>Points forts<\/h2>\n<ul>\n<li>Les ventilateurs Alphacool Apex Stealth Metal Power noir mat offrent des performances \u00e9lev\u00e9es jusqu&#8217;\u00e0 3000 tr\/min, un faible niveau de bruit et une installation en cha\u00eene<\/li>\n<li>Le compteur lumineux indique la charge du syst\u00e8me, les temp\u00e9ratures et la vitesse des ventilateurs<\/li>\n<li>Le moteur triphas\u00e9 avanc\u00e9 offre une excellente capacit\u00e9 de refroidissement et un fonctionnement plus silencieux<\/li>\n<li>Le design minimaliste compl\u00e8te parfaitement l&#8217;esth\u00e9tique des composants de la gamme ProArt<\/li>\n<li>Tuyaux de 450 mm de longueur&nbsp;avec gaine en maille tress\u00e9e offrant durabilit\u00e9 et flexibilit\u00e9<\/li>\n<\/ul>\n<\/div>\n<\/section>\n<\/div><\/div>\n","protected":false},"excerpt":{"rendered":"<p>Kit de Watercooling 360 mm pour processeur<\/p>\n","protected":false},"featured_media":234814,"comment_status":"open","ping_status":"closed","template":"","meta":{"_monsterinsights_skip_tracking":false,"_monsterinsights_sitenote_active":false,"_monsterinsights_sitenote_note":"","_monsterinsights_sitenote_category":0},"etheme_brands":[{"term_id":53,"name":"ASUS","slug":"asus","term_group":0,"term_taxonomy_id":53,"taxonomy":"brand","description":"","parent":0,"count":248,"filter":"raw"}],"product_brand":[],"product_cat":[30],"product_tag":[],"class_list":{"0":"post-234813","1":"product","2":"type-product","3":"status-publish","4":"has-post-thumbnail","6":"brand-asus","7":"product_cat-water-cooling","9":"first","10":"instock","11":"taxable","12":"shipping-taxable","13":"purchasable","14":"product-type-simple"},"_links":{"self":[{"href":"https:\/\/electrovideo.eu\/en\/wp-json\/wp\/v2\/product\/234813","targetHints":{"allow":["GET"]}}],"collection":[{"href":"https:\/\/electrovideo.eu\/en\/wp-json\/wp\/v2\/product"}],"about":[{"href":"https:\/\/electrovideo.eu\/en\/wp-json\/wp\/v2\/types\/product"}],"replies":[{"embeddable":true,"href":"https:\/\/electrovideo.eu\/en\/wp-json\/wp\/v2\/comments?post=234813"}],"version-history":[{"count":0,"href":"https:\/\/electrovideo.eu\/en\/wp-json\/wp\/v2\/product\/234813\/revisions"}],"wp:featuredmedia":[{"embeddable":true,"href":"https:\/\/electrovideo.eu\/en\/wp-json\/wp\/v2\/media\/234814"}],"wp:attachment":[{"href":"https:\/\/electrovideo.eu\/en\/wp-json\/wp\/v2\/media?parent=234813"}],"wp:term":[{"taxonomy":"brand","embeddable":true,"href":"https:\/\/electrovideo.eu\/en\/wp-json\/wp\/v2\/etheme_brands?post=234813"},{"taxonomy":"product_brand","embeddable":true,"href":"https:\/\/electrovideo.eu\/en\/wp-json\/wp\/v2\/product_brand?post=234813"},{"taxonomy":"product_cat","embeddable":true,"href":"https:\/\/electrovideo.eu\/en\/wp-json\/wp\/v2\/product_cat?post=234813"},{"taxonomy":"product_tag","embeddable":true,"href":"https:\/\/electrovideo.eu\/en\/wp-json\/wp\/v2\/product_tag?post=234813"}],"curies":[{"name":"wp","href":"https:\/\/api.w.org\/{rel}","templated":true}]}}