{"id":234794,"date":"2026-04-29T09:58:01","date_gmt":"2026-04-29T07:58:01","guid":{"rendered":"https:\/\/electrovideo.eu\/produit\/asus-rog-ryuo-iv-360-argb-noir\/"},"modified":"2026-04-29T09:58:01","modified_gmt":"2026-04-29T07:58:01","slug":"asus-rog-ryuo-iv-360-argb-noir","status":"publish","type":"product","link":"https:\/\/electrovideo.eu\/en\/product\/asus-rog-ryuo-iv-360-argb-noir\/","title":{"rendered":"ASUS ROG Ryuo IV 360 ARGB &#8211; Noir"},"content":{"rendered":"<div id=\"description\" class=\"description\">\n<div class=\"details-pdt-desc\">\n<h2 class=\"h2-master\">Watercooling AIO ARGB avec \u00e9cran AMOLED incurv\u00e9<\/h2>\n<section>\n<p>Le kit de watercooling tout-en-un pour processeur ASUS ROG Ryuo IV 360 ARGB est dot\u00e9 d&#8217;un \u00e9cran AMOLED de 6,67 pouces, permettant un contr\u00f4le intuitif via un logiciel d\u00e9di\u00e9 pour afficher de mani\u00e8re fluide des vid\u00e9os 3D, du contenu personnalis\u00e9 ou des informations mat\u00e9rielles. Son design incurv\u00e9 innovant brise les fronti\u00e8res entre le virtuel et le r\u00e9el.<\/p>\n<p>La puissante pompe et les ventilateurs ROG ARGB assurent un refroidissement stable des processeurs, notamment des processeurs AMD Ryzen s\u00e9rie 9000 et Intel Core Ultra.<br \/>\n&nbsp;<\/p>\n<\/section>\n<section>\n<div class=\"desc-image\"><span><img decoding=\"async\" alt=\"\" loading=\"lazy\" src=\"https:\/\/electrovideo.eu\/wp-content\/uploads\/2026\/04\/802-8.jpg\"><\/span><\/div>\n<div class=\"desc-text\">\n<h2>Caract\u00e9ristiques principales<\/h2>\n<ul>\n<li>\u00c9cran AMOLED incurv\u00e9 de 6.67&#8243; avec r\u00e9solution 2K<\/li>\n<li><strong>Version standard avec longueur de c\u00e2ble de 40 cm<\/strong><\/li>\n<li>Effets visuels 3D visibles \u00e0 l&#8217;\u0153il nu<\/li>\n<li>Biblioth\u00e8que de styles pr\u00e9charg\u00e9e<\/li>\n<li>Pompe puissante pour maintenir une temp\u00e9rature stable<\/li>\n<li>Compatible Aura Sync<\/li>\n<li>Ventilateurs ROG RYUO IV MF-12C ARGB<\/li>\n<li>Compatible avec les sockets Intel LGA 115x\/1200\/1700\/1851 et AMD AM4\/AM5<\/li>\n<li>Connecteur 3 broches aRGB + connecteur 4 broches + connecteur header USB 9 broches<\/li>\n<\/ul>\n<\/div>\n<\/section>\n<\/div><\/div>\n","protected":false},"excerpt":{"rendered":"<p>Kit de Watercooling ARGB pour processeur avec \u00e9cran de 6.67&#8243; AMOLED incurv\u00e9<\/p>\n","protected":false},"featured_media":234796,"comment_status":"open","ping_status":"closed","template":"","meta":{"_monsterinsights_skip_tracking":false,"_monsterinsights_sitenote_active":false,"_monsterinsights_sitenote_note":"","_monsterinsights_sitenote_category":0},"etheme_brands":[{"term_id":53,"name":"ASUS","slug":"asus","term_group":0,"term_taxonomy_id":53,"taxonomy":"brand","description":"","parent":0,"count":248,"filter":"raw"}],"product_brand":[],"product_cat":[30],"product_tag":[],"class_list":{"0":"post-234794","1":"product","2":"type-product","3":"status-publish","4":"has-post-thumbnail","6":"brand-asus","7":"product_cat-water-cooling","9":"first","10":"instock","11":"taxable","12":"shipping-taxable","13":"purchasable","14":"product-type-simple"},"_links":{"self":[{"href":"https:\/\/electrovideo.eu\/en\/wp-json\/wp\/v2\/product\/234794","targetHints":{"allow":["GET"]}}],"collection":[{"href":"https:\/\/electrovideo.eu\/en\/wp-json\/wp\/v2\/product"}],"about":[{"href":"https:\/\/electrovideo.eu\/en\/wp-json\/wp\/v2\/types\/product"}],"replies":[{"embeddable":true,"href":"https:\/\/electrovideo.eu\/en\/wp-json\/wp\/v2\/comments?post=234794"}],"version-history":[{"count":0,"href":"https:\/\/electrovideo.eu\/en\/wp-json\/wp\/v2\/product\/234794\/revisions"}],"wp:featuredmedia":[{"embeddable":true,"href":"https:\/\/electrovideo.eu\/en\/wp-json\/wp\/v2\/media\/234796"}],"wp:attachment":[{"href":"https:\/\/electrovideo.eu\/en\/wp-json\/wp\/v2\/media?parent=234794"}],"wp:term":[{"taxonomy":"brand","embeddable":true,"href":"https:\/\/electrovideo.eu\/en\/wp-json\/wp\/v2\/etheme_brands?post=234794"},{"taxonomy":"product_brand","embeddable":true,"href":"https:\/\/electrovideo.eu\/en\/wp-json\/wp\/v2\/product_brand?post=234794"},{"taxonomy":"product_cat","embeddable":true,"href":"https:\/\/electrovideo.eu\/en\/wp-json\/wp\/v2\/product_cat?post=234794"},{"taxonomy":"product_tag","embeddable":true,"href":"https:\/\/electrovideo.eu\/en\/wp-json\/wp\/v2\/product_tag?post=234794"}],"curies":[{"name":"wp","href":"https:\/\/api.w.org\/{rel}","templated":true}]}}