{"id":234726,"date":"2026-04-29T08:57:51","date_gmt":"2026-04-29T06:57:51","guid":{"rendered":"https:\/\/electrovideo.eu\/produit\/havn-hs420-doom-the-dark-ages-edition-limitee\/"},"modified":"2026-04-29T08:57:51","modified_gmt":"2026-04-29T06:57:51","slug":"havn-hs420-doom-the-dark-ages-edition-limitee","status":"publish","type":"product","link":"https:\/\/electrovideo.eu\/en\/product\/havn-hs420-doom-the-dark-ages-edition-limitee\/","title":{"rendered":"HAVN HS420 DOOM : The Dark Ages \u00c9dition Limit\u00e9e"},"content":{"rendered":"<div id=\"description\" class=\"description\">\n<div class=\"details-pdt-desc\">\n<h2 class=\"h2-master\">HAVN HS420 DOOM : &nbsp;l&#8217;ultime&nbsp;bo\u00eeter&nbsp;con\u00e7u pour tous les fans de DOOM<\/h2>\n<section>\n<p>Le<strong> HAVN HS420 DOOM : The Dark Ages Edition<\/strong> est le bo\u00eeter&nbsp;ultime pour tous les fans de <strong>DOOM.<\/strong> Ce bo\u00eetier moyen tour arbore les couleurs de l&#8217;armure du Slayer et il est orn\u00e9 de symboles ainsi que de runes s\u00e9rigraphi\u00e9s multicouches. Pour parfaire son sublime&nbsp;look, une bande LED s&#8217;illumine comme le n\u0153ud \u00e9nerg\u00e9tique de la combinaison Praetor du Slayer. Un impressionnant cr\u00e2ne magn\u00e9tique compl\u00e8te l&#8217;ensemble. Sous son esth\u00e9tique gothique saisissant&nbsp;se cache la <strong>structure hybride du HS420<\/strong>, une conception \u00e0 double chambre optimis\u00e9e pour le flux d&#8217;air et le refroidissement du GPU. Ce bo\u00eetier PC n&#8217;est pas qu&#8217;une simple question de style : c&#8217;est une pi\u00e8ce ma\u00eetresse incontournable pour tout fan de DOOM.&nbsp;<\/p>\n<\/section>\n<section>\n<div class=\"desc-image\"><span><img decoding=\"async\" alt=\"\" loading=\"lazy\" src=\"https:\/\/electrovideo.eu\/wp-content\/uploads\/2026\/04\/HS420Doom_800_1.jpg\"><\/span><\/div>\n<div class=\"desc-text\">\n<h2>Points forts<\/h2>\n<ul>\n<li>Impression&nbsp;multicouche aux couleurs de DOOM : L\u2019ext\u00e9rieur est de la m\u00eame couleur verte que l&#8217;armure du&nbsp;DOOM Slayer. Le chassis est&nbsp;rehauss\u00e9 de d\u00e9tails m\u00e9talliques \u00e9voquant l\u2019armure Praetor Suit, tandis que le panneau en verre tremp\u00e9 UniSheet et les surfaces int\u00e9rieures pr\u00e9sentent des sigils et des runes blancs s\u00e9rigraphi\u00e9s multicouches.&nbsp;<\/li>\n<li>Accessoire exclusif DOOM magn\u00e9tique en forme de cr\u00e2ne : un cr\u00e2ne stylis\u00e9 en m\u00e9tal magn\u00e9tique. Placez le grand cr\u00e2ne \u00e0 l\u2019int\u00e9rieur du bo\u00eetier pour recouvrir un r\u00e9servoir de refroidissement, ou fixez-le \u00e0 l\u2019ext\u00e9rieur comme un support pour casque audio au look radical. Votre troph\u00e9e, \u00e0 votre fa\u00e7on.&nbsp;&nbsp;<\/li>\n<li>\u00c9clairage RGB personnalisable inspir\u00e9 de DOOM : Inclut une bande LED RGB pour personnaliser votre configuration. Choisissez le rouge carmin pour recr\u00e9er l\u2019atmosph\u00e8re infernale de DOOM, ou personnalisez la teinte selon vos go\u00fbts.<\/li>\n<li>Conception optimis\u00e9e des performances thermiques avec ventilation de panneau personnalis\u00e9e, id\u00e9ale pour les ventilateurs de 140 mm (11 emplacements de ventilateurs au total) et les radiateurs jusqu&#8217;\u00e0 420 mm en haut, sur le c\u00f4t\u00e9 et en bas.<\/li>\n<li>Le syst\u00e8me de routage intuitif SimpliCable et le concentrateur de ventilateur organisent vos c\u00e2bles de mani\u00e8re propre et discr\u00e8te.<\/li>\n<li>Le support r\u00e9glable est con\u00e7u pour g\u00e9rer une large gamme de cartes graphiques de toutes formes et tailles tout en conservant une apparence soign\u00e9e.<\/li>\n<\/ul>\n<\/div>\n<\/section>\n<\/div><\/div>\n","protected":false},"excerpt":{"rendered":"<p>Bo\u00eetier Moyen Tour avec fen\u00eatre et fa\u00e7ade en verre tremp\u00e9<\/p>\n","protected":false},"featured_media":234728,"comment_status":"open","ping_status":"closed","template":"","meta":{"_monsterinsights_skip_tracking":false,"_monsterinsights_sitenote_active":false,"_monsterinsights_sitenote_note":"","_monsterinsights_sitenote_category":0},"etheme_brands":[{"term_id":5435,"name":"HAVN","slug":"havn","term_group":0,"term_taxonomy_id":5435,"taxonomy":"brand","description":"","parent":0,"count":6,"filter":"raw"}],"product_brand":[],"product_cat":[28],"product_tag":[],"class_list":{"0":"post-234726","1":"product","2":"type-product","3":"status-publish","4":"has-post-thumbnail","6":"brand-havn","7":"product_cat-tower-pc-case-box","9":"first","10":"instock","11":"taxable","12":"shipping-taxable","13":"purchasable","14":"product-type-simple"},"_links":{"self":[{"href":"https:\/\/electrovideo.eu\/en\/wp-json\/wp\/v2\/product\/234726","targetHints":{"allow":["GET"]}}],"collection":[{"href":"https:\/\/electrovideo.eu\/en\/wp-json\/wp\/v2\/product"}],"about":[{"href":"https:\/\/electrovideo.eu\/en\/wp-json\/wp\/v2\/types\/product"}],"replies":[{"embeddable":true,"href":"https:\/\/electrovideo.eu\/en\/wp-json\/wp\/v2\/comments?post=234726"}],"version-history":[{"count":0,"href":"https:\/\/electrovideo.eu\/en\/wp-json\/wp\/v2\/product\/234726\/revisions"}],"wp:featuredmedia":[{"embeddable":true,"href":"https:\/\/electrovideo.eu\/en\/wp-json\/wp\/v2\/media\/234728"}],"wp:attachment":[{"href":"https:\/\/electrovideo.eu\/en\/wp-json\/wp\/v2\/media?parent=234726"}],"wp:term":[{"taxonomy":"brand","embeddable":true,"href":"https:\/\/electrovideo.eu\/en\/wp-json\/wp\/v2\/etheme_brands?post=234726"},{"taxonomy":"product_brand","embeddable":true,"href":"https:\/\/electrovideo.eu\/en\/wp-json\/wp\/v2\/product_brand?post=234726"},{"taxonomy":"product_cat","embeddable":true,"href":"https:\/\/electrovideo.eu\/en\/wp-json\/wp\/v2\/product_cat?post=234726"},{"taxonomy":"product_tag","embeddable":true,"href":"https:\/\/electrovideo.eu\/en\/wp-json\/wp\/v2\/product_tag?post=234726"}],"curies":[{"name":"wp","href":"https:\/\/api.w.org\/{rel}","templated":true}]}}