{"id":234676,"date":"2026-04-29T09:25:45","date_gmt":"2026-04-29T07:25:45","guid":{"rendered":"https:\/\/electrovideo.eu\/produit\/thermaltake-view-170-ws-argb-blanc\/"},"modified":"2026-04-29T09:25:45","modified_gmt":"2026-04-29T07:25:45","slug":"thermaltake-view-170-ws-argb-blanc","status":"publish","type":"product","link":"https:\/\/electrovideo.eu\/en\/product\/thermaltake-view-170-ws-argb-blanc\/","title":{"rendered":"Thermaltake View 170 WS ARGB (Blanc)"},"content":{"rendered":"<div id=\"description\" class=\"description\">\n<div class=\"details-pdt-desc\">\n<h2 class=\"h2-master\">Thermaltake View 170 WS ARGB<\/h2>\n<section>\n<p>Profitez des nombreuses possibilit\u00e9s du boitier Micro Tour <strong>Thermaltake View 170 WS ARGB <\/strong>pour mettre au point une configuration performante. Compatible watercooling et disposant d\u00e9j\u00e0 de&nbsp;<strong>trois ventilateurs 120 mm ARGB<\/strong>, il offrira un environnement id\u00e9al pour vos composants. Il est \u00e9quip\u00e9 de <strong>deux parois en verre tremp\u00e9<\/strong> (fa\u00e7ade et un panneau lat\u00e9ral) et sera parfait pour installer vos cartes m\u00e8res Mini-ITX et Micro ATX. Le bo\u00eetier View 170 WS ARGB b\u00e9n\u00e9ficie d&#8217;\u00e9l\u00e9ments en bois dans sa partie basse, pour un look particuli\u00e8rement original et \u00e9l\u00e9gant.<br \/>&nbsp;<\/p>\n<\/section>\n<section>\n<div class=\"desc-image\"><span><img decoding=\"async\" alt=\"\" loading=\"lazy\" src=\"https:\/\/electrovideo.eu\/wp-content\/uploads\/2026\/04\/thermaltake_view_170_ws_argb_snow.jpg\"><\/span><\/div>\n<div class=\"desc-text\">\n<h2>De nombreuses opportunit\u00e9s<\/h2>\n<p>Le ch\u00e2ssis micro tour Thermaltake View 170 WS ARGB dispose d&#8217;une bonne extensibilit\u00e9. Il peut prendre en charge un refroidisseur de processeur d&#8217;une hauteur maximale de 160 mm, une carte graphique d&#8217;une longueur maximale de 340 mm et une alimentation d&#8217;une longueur maximale de 180 mm.<\/p>\n<p>Optimis\u00e9 pour une excellente capacit\u00e9 de refroidissement, le bo\u00eetier est livr\u00e9 avec trois ventilateurs ARGB de 120 mm. Pour la compatibilit\u00e9 des radiateurs de watercooling, il peut supporter un radiateur jusqu&#8217;\u00e0 280 mm sur la partie haute et 1 radiateur de 120 mm \u00e0 l&#8217;arri\u00e8re.<\/p>\n<\/div>\n<\/section>\n<section class=\"list\">\n<h2>Caract\u00e9ristiques principales :<\/h2>\n<ul>\n<li><strong>Boitier Micro Tour pour&nbsp;carte m\u00e8re Mini-ITX ou Micro-ATX<\/strong><\/li>\n<li>Fa\u00e7ade et paroi lat\u00e9rale en verre tremp\u00e9e et \u00e9l\u00e9ments en bois<\/li>\n<li>3 ventilateurs LED ARGB pr\u00e9install\u00e9s (1 x 120 mm \u00e0 l&#8217;arri\u00e8re &#8211; 2x 120 mm Reverse sur le c\u00f4t\u00e9)<\/li>\n<li>Technologie ARGB Edition compatible :&nbsp;Asus Aura Sync, MSI Mystic Light; Gigabyte RGB Fusion 2.0 ou Asrock Polychrome Sync<\/li>\n<li>Longueur max. alimentation : 180 mm<\/li>\n<li>Longueur max. carte graphique : 340 mm<\/li>\n<li>Hauteur du ventirad : 160 mm<\/li>\n<\/ul>\n<\/section>\n<\/div><\/div>\n","protected":false},"excerpt":{"rendered":"<p>Boitier Micro Tour avec parois en verre tremp\u00e9 et ventilateurs ARGB<\/p>\n","protected":false},"featured_media":234678,"comment_status":"open","ping_status":"closed","template":"","meta":{"_monsterinsights_skip_tracking":false,"_monsterinsights_sitenote_active":false,"_monsterinsights_sitenote_note":"","_monsterinsights_sitenote_category":0},"etheme_brands":[{"term_id":314,"name":"Thermaltake","slug":"thermaltake","term_group":0,"term_taxonomy_id":314,"taxonomy":"brand","description":"","parent":0,"count":37,"filter":"raw"}],"product_brand":[],"product_cat":[28],"product_tag":[],"class_list":{"0":"post-234676","1":"product","2":"type-product","3":"status-publish","4":"has-post-thumbnail","6":"brand-thermaltake","7":"product_cat-tower-pc-case-box","9":"first","10":"instock","11":"taxable","12":"shipping-taxable","13":"purchasable","14":"product-type-simple"},"_links":{"self":[{"href":"https:\/\/electrovideo.eu\/en\/wp-json\/wp\/v2\/product\/234676","targetHints":{"allow":["GET"]}}],"collection":[{"href":"https:\/\/electrovideo.eu\/en\/wp-json\/wp\/v2\/product"}],"about":[{"href":"https:\/\/electrovideo.eu\/en\/wp-json\/wp\/v2\/types\/product"}],"replies":[{"embeddable":true,"href":"https:\/\/electrovideo.eu\/en\/wp-json\/wp\/v2\/comments?post=234676"}],"version-history":[{"count":0,"href":"https:\/\/electrovideo.eu\/en\/wp-json\/wp\/v2\/product\/234676\/revisions"}],"wp:featuredmedia":[{"embeddable":true,"href":"https:\/\/electrovideo.eu\/en\/wp-json\/wp\/v2\/media\/234678"}],"wp:attachment":[{"href":"https:\/\/electrovideo.eu\/en\/wp-json\/wp\/v2\/media?parent=234676"}],"wp:term":[{"taxonomy":"brand","embeddable":true,"href":"https:\/\/electrovideo.eu\/en\/wp-json\/wp\/v2\/etheme_brands?post=234676"},{"taxonomy":"product_brand","embeddable":true,"href":"https:\/\/electrovideo.eu\/en\/wp-json\/wp\/v2\/product_brand?post=234676"},{"taxonomy":"product_cat","embeddable":true,"href":"https:\/\/electrovideo.eu\/en\/wp-json\/wp\/v2\/product_cat?post=234676"},{"taxonomy":"product_tag","embeddable":true,"href":"https:\/\/electrovideo.eu\/en\/wp-json\/wp\/v2\/product_tag?post=234676"}],"curies":[{"name":"wp","href":"https:\/\/api.w.org\/{rel}","templated":true}]}}