{"id":234665,"date":"2026-04-29T09:34:33","date_gmt":"2026-04-29T07:34:33","guid":{"rendered":"https:\/\/electrovideo.eu\/produit\/xigmatek-fenix-ii-360-noir\/"},"modified":"2026-04-29T09:34:33","modified_gmt":"2026-04-29T07:34:33","slug":"xigmatek-fenix-ii-360-noir","status":"publish","type":"product","link":"https:\/\/electrovideo.eu\/en\/product\/xigmatek-fenix-ii-360-noir\/","title":{"rendered":"Xigmatek Fenix II 360 Noir"},"content":{"rendered":"<div id=\"description\" class=\"description\">\n<div class=\"details-pdt-desc\">\n<h2 class=\"h2-master\">Refroidissement optimis\u00e9 avec Xigmatek<\/h2>\n<section>\n<p>Avec le kit watercooling Xigmatek Fenix II 360, offrez \u00e0 votre configuration un refroidissement optimis\u00e9. Profitez de composants de qualit\u00e9 avec pompe avec roulement c\u00e9ramique, radiateur aluminium, plaque de refroidissement en cuivre et 3 ventilateurs 120 mm ARGB.<br \/>\n&nbsp;<\/p>\n<\/section>\n<section>\n<div class=\"desc-image\"><span><img decoding=\"async\" alt=\"\" loading=\"lazy\" src=\"https:\/\/electrovideo.eu\/wp-content\/uploads\/2026\/04\/fenix_II_240_noir.jpg\"><\/span><\/div>\n<div class=\"desc-text\">\n<h2>Atouts du Xigmatek Fenix II 360<\/h2>\n<ul>\n<li>Radiateur en aluminium haute densit\u00e9 pour une dissipation thermique efficace<\/li>\n<li>Compatibilit\u00e9 avec les derniers supports Intel et AMD<\/li>\n<li>Pompe avec roulement c\u00e9ramique<\/li>\n<li>Design \u00e9l\u00e9gant avec ventilateurs ARGB 120 mm<\/li>\n<li>Contr\u00f4leur ARGB inclus pour une personnalisation facile<\/li>\n<li>P\u00e2te thermique incluse<\/li>\n<\/ul>\n<\/div>\n<\/section>\n<\/div><\/div>\n","protected":false},"excerpt":{"rendered":"<p>Kit de Watercooling 360 mm tout-en-un pour processeur avec \u00e9clairage ARGB pour socket Intel et AMD<\/p>\n","protected":false},"featured_media":234666,"comment_status":"open","ping_status":"closed","template":"","meta":{"_monsterinsights_skip_tracking":false,"_monsterinsights_sitenote_active":false,"_monsterinsights_sitenote_note":"","_monsterinsights_sitenote_category":0},"etheme_brands":[{"term_id":567,"name":"Xigmatek","slug":"xigmatek","term_group":0,"term_taxonomy_id":567,"taxonomy":"brand","description":"","parent":0,"count":17,"filter":"raw"}],"product_brand":[],"product_cat":[30],"product_tag":[],"class_list":{"0":"post-234665","1":"product","2":"type-product","3":"status-publish","4":"has-post-thumbnail","6":"brand-xigmatek","7":"product_cat-water-cooling","9":"first","10":"instock","11":"taxable","12":"shipping-taxable","13":"purchasable","14":"product-type-simple"},"_links":{"self":[{"href":"https:\/\/electrovideo.eu\/en\/wp-json\/wp\/v2\/product\/234665","targetHints":{"allow":["GET"]}}],"collection":[{"href":"https:\/\/electrovideo.eu\/en\/wp-json\/wp\/v2\/product"}],"about":[{"href":"https:\/\/electrovideo.eu\/en\/wp-json\/wp\/v2\/types\/product"}],"replies":[{"embeddable":true,"href":"https:\/\/electrovideo.eu\/en\/wp-json\/wp\/v2\/comments?post=234665"}],"version-history":[{"count":0,"href":"https:\/\/electrovideo.eu\/en\/wp-json\/wp\/v2\/product\/234665\/revisions"}],"wp:featuredmedia":[{"embeddable":true,"href":"https:\/\/electrovideo.eu\/en\/wp-json\/wp\/v2\/media\/234666"}],"wp:attachment":[{"href":"https:\/\/electrovideo.eu\/en\/wp-json\/wp\/v2\/media?parent=234665"}],"wp:term":[{"taxonomy":"brand","embeddable":true,"href":"https:\/\/electrovideo.eu\/en\/wp-json\/wp\/v2\/etheme_brands?post=234665"},{"taxonomy":"product_brand","embeddable":true,"href":"https:\/\/electrovideo.eu\/en\/wp-json\/wp\/v2\/product_brand?post=234665"},{"taxonomy":"product_cat","embeddable":true,"href":"https:\/\/electrovideo.eu\/en\/wp-json\/wp\/v2\/product_cat?post=234665"},{"taxonomy":"product_tag","embeddable":true,"href":"https:\/\/electrovideo.eu\/en\/wp-json\/wp\/v2\/product_tag?post=234665"}],"curies":[{"name":"wp","href":"https:\/\/api.w.org\/{rel}","templated":true}]}}