{"id":234659,"date":"2026-04-29T09:34:33","date_gmt":"2026-04-29T07:34:33","guid":{"rendered":"https:\/\/electrovideo.eu\/produit\/fox-spirit-lightflow-gx240-core\/"},"modified":"2026-04-29T09:34:33","modified_gmt":"2026-04-29T07:34:33","slug":"fox-spirit-lightflow-gx240-core","status":"publish","type":"product","link":"https:\/\/electrovideo.eu\/en\/product\/fox-spirit-lightflow-gx240-core\/","title":{"rendered":"Fox Spirit Lightflow GX240 Core"},"content":{"rendered":"<div id=\"description\" class=\"description\">\n<div class=\"details-pdt-desc\">\n<h2 class=\"h2-master\">Fox Spirit Lightflow GX240 Core<\/h2>\n<section>\n<p>Le<strong> watercooling AIO&nbsp;Lightflow GX240 Core<\/strong> propos\u00e9 par <strong>Fox Spirit <\/strong>sera le compagnon id\u00e9al de votre processeur pour assurer son refroidissement, y compris lors de l&#8217;overclocking. Le <strong>GX240 Core<\/strong> est dot\u00e9 de <strong>deux ventilateurs de 120 mm<\/strong> et <strong>un waterblock CPU avec une large base en cuivre sans oxyg\u00e8ne<\/strong> pour convenir \u00e0 la majorit\u00e9 des processeurs AMD et Intel. La base en cuivre sans oxyg\u00e8ne du waterblock assurera une dissipation thermique optimale de la chaleur g\u00e9n\u00e9r\u00e9e par votre processeur.<br \/>\n&nbsp;<\/p>\n<\/section>\n<section>\n<div class=\"desc-image\"><span><img decoding=\"async\" alt=\"\" loading=\"lazy\" src=\"https:\/\/electrovideo.eu\/wp-content\/uploads\/2026\/04\/fox_spirit_lightflow_gx240_core.jpg\"><\/span><\/div>\n<div class=\"desc-text\">\n<h2>Watercooling tout-en-un 240 mm<\/h2>\n<ul>\n<li><strong>Design sobre et \u00e9l\u00e9gant<\/strong>, sans r\u00e9tro\u00e9clairage<\/li>\n<li><strong>Compatibilit\u00e9 Intel <\/strong>: LGA115X \/ LGA1200 \/ LGA1700 \/ LGA2011&nbsp;\/ LGA2066<\/li>\n<li><strong>Compatibilit\u00e9 AMD<\/strong> : AM4 \/ AM5<\/li>\n<li><strong>2 ventilateurs PWM 120 mm<\/strong>&nbsp;(500-2200&nbsp;RPM)<\/li>\n<li>Pression statique : 3.2 mm H20<\/li>\n<li>Longueur des tuyaux : 400 mm<\/li>\n<li><strong>P\u00e2te thermique incluse<\/strong> (EX90)<\/li>\n<\/ul>\n<\/div>\n<\/section>\n<\/div><\/div>\n","protected":false},"excerpt":{"rendered":"<p>Kit de Watercooling 240 mm pour processeur<\/p>\n","protected":false},"featured_media":234661,"comment_status":"open","ping_status":"closed","template":"","meta":{"_monsterinsights_skip_tracking":false,"_monsterinsights_sitenote_active":false,"_monsterinsights_sitenote_note":"","_monsterinsights_sitenote_category":0},"etheme_brands":[{"term_id":4066,"name":"Fox Spirit","slug":"fox-spirit","term_group":0,"term_taxonomy_id":4066,"taxonomy":"brand","description":"","parent":0,"count":8,"filter":"raw"}],"product_brand":[],"product_cat":[30],"product_tag":[],"class_list":{"0":"post-234659","1":"product","2":"type-product","3":"status-publish","4":"has-post-thumbnail","6":"brand-fox-spirit","7":"product_cat-water-cooling","9":"first","10":"instock","11":"taxable","12":"shipping-taxable","13":"purchasable","14":"product-type-simple"},"_links":{"self":[{"href":"https:\/\/electrovideo.eu\/en\/wp-json\/wp\/v2\/product\/234659","targetHints":{"allow":["GET"]}}],"collection":[{"href":"https:\/\/electrovideo.eu\/en\/wp-json\/wp\/v2\/product"}],"about":[{"href":"https:\/\/electrovideo.eu\/en\/wp-json\/wp\/v2\/types\/product"}],"replies":[{"embeddable":true,"href":"https:\/\/electrovideo.eu\/en\/wp-json\/wp\/v2\/comments?post=234659"}],"version-history":[{"count":0,"href":"https:\/\/electrovideo.eu\/en\/wp-json\/wp\/v2\/product\/234659\/revisions"}],"wp:featuredmedia":[{"embeddable":true,"href":"https:\/\/electrovideo.eu\/en\/wp-json\/wp\/v2\/media\/234661"}],"wp:attachment":[{"href":"https:\/\/electrovideo.eu\/en\/wp-json\/wp\/v2\/media?parent=234659"}],"wp:term":[{"taxonomy":"brand","embeddable":true,"href":"https:\/\/electrovideo.eu\/en\/wp-json\/wp\/v2\/etheme_brands?post=234659"},{"taxonomy":"product_brand","embeddable":true,"href":"https:\/\/electrovideo.eu\/en\/wp-json\/wp\/v2\/product_brand?post=234659"},{"taxonomy":"product_cat","embeddable":true,"href":"https:\/\/electrovideo.eu\/en\/wp-json\/wp\/v2\/product_cat?post=234659"},{"taxonomy":"product_tag","embeddable":true,"href":"https:\/\/electrovideo.eu\/en\/wp-json\/wp\/v2\/product_tag?post=234659"}],"curies":[{"name":"wp","href":"https:\/\/api.w.org\/{rel}","templated":true}]}}