{"id":234631,"date":"2026-04-29T09:34:33","date_gmt":"2026-04-29T07:34:33","guid":{"rendered":"https:\/\/electrovideo.eu\/produit\/cooler-master-masterliquid-core-nex-digital-240-noir\/"},"modified":"2026-04-29T09:34:33","modified_gmt":"2026-04-29T07:34:33","slug":"cooler-master-masterliquid-core-nex-digital-240-noir","status":"publish","type":"product","link":"https:\/\/electrovideo.eu\/en\/product\/cooler-master-masterliquid-core-nex-digital-240-noir\/","title":{"rendered":"Cooler Master MasterLiquid Core Nex Digital 240 Noir"},"content":{"rendered":"<div id=\"description\" class=\"description\">\n<div class=\"details-pdt-desc\">\n<h2 class=\"h2-master\">Cooler Master MasterLiquid Core Nex Digital 240<\/h2>\n<section>\n<p>Con\u00e7u pour les passionn\u00e9s de performance et de personnalisation, le <strong>Cooler Master MasterLiquid Core Nex Digital 240<\/strong> combine refroidissement liquide performant et design moderne. Son radiateur de 240 mm associ\u00e9 \u00e0 deux ventilateurs ARGB de 120 mm assure une dissipation thermique efficace, id\u00e9ale pour les configurations gaming ou les stations de travail exigeantes.<\/p>\n<p>Au c\u0153ur du syst\u00e8me, un <strong>panneau num\u00e9rique hexagonal<\/strong> affiche en temps r\u00e9el les informations essentielles du syst\u00e8me (temp\u00e9rature, charge CPU, vitesses de ventilateurs ou de pompe), pour garder le contr\u00f4le en permanence. Gr\u00e2ce \u00e0 sa <strong>pompe \u00e0 double chambre brevet\u00e9e<\/strong>, optimis\u00e9e pour diriger le flux vers les points chauds du processeur, ce watercooling offre un refroidissement stable et silencieux. L\u2019installation est simplifi\u00e9e avec des ventilateurs pr\u00e9-mont\u00e9s, une <strong>p\u00e2te thermique CryoFuze pr\u00e9-appliqu\u00e9e<\/strong> et des tuyaux de 400 mm facilitant l\u2019int\u00e9gration dans la plupart des bo\u00eetiers.<br \/>\n&nbsp;<\/p>\n<\/section>\n<section>\n<div class=\"desc-image\"><span><img decoding=\"async\" alt=\"\" loading=\"lazy\" src=\"https:\/\/electrovideo.eu\/wp-content\/uploads\/2026\/04\/Cooler_Master_MasterLiquid_Core_Nex_Digital.jpg\"><\/span><\/div>\n<div class=\"desc-text\">\n<h2>Caract\u00e9ristiques principales<\/h2>\n<ul>\n<li>Watercooling AIO 240 mm avec radiateur aluminium<\/li>\n<li>2 ventilateurs ARGB 120 mm (PWM) pour un refroidissement efficace et personnalisable<\/li>\n<li><strong>Affichage num\u00e9rique int\u00e9gr\u00e9 sur la pompe<\/strong> : temp\u00e9rature, utilisation CPU, vitesses ventilateurs\/pompe<\/li>\n<li>Pompe \u00e0 double chambre brevet\u00e9e optimisant pression et flux vers le hotspot CPU<\/li>\n<li>Vitesse ventilateurs : 650 \u00e0 1750 RPM (PWM)<\/li>\n<li>D\u00e9bit d\u2019air jusqu\u2019\u00e0 71,93 CFM pour une dissipation thermique performante<\/li>\n<li><strong>Tuyaux de 400 mm<\/strong> pour une installation flexible dans le bo\u00eetier<\/li>\n<li><strong>Installation simplifi\u00e9e<\/strong> : ventilateurs pr\u00e9-install\u00e9s, p\u00e2te thermique pr\u00e9-appliqu\u00e9e<\/li>\n<li>Compatibilit\u00e9 \u00e9tendue Intel et AMD (dont LGA1700 \/ LGA1851 \/ AM4 \/ AM5)<\/li>\n<li>\u00c9clairage ARGB synchronisable avec votre configuration<\/li>\n<\/ul>\n<\/div>\n<\/section>\n<\/div><\/div>\n","protected":false},"excerpt":{"rendered":"<p>Kit de Watercooling ARGB 240mm tout-en-un pour processeur pour socket Intel et AMD<\/p>\n","protected":false},"featured_media":234633,"comment_status":"open","ping_status":"closed","template":"","meta":{"_monsterinsights_skip_tracking":false,"_monsterinsights_sitenote_active":false,"_monsterinsights_sitenote_note":"","_monsterinsights_sitenote_category":0},"etheme_brands":[{"term_id":331,"name":"Cooler Master","slug":"cooler-master","term_group":0,"term_taxonomy_id":331,"taxonomy":"brand","description":"","parent":0,"count":33,"filter":"raw"}],"product_brand":[],"product_cat":[30],"product_tag":[],"class_list":{"0":"post-234631","1":"product","2":"type-product","3":"status-publish","4":"has-post-thumbnail","6":"brand-cooler-master","7":"product_cat-water-cooling","9":"first","10":"instock","11":"taxable","12":"shipping-taxable","13":"purchasable","14":"product-type-simple"},"_links":{"self":[{"href":"https:\/\/electrovideo.eu\/en\/wp-json\/wp\/v2\/product\/234631","targetHints":{"allow":["GET"]}}],"collection":[{"href":"https:\/\/electrovideo.eu\/en\/wp-json\/wp\/v2\/product"}],"about":[{"href":"https:\/\/electrovideo.eu\/en\/wp-json\/wp\/v2\/types\/product"}],"replies":[{"embeddable":true,"href":"https:\/\/electrovideo.eu\/en\/wp-json\/wp\/v2\/comments?post=234631"}],"version-history":[{"count":0,"href":"https:\/\/electrovideo.eu\/en\/wp-json\/wp\/v2\/product\/234631\/revisions"}],"wp:featuredmedia":[{"embeddable":true,"href":"https:\/\/electrovideo.eu\/en\/wp-json\/wp\/v2\/media\/234633"}],"wp:attachment":[{"href":"https:\/\/electrovideo.eu\/en\/wp-json\/wp\/v2\/media?parent=234631"}],"wp:term":[{"taxonomy":"brand","embeddable":true,"href":"https:\/\/electrovideo.eu\/en\/wp-json\/wp\/v2\/etheme_brands?post=234631"},{"taxonomy":"product_brand","embeddable":true,"href":"https:\/\/electrovideo.eu\/en\/wp-json\/wp\/v2\/product_brand?post=234631"},{"taxonomy":"product_cat","embeddable":true,"href":"https:\/\/electrovideo.eu\/en\/wp-json\/wp\/v2\/product_cat?post=234631"},{"taxonomy":"product_tag","embeddable":true,"href":"https:\/\/electrovideo.eu\/en\/wp-json\/wp\/v2\/product_tag?post=234631"}],"curies":[{"name":"wp","href":"https:\/\/api.w.org\/{rel}","templated":true}]}}