{"id":234592,"date":"2026-04-29T09:39:28","date_gmt":"2026-04-29T07:39:28","guid":{"rendered":"https:\/\/electrovideo.eu\/produit\/cooler-master-masterliquid-360-core-ii-argb-blanc\/"},"modified":"2026-04-29T09:39:28","modified_gmt":"2026-04-29T07:39:28","slug":"cooler-master-masterliquid-360-core-ii-argb-blanc","status":"publish","type":"product","link":"https:\/\/electrovideo.eu\/en\/product\/cooler-master-masterliquid-360-core-ii-argb-blanc\/","title":{"rendered":"Cooler Master MasterLiquid 360 Core II ARGB Blanc"},"content":{"rendered":"<div id=\"description\" class=\"description\">\n<div class=\"details-pdt-desc\">\n<h2 class=\"h2-master\">Watercooling AiO Cooler Master MasterLiquid 360 Core II ARGB<\/h2>\n<section>\n<p>Le <strong>kit de Watercooling Cooler Master MasterLiquid Core II<\/strong> offre des fonctionnalit\u00e9s avanc\u00e9es avec une pompe \u00e0 double chambre G9R perfectionn\u00e9e pour des performances silencieuses. Le kit b\u00e9n\u00e9ficie d&#8217;une compatibilit\u00e9 CPU am\u00e9lior\u00e9e pour une flexibilit\u00e9 de montage totale. Avec un design \u00e0 miroir infini sur le couvercle de la pompe, des ventilateurs repens\u00e9s et am\u00e9lior\u00e9s et des tubes optimis\u00e9s pour une installation facile, le Core II est une solution \u00e0 la fois \u00e9l\u00e9gante et performante.<br \/>\n&nbsp;<\/p>\n<\/section>\n<section>\n<div class=\"desc-image\"><span><img decoding=\"async\" alt=\"\" loading=\"lazy\" src=\"https:\/\/electrovideo.eu\/wp-content\/uploads\/2026\/04\/801-5.jpg\"><\/span><\/div>\n<div class=\"desc-text\">\n<h2>Caract\u00e9ristiques principales<\/h2>\n<ul>\n<li>Pompe \u00e0 double chambre et couvercle de pompe avec effet miroir infini pour une esth\u00e9tique stellaire<\/li>\n<li>Ventilateurs ARGB 120 mm optimis\u00e9s pour les radiateurs de watercooling<\/li>\n<li>Connectique simplifi\u00e9e pour une meilleure gestion de c\u00e2bles<\/li>\n<li>P\u00e2te thermique haute conductivit\u00e9 CryoFuze<\/li>\n<\/ul>\n<\/div>\n<\/section>\n<\/div><\/div>\n","protected":false},"excerpt":{"rendered":"<p>Kit de Watercooling RGB tout-en-un pour processeur pour socket Intel et AMD<\/p>\n","protected":false},"featured_media":234593,"comment_status":"open","ping_status":"closed","template":"","meta":{"_monsterinsights_skip_tracking":false,"_monsterinsights_sitenote_active":false,"_monsterinsights_sitenote_note":"","_monsterinsights_sitenote_category":0},"etheme_brands":[{"term_id":331,"name":"Cooler Master","slug":"cooler-master","term_group":0,"term_taxonomy_id":331,"taxonomy":"brand","description":"","parent":0,"count":33,"filter":"raw"}],"product_brand":[],"product_cat":[30],"product_tag":[],"class_list":{"0":"post-234592","1":"product","2":"type-product","3":"status-publish","4":"has-post-thumbnail","6":"brand-cooler-master","7":"product_cat-water-cooling","9":"first","10":"instock","11":"taxable","12":"shipping-taxable","13":"purchasable","14":"product-type-simple"},"_links":{"self":[{"href":"https:\/\/electrovideo.eu\/en\/wp-json\/wp\/v2\/product\/234592","targetHints":{"allow":["GET"]}}],"collection":[{"href":"https:\/\/electrovideo.eu\/en\/wp-json\/wp\/v2\/product"}],"about":[{"href":"https:\/\/electrovideo.eu\/en\/wp-json\/wp\/v2\/types\/product"}],"replies":[{"embeddable":true,"href":"https:\/\/electrovideo.eu\/en\/wp-json\/wp\/v2\/comments?post=234592"}],"version-history":[{"count":0,"href":"https:\/\/electrovideo.eu\/en\/wp-json\/wp\/v2\/product\/234592\/revisions"}],"wp:featuredmedia":[{"embeddable":true,"href":"https:\/\/electrovideo.eu\/en\/wp-json\/wp\/v2\/media\/234593"}],"wp:attachment":[{"href":"https:\/\/electrovideo.eu\/en\/wp-json\/wp\/v2\/media?parent=234592"}],"wp:term":[{"taxonomy":"brand","embeddable":true,"href":"https:\/\/electrovideo.eu\/en\/wp-json\/wp\/v2\/etheme_brands?post=234592"},{"taxonomy":"product_brand","embeddable":true,"href":"https:\/\/electrovideo.eu\/en\/wp-json\/wp\/v2\/product_brand?post=234592"},{"taxonomy":"product_cat","embeddable":true,"href":"https:\/\/electrovideo.eu\/en\/wp-json\/wp\/v2\/product_cat?post=234592"},{"taxonomy":"product_tag","embeddable":true,"href":"https:\/\/electrovideo.eu\/en\/wp-json\/wp\/v2\/product_tag?post=234592"}],"curies":[{"name":"wp","href":"https:\/\/api.w.org\/{rel}","templated":true}]}}