{"id":234574,"date":"2026-04-29T09:39:28","date_gmt":"2026-04-29T07:39:28","guid":{"rendered":"https:\/\/electrovideo.eu\/produit\/thermaltake-th240-v3-argb-sync-noir\/"},"modified":"2026-04-29T09:39:28","modified_gmt":"2026-04-29T07:39:28","slug":"thermaltake-th240-v3-argb-sync-noir","status":"publish","type":"product","link":"https:\/\/electrovideo.eu\/en\/product\/thermaltake-th240-v3-argb-sync-noir\/","title":{"rendered":"Thermaltake TH240 V3 ARGB Sync (noir)"},"content":{"rendered":"<div id=\"description\" class=\"description\">\n<div class=\"details-pdt-desc\">\n<h2 class=\"h2-master\">Un watercooling AIO hautes performances et tr\u00e8s esth\u00e9tique !<\/h2>\n<section>\n<p>Faites connaitre \u00e0 votre PC une exp\u00e9rience de refroidissement liquide \u00e0 la fois puissante, \u00e9l\u00e9gante et hautement personnalisable gr\u00e2ce au <strong>Thermaltake TH240 V3 ARGB Sync<\/strong>. Con\u00e7u pour vous qui souhaitez b\u00e9n\u00e9ficier&nbsp;de r\u00e9elles performances,&nbsp;ce <strong>kit watercooling 240 mm<\/strong> combine une efficacit\u00e9 thermique remarquable avec un design soign\u00e9 int\u00e9grant des<strong> effets lumineux ARGB synchronisables<\/strong>. Ce kit a \u00e9t\u00e9 pens\u00e9 pour vous faire profiter d&#8217;un rendu visuel spectaculaire dans votre bo\u00eetier, tout en assurant une dissipation de chaleur optimale pour les processeurs les plus exigeants. Gr\u00e2ce \u00e0 sa compatibilit\u00e9 avec les principaux logiciels de synchronisation RGB des diverses&nbsp;cartes m\u00e8res du march\u00e9, ce kit trouvera parfaitement sa place dans votre&nbsp;configuration&nbsp;d\u00e9di\u00e9e au gaming ou \u00e0 la&nbsp;cr\u00e9ation de contenu.<\/p>\n<\/section>\n<section>\n<div class=\"desc-image\"><span><img decoding=\"async\" alt=\"\" loading=\"lazy\" src=\"https:\/\/electrovideo.eu\/wp-content\/uploads\/2026\/04\/TH360V3_800_1.jpg\"><\/span><\/div>\n<div class=\"desc-text\">\n<h2>Conception ing\u00e9nieuse<\/h2>\n<p>Le <strong>TH240&nbsp;V3 ARGB Sync<\/strong> ne se contente pas de refroidir : il met en lumi\u00e8re votre sublime configuration. Sa pompe au design carr\u00e9 est agr\u00e9ment\u00e9e d\u2019un effet miroir infini qui capte les regards, tout en offrant une couverture lumineuse ARGB sur toute la gamme de 16,8 millions de couleurs synchronisable via les logiciels ASUS Aura Sync, MSI Mystic Light Sync, GIGABYTE RGB Fusion ou ASRock Polychrome, le tout directement via la prise 5 V adressable RGB de votre carte m\u00e8re.<\/p>\n<\/div>\n<\/section>\n<section>\n<div class=\"desc-text\">\n<h2>Performances et&nbsp;installation simplifi\u00e9e<\/h2>\n<p>Derri\u00e8re l&#8217;esth\u00e9tique dynamique de ce <strong>kit TH240 V3 ARGB Sync<\/strong> se cache une architecture de refroidissement performante pr\u00eate \u00e0 affronter les charges intensives. <strong>Deux&nbsp;ventilateurs de 120 mm PWM<\/strong>, pouvant tourner jusqu\u2019\u00e0 2500 RPM, assurent un flux d\u2019air important et une pression statique \u00e9lev\u00e9e pour expulser rapidement la chaleur hors du radiateur &#8220;slim&#8221; de 27 mm. La conception \u00e0 cadre unique des ventilateurs r\u00e9duit l\u2019encombrement des c\u00e2bles, facilitant une installation propre et rapide, m\u00eame dans des configurations serr\u00e9es. De plus, la pompe de haute qualit\u00e9 combin\u00e9e \u00e0 une plaque de base en cuivre maximise la circulation du liquide et l\u2019\u00e9vacuation de la chaleur du c\u0153ur du CPU.<\/p>\n<\/div>\n<div class=\"desc-image\"><span><img decoding=\"async\" alt=\"\" loading=\"lazy\" src=\"https:\/\/electrovideo.eu\/wp-content\/uploads\/2026\/04\/TH240V3ARGB_Noir_800_2.jpg\"><\/span><\/div>\n<\/section>\n<section class=\"list\">\n<h2>Caract\u00e9ristiques principales :<\/h2>\n<ul>\n<li><strong>Kit watercooling AIO 240 mm<\/strong><\/li>\n<li>Pompe : Design carr\u00e9 avec effets infinity mirror<\/li>\n<li>Radiateur : 240 mm slim (27 mm) avec chambre en cuivre \u00e9paissie<\/li>\n<li>Ventilateurs : 2&nbsp;x 120 mm PWM<\/li>\n<li>Vitesse maximale des ventilateurs : jusqu\u2019\u00e0 2500 RPM<\/li>\n<li>D\u00e9bit d\u2019air par ventilateur : 85,29 CFM<\/li>\n<li>Pression statique : 3,86 mm-H\u2082O<\/li>\n<li>Niveau sonore : env. 37,8 dBA<\/li>\n<li>\u00c9clairage : ARGB 5 V synchronisable (16,8 M couleurs)<\/li>\n<li><strong>Compatibilit\u00e9 \u00e9tendue Intel &amp; AMD<\/strong> (LGA 2066\/2011\/1700, AM5\/AM4 etc.)<\/li>\n<li>Compatibilit\u00e9 RGB : Sync avec ASUS Aura Sync, GIGABYTE RGB Fusion, MSI Mystic Light, ASRock Polychrome<\/li>\n<li>Compatibilit\u00e9 syst\u00e8me : Windows 10 \/ 11<\/li>\n<\/ul>\n<\/section>\n<\/div><\/div>\n","protected":false},"excerpt":{"rendered":"<p>Kit de Watercooling tout-en-un pour processeur<\/p>\n","protected":false},"featured_media":234576,"comment_status":"open","ping_status":"closed","template":"","meta":{"_monsterinsights_skip_tracking":false,"_monsterinsights_sitenote_active":false,"_monsterinsights_sitenote_note":"","_monsterinsights_sitenote_category":0},"etheme_brands":[{"term_id":314,"name":"Thermaltake","slug":"thermaltake","term_group":0,"term_taxonomy_id":314,"taxonomy":"brand","description":"","parent":0,"count":37,"filter":"raw"}],"product_brand":[],"product_cat":[30],"product_tag":[],"class_list":{"0":"post-234574","1":"product","2":"type-product","3":"status-publish","4":"has-post-thumbnail","6":"brand-thermaltake","7":"product_cat-water-cooling","9":"first","10":"instock","11":"taxable","12":"shipping-taxable","13":"purchasable","14":"product-type-simple"},"_links":{"self":[{"href":"https:\/\/electrovideo.eu\/en\/wp-json\/wp\/v2\/product\/234574","targetHints":{"allow":["GET"]}}],"collection":[{"href":"https:\/\/electrovideo.eu\/en\/wp-json\/wp\/v2\/product"}],"about":[{"href":"https:\/\/electrovideo.eu\/en\/wp-json\/wp\/v2\/types\/product"}],"replies":[{"embeddable":true,"href":"https:\/\/electrovideo.eu\/en\/wp-json\/wp\/v2\/comments?post=234574"}],"version-history":[{"count":0,"href":"https:\/\/electrovideo.eu\/en\/wp-json\/wp\/v2\/product\/234574\/revisions"}],"wp:featuredmedia":[{"embeddable":true,"href":"https:\/\/electrovideo.eu\/en\/wp-json\/wp\/v2\/media\/234576"}],"wp:attachment":[{"href":"https:\/\/electrovideo.eu\/en\/wp-json\/wp\/v2\/media?parent=234574"}],"wp:term":[{"taxonomy":"brand","embeddable":true,"href":"https:\/\/electrovideo.eu\/en\/wp-json\/wp\/v2\/etheme_brands?post=234574"},{"taxonomy":"product_brand","embeddable":true,"href":"https:\/\/electrovideo.eu\/en\/wp-json\/wp\/v2\/product_brand?post=234574"},{"taxonomy":"product_cat","embeddable":true,"href":"https:\/\/electrovideo.eu\/en\/wp-json\/wp\/v2\/product_cat?post=234574"},{"taxonomy":"product_tag","embeddable":true,"href":"https:\/\/electrovideo.eu\/en\/wp-json\/wp\/v2\/product_tag?post=234574"}],"curies":[{"name":"wp","href":"https:\/\/api.w.org\/{rel}","templated":true}]}}