{"id":234572,"date":"2026-04-29T09:45:05","date_gmt":"2026-04-29T07:45:05","guid":{"rendered":"https:\/\/electrovideo.eu\/produit\/corsair-nautilus-240-rs-lcd-blanc\/"},"modified":"2026-04-29T09:45:05","modified_gmt":"2026-04-29T07:45:05","slug":"corsair-nautilus-240-rs-lcd-blanc","status":"publish","type":"product","link":"https:\/\/electrovideo.eu\/en\/product\/corsair-nautilus-240-rs-lcd-blanc\/","title":{"rendered":"Corsair Nautilus 240 RS LCD (Blanc)"},"content":{"rendered":"<div id=\"description\" class=\"description\">\n<div class=\"details-pdt-desc\">\n<h2 class=\"h2-master\">Silence, puissance et personnalisation<\/h2>\n<section>\n<p>Le <strong>Watercooling tout-en-un Corsair NAUTILUS 240 RS LCD<\/strong> offre une solution de refroidissement AIO aussi performante que spectaculaire pour les amateurs de silence et de personnalisation. Con\u00e7u pour les sockets <strong>Intel LGA 1851\/1700<\/strong> et <strong>AMD AM5\/AM4<\/strong>, ce mod\u00e8le allie efficacit\u00e9 thermique, contr\u00f4le pr\u00e9cis et affichage immersif gr\u00e2ce \u00e0 un <strong>\u00e9cran LCD IPS de 2,1&#8243;<\/strong> ultra lumineux.<\/p>\n<p><strong>Affichez vos informations syst\u00e8me ou votre style personnel<\/strong>&nbsp;: Gr\u00e2ce \u00e0 son <strong>\u00e9cran IPS 480 x 480 \u00e0 30 FPS<\/strong> d\u2019une luminosit\u00e9 impressionnante de <strong>600 cd\/m\u00b2<\/strong>, vous pouvez suivre la temp\u00e9rature de votre processeur ou afficher vos GIFs et m\u00e8mes pr\u00e9f\u00e9r\u00e9s via l\u2019int\u00e9gration <strong>GIPHY<\/strong> du logiciel <strong>iCUE<\/strong>. Plus qu\u2019un simple outil de monitoring, cet \u00e9cran devient une v\u00e9ritable vitrine personnalisable dans votre configuration.<\/p>\n<p>Con\u00e7u autour du moteur de pompe <strong>FlowDrive<\/strong> d\u00e9velopp\u00e9 par les ing\u00e9nieurs de CORSAIR, ce syst\u00e8me assure un <strong>d\u00e9bit \u00e9lev\u00e9<\/strong> avec un niveau sonore r\u00e9duit, pour des performances thermiques de pointe. La <strong>plaque froide en cuivre<\/strong> \u00e0 la surface convexe maximise le contact avec le processeur pour une dissipation thermique optimale, acc\u00e9l\u00e9rant \u00e0 la fois l&#8217;installation et l&#8217;efficacit\u00e9 du refroidissement.<\/p>\n<p>Les deux ventilateurs <strong>RS120 \u00e0 pression statique \u00e9lev\u00e9e<\/strong> \u00e9quip\u00e9s de roulements \u00e0 d\u00f4me magn\u00e9tique et de la technologie <strong>AirGuide<\/strong> assurent un flux d\u2019air cibl\u00e9 et puissant. Le contr\u00f4le <strong>PWM<\/strong> permet de r\u00e9gler la vitesse jusqu\u2019\u00e0 <strong>2 100 tr\/min<\/strong>, avec prise en charge du <strong>mode Zero RPM<\/strong> pour un silence total \u00e0 basse temp\u00e9rature. Le tout fonctionne \u00e0 un niveau sonore minimal de seulement <strong>20 dBA<\/strong>.<\/p>\n<p>L\u2019installation est simple et rapide : un seul c\u00e2ble USB 2.0 suffit pour activer l\u2019\u00e9cran LCD. Les <strong>connexions en s\u00e9rie<\/strong> entre les ventilateurs r\u00e9duisent l\u2019encombrement des c\u00e2bles, rendant le montage plus propre et intuitif. Compatible avec le logiciel <strong>iCUE<\/strong> (via contr\u00f4leur vendu s\u00e9par\u00e9ment), ce syst\u00e8me s\u2019int\u00e8gre parfaitement \u00e0 votre \u00e9cosyst\u00e8me CORSAIR pour un contr\u00f4le avanc\u00e9. Et avec une <strong>garantie de 5 ans<\/strong> et un support mondial, vous pouvez investir l\u2019esprit tranquille.<\/p>\n<\/section>\n<section class=\"list\">\n<h2>Caract\u00e9ristiques principales :<\/h2>\n<ul>\n<li><strong>\u00c9cran LCD IPS 2,1&#8243; 480 x 480<\/strong> : affichage haute d\u00e9finition \u00e0 30 FPS et 600 cd\/m\u00b2<\/li>\n<li><strong>Int\u00e9gration iCUE avec support GIPHY<\/strong> : personnalisation dynamique de l\u2019affichage<\/li>\n<li><strong>Plaque froide en cuivre convexe<\/strong> : contact thermique optimis\u00e9 pour un refroidissement renforc\u00e9<\/li>\n<li><strong>Pompe FlowDrive triphas\u00e9e<\/strong> : d\u00e9bit \u00e9lev\u00e9, fonctionnement ultra silencieux<\/li>\n<li><strong>Ventilateurs RS120<\/strong> : pression statique \u00e9lev\u00e9e et technologie AirGuide<\/li>\n<li><strong>Contr\u00f4le PWM<\/strong> : vitesse r\u00e9glable jusqu\u2019\u00e0 2 100 tr\/min avec mode Zero RPM<\/li>\n<li><strong>Niveau sonore bas<\/strong> : seulement 20 dBA en fonctionnement standard<\/li>\n<li><strong>Compatibilit\u00e9 \u00e9tendue<\/strong> : Intel LGA 1851\/1700 et AMD AM5\/AM4<\/li>\n<li><strong>Longueur des tuyaux de 400 mm<\/strong> : flexibilit\u00e9 d\u2019installation dans divers bo\u00eetiers<\/li>\n<li><strong>Garantie 5 ans<\/strong> : assistance technique mondiale CORSAIR<\/li>\n<\/ul>\n<\/section>\n<\/div><\/div>\n","protected":false},"excerpt":{"rendered":"<p>Watercooling tout-en-un 240 mm pour processeur avec \u00e9cran LCD 2.1&#8243;<\/p>\n","protected":false},"featured_media":234573,"comment_status":"open","ping_status":"closed","template":"","meta":{"_monsterinsights_skip_tracking":false,"_monsterinsights_sitenote_active":false,"_monsterinsights_sitenote_note":"","_monsterinsights_sitenote_category":0},"etheme_brands":[{"term_id":43,"name":"Corsair","slug":"corsair","term_group":0,"term_taxonomy_id":43,"taxonomy":"brand","description":"","parent":0,"count":182,"filter":"raw"}],"product_brand":[],"product_cat":[30],"product_tag":[],"class_list":{"0":"post-234572","1":"product","2":"type-product","3":"status-publish","4":"has-post-thumbnail","6":"brand-corsair","7":"product_cat-water-cooling","9":"first","10":"instock","11":"taxable","12":"shipping-taxable","13":"purchasable","14":"product-type-simple"},"_links":{"self":[{"href":"https:\/\/electrovideo.eu\/en\/wp-json\/wp\/v2\/product\/234572","targetHints":{"allow":["GET"]}}],"collection":[{"href":"https:\/\/electrovideo.eu\/en\/wp-json\/wp\/v2\/product"}],"about":[{"href":"https:\/\/electrovideo.eu\/en\/wp-json\/wp\/v2\/types\/product"}],"replies":[{"embeddable":true,"href":"https:\/\/electrovideo.eu\/en\/wp-json\/wp\/v2\/comments?post=234572"}],"version-history":[{"count":0,"href":"https:\/\/electrovideo.eu\/en\/wp-json\/wp\/v2\/product\/234572\/revisions"}],"wp:featuredmedia":[{"embeddable":true,"href":"https:\/\/electrovideo.eu\/en\/wp-json\/wp\/v2\/media\/234573"}],"wp:attachment":[{"href":"https:\/\/electrovideo.eu\/en\/wp-json\/wp\/v2\/media?parent=234572"}],"wp:term":[{"taxonomy":"brand","embeddable":true,"href":"https:\/\/electrovideo.eu\/en\/wp-json\/wp\/v2\/etheme_brands?post=234572"},{"taxonomy":"product_brand","embeddable":true,"href":"https:\/\/electrovideo.eu\/en\/wp-json\/wp\/v2\/product_brand?post=234572"},{"taxonomy":"product_cat","embeddable":true,"href":"https:\/\/electrovideo.eu\/en\/wp-json\/wp\/v2\/product_cat?post=234572"},{"taxonomy":"product_tag","embeddable":true,"href":"https:\/\/electrovideo.eu\/en\/wp-json\/wp\/v2\/product_tag?post=234572"}],"curies":[{"name":"wp","href":"https:\/\/api.w.org\/{rel}","templated":true}]}}