{"id":234491,"date":"2026-04-29T10:07:23","date_gmt":"2026-04-29T08:07:23","guid":{"rendered":"https:\/\/electrovideo.eu\/produit\/textorm-16-go-ddr5-5600-mhz-cl46\/"},"modified":"2026-04-29T10:07:23","modified_gmt":"2026-04-29T08:07:23","slug":"textorm-16-go-ddr5-5600-mhz-cl46","status":"publish","type":"product","link":"https:\/\/electrovideo.eu\/en\/product\/textorm-16-go-ddr5-5600-mhz-cl46\/","title":{"rendered":"Textorm 16 Go DDR5 5600 MHz CL46"},"content":{"rendered":"<div id=\"description\" class=\"description\">\n<div class=\"details-pdt-desc\">\n<h2 class=\"h2-master\">Passez \u00e0 la vitesse sup\u00e9rieure avec la DDR5<\/h2>\n<section>\n<p>La<strong> RAM Textorm 16 Go DDR5 5600 MHz CL46<\/strong> est id\u00e9ale pour l&#8217;int\u00e9gration ou pour r\u00e9aliser un upgrade PC. Cette <strong>m\u00e9moire vive performante<\/strong> fonctionne \u00e0 une <strong>tension de 1.1&nbsp;Volts<\/strong>&nbsp;(XMP) et est <strong>\u00e9quip\u00e9e de radiateurs<\/strong> pour une meilleure dissipation de la chaleur.<\/p>\n<\/section>\n<section>\n<div class=\"desc-image\"><span><img decoding=\"async\" alt=\"\" loading=\"lazy\" src=\"https:\/\/electrovideo.eu\/wp-content\/uploads\/2025\/09\/textorm_ddr5_udimm_001.jpg\"><\/span><\/div>\n<div class=\"desc-text\">\n<h2>L&#8217;efficacit\u00e9 \u00e0 co\u00fbt maitris\u00e9<\/h2>\n<p>Les RAM Textorm sont abordables, performantes et fiables. Parfaitement adapt\u00e9es \u00e0 l&#8217;int\u00e9gration, elles permettent de concevoir des PC performants dot\u00e9s d&#8217;un excellent rapport qualit\u00e9 prix. Et dans le cadre d&#8217;un upgrade, elles permettent d&#8217;atteindre un niveau de performances sup\u00e9rieur&nbsp;pour un co\u00fbt r\u00e9duit. Les dissipateurs sont parfaitement ajust\u00e9s sur le c\u00f4t\u00e9 des modules et ne d\u00e9passent pas en hauteur pour une compatibilit\u00e9 maximale avec un grand nombre de cartes m\u00e8res et de syst\u00e8mes de refroidissement processeur.&nbsp;<\/p>\n<p>&nbsp;<\/p>\n<\/div>\n<\/section>\n<section>\n<div class=\"desc-text\">\n<h2>Une seule priorit\u00e9, la fiabilit\u00e9<\/h2>\n<p>Les m\u00e9moires Textorm se concentrent uniquement sur l\u2019essentiel : un contr\u00f4le qualit\u00e9 optimal et un prix plancher. C\u2019est pourquoi vous n\u2019y trouverez ni LED affichant des millions de couleurs, ni peinture \u00e0 paillettes, ni radiateur en titane de carton d\u00e9sign\u00e9 par un grand couturier. Les barrettes Textorm sont en revanche bas\u00e9es sur les puces des plus grands constructeurs (Micron, Samsung, \u2026) et subissent syst\u00e9matiquement une batterie de tests rigoureux afin d\u2019assurer une excellente fiabilit\u00e9 \u00e0 long terme. N\u2019est-ce pas le principal ?<br \/>\n&nbsp;<\/p>\n<\/div>\n<div class=\"desc-image\"><span><img decoding=\"async\" alt=\"\" loading=\"lazy\" src=\"https:\/\/electrovideo.eu\/wp-content\/uploads\/2025\/09\/textorm_ddr5_udimm_002.jpg\"><\/span><\/div>\n<\/section>\n<\/div><\/div>\n","protected":false},"excerpt":{"rendered":"<p>RAM DDR5 PC5-44800 &#8211; TXU16G2A56C46<\/p>\n","protected":false},"featured_media":234492,"comment_status":"open","ping_status":"closed","template":"","meta":{"_monsterinsights_skip_tracking":false,"_monsterinsights_sitenote_active":false,"_monsterinsights_sitenote_note":"","_monsterinsights_sitenote_category":0},"etheme_brands":[{"term_id":388,"name":"Textorm","slug":"textorm","term_group":0,"term_taxonomy_id":388,"taxonomy":"brand","description":"","parent":0,"count":14,"filter":"raw"}],"product_brand":[],"product_cat":[27],"product_tag":[],"class_list":{"0":"post-234491","1":"product","2":"type-product","3":"status-publish","4":"has-post-thumbnail","6":"brand-textorm","7":"product_cat-memory-ram","9":"first","10":"instock","11":"taxable","12":"shipping-taxable","13":"purchasable","14":"product-type-simple"},"_links":{"self":[{"href":"https:\/\/electrovideo.eu\/en\/wp-json\/wp\/v2\/product\/234491","targetHints":{"allow":["GET"]}}],"collection":[{"href":"https:\/\/electrovideo.eu\/en\/wp-json\/wp\/v2\/product"}],"about":[{"href":"https:\/\/electrovideo.eu\/en\/wp-json\/wp\/v2\/types\/product"}],"replies":[{"embeddable":true,"href":"https:\/\/electrovideo.eu\/en\/wp-json\/wp\/v2\/comments?post=234491"}],"version-history":[{"count":0,"href":"https:\/\/electrovideo.eu\/en\/wp-json\/wp\/v2\/product\/234491\/revisions"}],"wp:featuredmedia":[{"embeddable":true,"href":"https:\/\/electrovideo.eu\/en\/wp-json\/wp\/v2\/media\/234492"}],"wp:attachment":[{"href":"https:\/\/electrovideo.eu\/en\/wp-json\/wp\/v2\/media?parent=234491"}],"wp:term":[{"taxonomy":"brand","embeddable":true,"href":"https:\/\/electrovideo.eu\/en\/wp-json\/wp\/v2\/etheme_brands?post=234491"},{"taxonomy":"product_brand","embeddable":true,"href":"https:\/\/electrovideo.eu\/en\/wp-json\/wp\/v2\/product_brand?post=234491"},{"taxonomy":"product_cat","embeddable":true,"href":"https:\/\/electrovideo.eu\/en\/wp-json\/wp\/v2\/product_cat?post=234491"},{"taxonomy":"product_tag","embeddable":true,"href":"https:\/\/electrovideo.eu\/en\/wp-json\/wp\/v2\/product_tag?post=234491"}],"curies":[{"name":"wp","href":"https:\/\/api.w.org\/{rel}","templated":true}]}}