{"id":234478,"date":"2026-04-29T10:08:14","date_gmt":"2026-04-29T08:08:14","guid":{"rendered":"https:\/\/electrovideo.eu\/produit\/viper-gaming-venom-16-go-2x-8-go-ddr5-5600-mhz-cl40\/"},"modified":"2026-04-29T10:08:14","modified_gmt":"2026-04-29T08:08:14","slug":"viper-gaming-venom-16-go-2x-8-go-ddr5-5600-mhz-cl40","status":"publish","type":"product","link":"https:\/\/electrovideo.eu\/en\/product\/viper-gaming-venom-16-go-2x-8-go-ddr5-5600-mhz-cl40\/","title":{"rendered":"Viper Gaming Venom 16 Go (2x 8 Go) DDR5 5600 MHz CL40"},"content":{"rendered":"<div id=\"description\" class=\"description\">\n<div class=\"details-pdt-desc\">\n<h2 class=\"h2-master\">Performance et fiabilit\u00e9 avec Viper Venom DDR5<\/h2>\n<section>\n<p>Lib\u00e9rez toute la puissance de votre syst\u00e8me avec les barrettes de m\u00e9moire <strong>Viper Venom DDR5<\/strong> ! Con\u00e7ues pour les passionn\u00e9s de performances pures, elles sont optimis\u00e9es pour les plateformes DDR5 les plus r\u00e9centes, ces barrettes allient vitesse exceptionnelle, stabilit\u00e9 renforc\u00e9e et fiabilit\u00e9 haut de gamme pour r\u00e9pondre aux exigences des joueurs, cr\u00e9ateurs et utilisateurs intensifs. &nbsp;<br \/>\n&nbsp;<\/p>\n<\/section>\n<section>\n<div class=\"desc-image\"><span><img decoding=\"async\" alt=\"\" loading=\"lazy\" src=\"https:\/\/electrovideo.eu\/wp-content\/uploads\/2026\/04\/viper_venom_ddr5_non-rgb.jpg\"><\/span><\/div>\n<div class=\"desc-text\">\n<h2>Viper Gaming Venom<\/h2>\n<p>Les modules Viper Venom DDR5 offrent des performances impressionnantes avec des vitesses \u00e9lev\u00e9es, propulsant la r\u00e9activit\u00e9 de votre PC \u00e0 un niveau sup\u00e9rieur. Con\u00e7us avec des composants en aluminium de qualit\u00e9 sup\u00e9rieure et test\u00e9s \u00e0 100 % \u00e0 la main, ces modules garantissent efficacit\u00e9 et fiabilit\u00e9.<\/p>\n<p>Gr\u00e2ce \u00e0 leur gestion thermique et \u00e9nerg\u00e9tique innovante, ils fonctionnent de mani\u00e8re efficace tout en maintenant une faible consommation et une long\u00e9vit\u00e9 accrue. La Viper Venom DDR5 int\u00e8gre \u00e9galement une technologie PMIC d\u00e9bloqu\u00e9e, permettant de lib\u00e9rer toute la puissance de l\u2019overclocking via le profil <strong>Intel XMP 3.0<\/strong>, pour exploiter facilement les param\u00e8tres optimaux de performance de votre m\u00e9moire.<\/p>\n<\/div>\n<\/section>\n<\/div><\/div>\n","protected":false},"excerpt":{"rendered":"<p>Kit Dual Channel 2 barrettes de RAM DDR5 PC5-44800 &#8211; PVV516G560C40K<\/p>\n","protected":false},"featured_media":234480,"comment_status":"open","ping_status":"closed","template":"","meta":{"_monsterinsights_skip_tracking":false,"_monsterinsights_sitenote_active":false,"_monsterinsights_sitenote_note":"","_monsterinsights_sitenote_category":0},"etheme_brands":[],"product_brand":[],"product_cat":[27],"product_tag":[],"class_list":{"0":"post-234478","1":"product","2":"type-product","3":"status-publish","4":"has-post-thumbnail","6":"product_cat-memory-ram","8":"first","9":"instock","10":"taxable","11":"shipping-taxable","12":"purchasable","13":"product-type-simple"},"_links":{"self":[{"href":"https:\/\/electrovideo.eu\/en\/wp-json\/wp\/v2\/product\/234478","targetHints":{"allow":["GET"]}}],"collection":[{"href":"https:\/\/electrovideo.eu\/en\/wp-json\/wp\/v2\/product"}],"about":[{"href":"https:\/\/electrovideo.eu\/en\/wp-json\/wp\/v2\/types\/product"}],"replies":[{"embeddable":true,"href":"https:\/\/electrovideo.eu\/en\/wp-json\/wp\/v2\/comments?post=234478"}],"version-history":[{"count":0,"href":"https:\/\/electrovideo.eu\/en\/wp-json\/wp\/v2\/product\/234478\/revisions"}],"wp:featuredmedia":[{"embeddable":true,"href":"https:\/\/electrovideo.eu\/en\/wp-json\/wp\/v2\/media\/234480"}],"wp:attachment":[{"href":"https:\/\/electrovideo.eu\/en\/wp-json\/wp\/v2\/media?parent=234478"}],"wp:term":[{"taxonomy":"brand","embeddable":true,"href":"https:\/\/electrovideo.eu\/en\/wp-json\/wp\/v2\/etheme_brands?post=234478"},{"taxonomy":"product_brand","embeddable":true,"href":"https:\/\/electrovideo.eu\/en\/wp-json\/wp\/v2\/product_brand?post=234478"},{"taxonomy":"product_cat","embeddable":true,"href":"https:\/\/electrovideo.eu\/en\/wp-json\/wp\/v2\/product_cat?post=234478"},{"taxonomy":"product_tag","embeddable":true,"href":"https:\/\/electrovideo.eu\/en\/wp-json\/wp\/v2\/product_tag?post=234478"}],"curies":[{"name":"wp","href":"https:\/\/api.w.org\/{rel}","templated":true}]}}