{"id":234445,"date":"2026-04-29T10:10:09","date_gmt":"2026-04-29T08:10:09","guid":{"rendered":"https:\/\/electrovideo.eu\/produit\/kingston-server-premier-32-go-ddr4-3200-mhz-ecc-registered-cl22-2rx8\/"},"modified":"2026-04-29T10:10:09","modified_gmt":"2026-04-29T08:10:09","slug":"kingston-server-premier-32-go-ddr4-3200-mhz-ecc-registered-cl22-2rx8","status":"publish","type":"product","link":"https:\/\/electrovideo.eu\/en\/product\/kingston-server-premier-32-go-ddr4-3200-mhz-ecc-registered-cl22-2rx8\/","title":{"rendered":"Kingston Server Premier 32 Go DDR4 3200 MHz ECC Registered CL22 2Rx8"},"content":{"rendered":"<div id=\"description\" class=\"description\">\n<h2>Kingston DDR4 : des modules hautes performances<\/h2>\n<p>La <strong>m\u00e9moire Server Premier de Kingston<\/strong>&nbsp;est sp\u00e9cialement con\u00e7ue pour les syst\u00e8mes de serveurs critiques, qui exigent une stabilit\u00e9 et une disponibilit\u00e9 maximales. Ces mod\u00e8les ont \u00e9t\u00e9 mis au point pour r\u00e9pondre aux besoins particuliers des clients des datacenters et Cloud, ainsi que des int\u00e9grateurs de syst\u00e8me et des PME.<br \/>\n&nbsp;<\/p>\n<p><strong>Caract\u00e9ristiques principales :<\/strong><br \/>\n&nbsp;<\/p>\n<ul>\n<li><strong>32 Go DDR4 PC4-25600 3200 MHz<\/strong><\/li>\n<li>CL22-22-22<\/li>\n<li>ECC Registered<\/li>\n<li>Tension : 1.2V<\/li>\n<li>Dual Rank : 2Rx8<\/li>\n<\/ul><\/div>\n","protected":false},"excerpt":{"rendered":"<p>RAM DDR4 PC4-25600 &#8211; KSM32RD8\/32HCR &#8211; 16 Gbit Hynix C Rambus<\/p>\n","protected":false},"featured_media":234446,"comment_status":"open","ping_status":"closed","template":"","meta":{"_monsterinsights_skip_tracking":false,"_monsterinsights_sitenote_active":false,"_monsterinsights_sitenote_note":"","_monsterinsights_sitenote_category":0},"etheme_brands":[{"term_id":382,"name":"Kingston","slug":"kingston","term_group":0,"term_taxonomy_id":382,"taxonomy":"brand","description":"","parent":0,"count":106,"filter":"raw"}],"product_brand":[],"product_cat":[27],"product_tag":[],"class_list":{"0":"post-234445","1":"product","2":"type-product","3":"status-publish","4":"has-post-thumbnail","6":"brand-kingston","7":"product_cat-memory-ram","9":"first","10":"instock","11":"taxable","12":"shipping-taxable","13":"purchasable","14":"product-type-simple"},"_links":{"self":[{"href":"https:\/\/electrovideo.eu\/en\/wp-json\/wp\/v2\/product\/234445","targetHints":{"allow":["GET"]}}],"collection":[{"href":"https:\/\/electrovideo.eu\/en\/wp-json\/wp\/v2\/product"}],"about":[{"href":"https:\/\/electrovideo.eu\/en\/wp-json\/wp\/v2\/types\/product"}],"replies":[{"embeddable":true,"href":"https:\/\/electrovideo.eu\/en\/wp-json\/wp\/v2\/comments?post=234445"}],"version-history":[{"count":0,"href":"https:\/\/electrovideo.eu\/en\/wp-json\/wp\/v2\/product\/234445\/revisions"}],"wp:featuredmedia":[{"embeddable":true,"href":"https:\/\/electrovideo.eu\/en\/wp-json\/wp\/v2\/media\/234446"}],"wp:attachment":[{"href":"https:\/\/electrovideo.eu\/en\/wp-json\/wp\/v2\/media?parent=234445"}],"wp:term":[{"taxonomy":"brand","embeddable":true,"href":"https:\/\/electrovideo.eu\/en\/wp-json\/wp\/v2\/etheme_brands?post=234445"},{"taxonomy":"product_brand","embeddable":true,"href":"https:\/\/electrovideo.eu\/en\/wp-json\/wp\/v2\/product_brand?post=234445"},{"taxonomy":"product_cat","embeddable":true,"href":"https:\/\/electrovideo.eu\/en\/wp-json\/wp\/v2\/product_cat?post=234445"},{"taxonomy":"product_tag","embeddable":true,"href":"https:\/\/electrovideo.eu\/en\/wp-json\/wp\/v2\/product_tag?post=234445"}],"curies":[{"name":"wp","href":"https:\/\/api.w.org\/{rel}","templated":true}]}}