{"id":234377,"date":"2026-04-29T10:15:01","date_gmt":"2026-04-29T08:15:01","guid":{"rendered":"https:\/\/electrovideo.eu\/produit\/kingston-fury-impact-so-dimm-32-go-2-x-16-go-ddr5-6400-mhz-cl38\/"},"modified":"2026-04-29T10:15:01","modified_gmt":"2026-04-29T08:15:01","slug":"kingston-fury-impact-so-dimm-32-go-2-x-16-go-ddr5-6400-mhz-cl38","status":"publish","type":"product","link":"https:\/\/electrovideo.eu\/en\/product\/kingston-fury-impact-so-dimm-32-go-2-x-16-go-ddr5-6400-mhz-cl38\/","title":{"rendered":"Kingston FURY Impact SO-DIMM 32 Go (2 x 16 Go) DDR5 6400 MHz CL38"},"content":{"rendered":"<div id=\"description\" class=\"description\">\n<div class=\"details-pdt-desc\">\n<h2 class=\"h2-master\">Kingston FURY Impact : petit format, grandes performances<\/h2>\n<section>\n<p>Offrez \u00e0 votre ordinateur portable ou votre machine compacte une technologie de m\u00e9moire de pointe avec la DDR5 Kingston FURY Impact ! M\u00e9moire SO-DIMM certifi\u00e9e Intel XMP 3.0, la RAM DDR5 Kingston FURY Impact r\u00e9unit toutes les fonctionnalit\u00e9s am\u00e9lior\u00e9es de la DDR5 dans un format fin et compact. La technologie innovante d\u2019overclocking Plug and Play de la DDR5 Kingston FURY Impact prend automatiquement en charge le 4 800 MT\/s avec des latences plus faibles \u00e0 1,1 V, ce qui permet \u00e0 votre syst\u00e8me de gagner en performances sans devoir activer de profil.<br \/>\n&nbsp;<\/p>\n<\/section>\n<section class=\"list\">\n<h2>Caract\u00e9ristiques principales :<\/h2>\n<ul>\n<li><strong>RAM SO-DIMM DDR5<\/strong> (2 modules de 16 Go)<\/li>\n<li>Format SODIMM 262 broches<\/li>\n<li>Fr\u00e9quence : <strong>6400 MHz<\/strong><\/li>\n<li>Norme : PC5-51200<\/li>\n<li>Latences : <strong>CL38 <\/strong>(38-40-40)<\/li>\n<li>Tension : 1.35 Volts<\/li>\n<\/ul>\n<\/section>\n<\/div><\/div>\n","protected":false},"excerpt":{"rendered":"<p>Kit Dual Channel 2 barrettes de RAM SO-DIMM DDR5 PC5-51200 &#8211; KF564S38IBK2-32<\/p>\n","protected":false},"featured_media":234378,"comment_status":"open","ping_status":"closed","template":"","meta":{"_monsterinsights_skip_tracking":false,"_monsterinsights_sitenote_active":false,"_monsterinsights_sitenote_note":"","_monsterinsights_sitenote_category":0},"etheme_brands":[{"term_id":382,"name":"Kingston","slug":"kingston","term_group":0,"term_taxonomy_id":382,"taxonomy":"brand","description":"","parent":0,"count":106,"filter":"raw"}],"product_brand":[],"product_cat":[27],"product_tag":[],"class_list":{"0":"post-234377","1":"product","2":"type-product","3":"status-publish","4":"has-post-thumbnail","6":"brand-kingston","7":"product_cat-memory-ram","9":"first","10":"instock","11":"taxable","12":"shipping-taxable","13":"purchasable","14":"product-type-simple"},"_links":{"self":[{"href":"https:\/\/electrovideo.eu\/en\/wp-json\/wp\/v2\/product\/234377","targetHints":{"allow":["GET"]}}],"collection":[{"href":"https:\/\/electrovideo.eu\/en\/wp-json\/wp\/v2\/product"}],"about":[{"href":"https:\/\/electrovideo.eu\/en\/wp-json\/wp\/v2\/types\/product"}],"replies":[{"embeddable":true,"href":"https:\/\/electrovideo.eu\/en\/wp-json\/wp\/v2\/comments?post=234377"}],"version-history":[{"count":0,"href":"https:\/\/electrovideo.eu\/en\/wp-json\/wp\/v2\/product\/234377\/revisions"}],"wp:featuredmedia":[{"embeddable":true,"href":"https:\/\/electrovideo.eu\/en\/wp-json\/wp\/v2\/media\/234378"}],"wp:attachment":[{"href":"https:\/\/electrovideo.eu\/en\/wp-json\/wp\/v2\/media?parent=234377"}],"wp:term":[{"taxonomy":"brand","embeddable":true,"href":"https:\/\/electrovideo.eu\/en\/wp-json\/wp\/v2\/etheme_brands?post=234377"},{"taxonomy":"product_brand","embeddable":true,"href":"https:\/\/electrovideo.eu\/en\/wp-json\/wp\/v2\/product_brand?post=234377"},{"taxonomy":"product_cat","embeddable":true,"href":"https:\/\/electrovideo.eu\/en\/wp-json\/wp\/v2\/product_cat?post=234377"},{"taxonomy":"product_tag","embeddable":true,"href":"https:\/\/electrovideo.eu\/en\/wp-json\/wp\/v2\/product_tag?post=234377"}],"curies":[{"name":"wp","href":"https:\/\/api.w.org\/{rel}","templated":true}]}}