{"id":234363,"date":"2026-04-29T10:16:22","date_gmt":"2026-04-29T08:16:22","guid":{"rendered":"https:\/\/electrovideo.eu\/produit\/g-skill-trident-z5-ck-rgb-48-go-2-x-24-go-ddr5-8400-mhz-cl40-noir\/"},"modified":"2026-04-29T10:16:22","modified_gmt":"2026-04-29T08:16:22","slug":"g-skill-trident-z5-ck-rgb-48-go-2-x-24-go-ddr5-8400-mhz-cl40-noir","status":"publish","type":"product","link":"https:\/\/electrovideo.eu\/en\/product\/g-skill-trident-z5-ck-rgb-48-go-2-x-24-go-ddr5-8400-mhz-cl40-noir\/","title":{"rendered":"G.Skill Trident Z5 CK RGB 48 Go (2 x 24 Go) DDR5 8400 MHz CL40 &#8211; Noir"},"content":{"rendered":"<div id=\"description\" class=\"description\">\n<div class=\"details-pdt-desc\">\n<h2 class=\"h2-master\">Trident Z5 CK RGB : La DDR5 haute fr\u00e9quence selon G.Skill<\/h2>\n<section>\n<p>La s\u00e9rie <strong>G.Skill Trident Z5 CK RGB <\/strong>est la m\u00e9moire DDR5 CU-DIMM phare du constructeur qui est dot\u00e9e d&#8217;un pilote d&#8217;horloge int\u00e9gr\u00e9 (CKD) pour la stabilit\u00e9 du signal et d&#8217;un <strong>dissipateur thermique \u00e9l\u00e9gant en finition noir brillan<\/strong>t. Con\u00e7ue avec des puces m\u00e9moire s\u00e9lectionn\u00e9es manuellement, la s\u00e9rie Trident Z5 CK RGB est le choix de m\u00e9moire id\u00e9al pour les utilisateurs souhaitant pousser les fr\u00e9quences lors d&#8217;overclocking. L&#8217;\u00e9clairage RGB apporte par ailleurs une touche gaming assum\u00e9e.<\/p>\n<\/section>\n<section>\n<div class=\"desc-image\"><span><img decoding=\"async\" alt=\"\" loading=\"lazy\" src=\"https:\/\/electrovideo.eu\/wp-content\/uploads\/2026\/04\/gskill_trident_z5_ck_rgb.jpg\"><\/span><\/div>\n<div class=\"desc-text\">\n<h2>Points forts<\/h2>\n<ul>\n<li>Format CU-DIMM, nouvelle variante de m\u00e9moire DDR5, dot\u00e9e d&#8217;un pilote d&#8217;horloge int\u00e9gr\u00e9 (CKD) sur le module de m\u00e9moire. La puce CKD renforce le signal d&#8217;horloge du contr\u00f4leur de m\u00e9moire, donnant un signal plus clair et am\u00e9liorant la stabilit\u00e9 permettant le fonctionnement \u00e0 haute fr\u00e9quence.<\/li>\n<li>D\u00e9velopp\u00e9 et optimis\u00e9 pour les plateformes Intel gr\u00e2ce aux profils XMP 3.0<\/li>\n<li>La s\u00e9rie Trident Z5 CK RGB est dot\u00e9e de dissipateurs de chaleur en alliage d&#8217;aluminium finition miroir apportant un design esth\u00e9tique, \u00e9l\u00e9gant et \u00e9pur\u00e9 \u00e0 votre configuration.<\/li>\n<li>Barre lumineuse profil\u00e9e dot\u00e9 d&#8217;un \u00e9clairage RGB contr\u00f4lable via le logiciel G.Skill ou celui de votre carte m\u00e8re.<\/li>\n<\/ul>\n<\/div>\n<\/section>\n<\/div><\/div>\n","protected":false},"excerpt":{"rendered":"<p>Kit Dual Channel 2 barrettes de RAM DDR5 PC5-67200 &#8211; F5-8400C4052G24GX2-TZ5CRK<\/p>\n","protected":false},"featured_media":234364,"comment_status":"open","ping_status":"closed","template":"","meta":{"_monsterinsights_skip_tracking":false,"_monsterinsights_sitenote_active":false,"_monsterinsights_sitenote_note":"","_monsterinsights_sitenote_category":0},"etheme_brands":[{"term_id":419,"name":"G.Skill","slug":"g-skill","term_group":0,"term_taxonomy_id":419,"taxonomy":"brand","description":"","parent":0,"count":183,"filter":"raw"}],"product_brand":[],"product_cat":[27],"product_tag":[],"class_list":{"0":"post-234363","1":"product","2":"type-product","3":"status-publish","4":"has-post-thumbnail","6":"brand-g-skill","7":"product_cat-memory-ram","9":"first","10":"instock","11":"taxable","12":"shipping-taxable","13":"purchasable","14":"product-type-simple"},"_links":{"self":[{"href":"https:\/\/electrovideo.eu\/en\/wp-json\/wp\/v2\/product\/234363","targetHints":{"allow":["GET"]}}],"collection":[{"href":"https:\/\/electrovideo.eu\/en\/wp-json\/wp\/v2\/product"}],"about":[{"href":"https:\/\/electrovideo.eu\/en\/wp-json\/wp\/v2\/types\/product"}],"replies":[{"embeddable":true,"href":"https:\/\/electrovideo.eu\/en\/wp-json\/wp\/v2\/comments?post=234363"}],"version-history":[{"count":0,"href":"https:\/\/electrovideo.eu\/en\/wp-json\/wp\/v2\/product\/234363\/revisions"}],"wp:featuredmedia":[{"embeddable":true,"href":"https:\/\/electrovideo.eu\/en\/wp-json\/wp\/v2\/media\/234364"}],"wp:attachment":[{"href":"https:\/\/electrovideo.eu\/en\/wp-json\/wp\/v2\/media?parent=234363"}],"wp:term":[{"taxonomy":"brand","embeddable":true,"href":"https:\/\/electrovideo.eu\/en\/wp-json\/wp\/v2\/etheme_brands?post=234363"},{"taxonomy":"product_brand","embeddable":true,"href":"https:\/\/electrovideo.eu\/en\/wp-json\/wp\/v2\/product_brand?post=234363"},{"taxonomy":"product_cat","embeddable":true,"href":"https:\/\/electrovideo.eu\/en\/wp-json\/wp\/v2\/product_cat?post=234363"},{"taxonomy":"product_tag","embeddable":true,"href":"https:\/\/electrovideo.eu\/en\/wp-json\/wp\/v2\/product_tag?post=234363"}],"curies":[{"name":"wp","href":"https:\/\/api.w.org\/{rel}","templated":true}]}}