{"id":234351,"date":"2026-04-29T10:17:57","date_gmt":"2026-04-29T08:17:57","guid":{"rendered":"https:\/\/electrovideo.eu\/produit\/g-skill-ripjaws-s5-low-profile-64-go-2-x-32-go-ddr5-6000-mhz-cl28-blanc\/"},"modified":"2026-04-29T10:17:57","modified_gmt":"2026-04-29T08:17:57","slug":"g-skill-ripjaws-s5-low-profile-64-go-2-x-32-go-ddr5-6000-mhz-cl28-blanc","status":"publish","type":"product","link":"https:\/\/electrovideo.eu\/en\/product\/g-skill-ripjaws-s5-low-profile-64-go-2-x-32-go-ddr5-6000-mhz-cl28-blanc\/","title":{"rendered":"G.Skill RipJaws S5 Low Profile 64 Go (2 x 32 Go) DDR5 6000 MHz CL28 &#8211; Blanc"},"content":{"rendered":"<div id=\"description\" class=\"description\">\n<div class=\"details-pdt-desc\">\n<h2 class=\"h2-master\">RipJaws S5 : Optez pour la DDR5 hautes performances <\/h2>\n<section>\n<p>La m\u00e9moire <strong>G.Skill Ripjaws S5 DDR5 <\/strong>low profile propose de hautes performances con\u00e7ues pour les derni\u00e8res plateformes compatibles DDR5. Chaque module Ripjaws S5 est cr\u00e9\u00e9 avec des circuits int\u00e9gr\u00e9s de m\u00e9moire haute performance s\u00e9lectionn\u00e9s \u00e0 la main qui ont subi des tests de performance G.Skill stricts pour offrir les meilleures performances, compatibilit\u00e9 et stabilit\u00e9. Disponible en noir mat ou en blanc mat, le design des Ripjaws S5 convient parfaitement \u00e0 tous les PC pour les joueurs et les moddeurs.<\/p>\n<\/section>\n<section>\n<div class=\"desc-image\"><span><img decoding=\"async\" alt=\"\" loading=\"lazy\" src=\"https:\/\/electrovideo.eu\/wp-content\/uploads\/2025\/09\/gskill_ripjaws_s5.jpg\"><\/span><\/div>\n<div class=\"desc-text\">\n<h2>Performances et haute compatibilit\u00e9<\/h2>\n<p>La s\u00e9rie Ripjaws S5 de nouvelle g\u00e9n\u00e9ration adopte un design chromatique minimaliste inspir\u00e9 des rayures et des grilles de course classiques, disponible en noir mat ou en blanc mat pour correspondre \u00e0 une grande vari\u00e9t\u00e9 de th\u00e8mes de construction PC.<\/p>\n<p>Avec une hauteur de seulement 33 mm, la m\u00e9moire Ripjaws S5 est un choix id\u00e9al pour les PC mini-ITX compacts ou les syst\u00e8mes avec de grands ventirads.<\/p>\n<\/div>\n<\/section>\n<\/div><\/div>\n","protected":false},"excerpt":{"rendered":"<p>Kit Dual Channel 2 barrettes de RAM DDR5 PC5-48000 &#8211; F5-6000J2836G32GX2-RS5W<\/p>\n","protected":false},"featured_media":234352,"comment_status":"open","ping_status":"closed","template":"","meta":{"_monsterinsights_skip_tracking":false,"_monsterinsights_sitenote_active":false,"_monsterinsights_sitenote_note":"","_monsterinsights_sitenote_category":0},"etheme_brands":[{"term_id":419,"name":"G.Skill","slug":"g-skill","term_group":0,"term_taxonomy_id":419,"taxonomy":"brand","description":"","parent":0,"count":183,"filter":"raw"}],"product_brand":[],"product_cat":[27],"product_tag":[],"class_list":{"0":"post-234351","1":"product","2":"type-product","3":"status-publish","4":"has-post-thumbnail","6":"brand-g-skill","7":"product_cat-memory-ram","9":"first","10":"instock","11":"taxable","12":"shipping-taxable","13":"purchasable","14":"product-type-simple"},"_links":{"self":[{"href":"https:\/\/electrovideo.eu\/en\/wp-json\/wp\/v2\/product\/234351","targetHints":{"allow":["GET"]}}],"collection":[{"href":"https:\/\/electrovideo.eu\/en\/wp-json\/wp\/v2\/product"}],"about":[{"href":"https:\/\/electrovideo.eu\/en\/wp-json\/wp\/v2\/types\/product"}],"replies":[{"embeddable":true,"href":"https:\/\/electrovideo.eu\/en\/wp-json\/wp\/v2\/comments?post=234351"}],"version-history":[{"count":0,"href":"https:\/\/electrovideo.eu\/en\/wp-json\/wp\/v2\/product\/234351\/revisions"}],"wp:featuredmedia":[{"embeddable":true,"href":"https:\/\/electrovideo.eu\/en\/wp-json\/wp\/v2\/media\/234352"}],"wp:attachment":[{"href":"https:\/\/electrovideo.eu\/en\/wp-json\/wp\/v2\/media?parent=234351"}],"wp:term":[{"taxonomy":"brand","embeddable":true,"href":"https:\/\/electrovideo.eu\/en\/wp-json\/wp\/v2\/etheme_brands?post=234351"},{"taxonomy":"product_brand","embeddable":true,"href":"https:\/\/electrovideo.eu\/en\/wp-json\/wp\/v2\/product_brand?post=234351"},{"taxonomy":"product_cat","embeddable":true,"href":"https:\/\/electrovideo.eu\/en\/wp-json\/wp\/v2\/product_cat?post=234351"},{"taxonomy":"product_tag","embeddable":true,"href":"https:\/\/electrovideo.eu\/en\/wp-json\/wp\/v2\/product_tag?post=234351"}],"curies":[{"name":"wp","href":"https:\/\/api.w.org\/{rel}","templated":true}]}}