{"id":234297,"date":"2026-04-29T10:23:52","date_gmt":"2026-04-29T08:23:52","guid":{"rendered":"https:\/\/electrovideo.eu\/produit\/g-skill-trident-z5-neo-rgb-series-64-go-2-x-32-go-ddr5-6000-mhz-cl36-blanc\/"},"modified":"2026-04-29T10:23:52","modified_gmt":"2026-04-29T08:23:52","slug":"g-skill-trident-z5-neo-rgb-series-64-go-2-x-32-go-ddr5-6000-mhz-cl36-blanc","status":"publish","type":"product","link":"https:\/\/electrovideo.eu\/en\/product\/g-skill-trident-z5-neo-rgb-series-64-go-2-x-32-go-ddr5-6000-mhz-cl36-blanc\/","title":{"rendered":"G.Skill Trident Z5 Neo RGB Series 64 Go (2 x 32 Go) DDR5 6000 MHz CL36 &#8211; Blanc"},"content":{"rendered":"<div id=\"description\" class=\"description\">\n<div class=\"details-pdt-desc\">\n<h2 class=\"h2-master\">Hautes performances sur les plateformes AMD<\/h2>\n<section>\n<p>Con\u00e7ue pour la g\u00e9n\u00e9ration de processeurs AMD Ryzen AM5, la gamme de m\u00e9moires G.Skill Trident Z5 Neo RGB Series apportera performance et style \u00e0 votre configuration ! Id\u00e9ale pour les PC Gamer haut de gamme, cette gamme de m\u00e9moire est compatible AMD EXPO, pour un overclocking facile.<br \/>\n&nbsp;<\/p>\n<\/section>\n<section>\n<div class=\"desc-image\"><span><img decoding=\"async\" alt=\"\" loading=\"lazy\" src=\"https:\/\/electrovideo.eu\/wp-content\/uploads\/2025\/09\/801-5.jpg\"><\/span><\/div>\n<div class=\"desc-text\">\n<h2>Design Gamer avec \u00e9clairage RGB<\/h2>\n<p>Avec des \u00e9l\u00e9ments de design Hypercar et un radiateur en aluminium bross\u00e9, avec usinage CNC et coloris noir mat, la m\u00e9moire RAM Trident Z5 Neo RGB Series affiche un look Gamer \u00e9l\u00e9gant. Elle b\u00e9n\u00e9ficie aussi d&#8217;une barre lumineuse RGB int\u00e9gr\u00e9e au radiateur. Le mode arc-en-ciel est par d\u00e9faut, mais vous pourrez t\u00e9l\u00e9charger le logiciel d\u00e9di\u00e9 afin de d\u00e9couvrir les effets et les couleurs pour personnaliser vos barrettes. Aucune alimentation suppl\u00e9mentaire ne sera n\u00e9cessaire.<\/p>\n<\/div>\n<\/section>\n<section>\n<div class=\"desc-text\">\n<h2>Compatibilit\u00e9 AMD EXPO<\/h2>\n<p>Id\u00e9ale pour l&#8217;overclocking, la La m\u00e9moire RAM G.Skill Trident Z5 Neo RGB Series est compatible AMD EXPO (EXtented Profiles for Overclocking). Cette innovation permettra un overclocking facile et rapide depuis le BIOS, avec une carte m\u00e8re et un processeur compatibles.<\/p>\n<\/div>\n<div class=\"desc-image\"><span><img decoding=\"async\" alt=\"\" loading=\"lazy\" src=\"https:\/\/electrovideo.eu\/wp-content\/uploads\/2025\/09\/802-4.jpg\"><\/span><\/div>\n<\/section>\n<\/div><\/div>\n","protected":false},"excerpt":{"rendered":"<p>Kit Dual Channel 2 barrettes de RAM DDR5 PC5-48000 &#8211; F5-6000J3636F32GX2-TZ5NRW &#8211; Optimis\u00e9 pour AMD<\/p>\n","protected":false},"featured_media":234298,"comment_status":"open","ping_status":"closed","template":"","meta":{"_monsterinsights_skip_tracking":false,"_monsterinsights_sitenote_active":false,"_monsterinsights_sitenote_note":"","_monsterinsights_sitenote_category":0},"etheme_brands":[{"term_id":419,"name":"G.Skill","slug":"g-skill","term_group":0,"term_taxonomy_id":419,"taxonomy":"brand","description":"","parent":0,"count":183,"filter":"raw"}],"product_brand":[],"product_cat":[27],"product_tag":[],"class_list":{"0":"post-234297","1":"product","2":"type-product","3":"status-publish","4":"has-post-thumbnail","6":"brand-g-skill","7":"product_cat-memory-ram","9":"first","10":"instock","11":"taxable","12":"shipping-taxable","13":"purchasable","14":"product-type-simple"},"_links":{"self":[{"href":"https:\/\/electrovideo.eu\/en\/wp-json\/wp\/v2\/product\/234297","targetHints":{"allow":["GET"]}}],"collection":[{"href":"https:\/\/electrovideo.eu\/en\/wp-json\/wp\/v2\/product"}],"about":[{"href":"https:\/\/electrovideo.eu\/en\/wp-json\/wp\/v2\/types\/product"}],"replies":[{"embeddable":true,"href":"https:\/\/electrovideo.eu\/en\/wp-json\/wp\/v2\/comments?post=234297"}],"version-history":[{"count":0,"href":"https:\/\/electrovideo.eu\/en\/wp-json\/wp\/v2\/product\/234297\/revisions"}],"wp:featuredmedia":[{"embeddable":true,"href":"https:\/\/electrovideo.eu\/en\/wp-json\/wp\/v2\/media\/234298"}],"wp:attachment":[{"href":"https:\/\/electrovideo.eu\/en\/wp-json\/wp\/v2\/media?parent=234297"}],"wp:term":[{"taxonomy":"brand","embeddable":true,"href":"https:\/\/electrovideo.eu\/en\/wp-json\/wp\/v2\/etheme_brands?post=234297"},{"taxonomy":"product_brand","embeddable":true,"href":"https:\/\/electrovideo.eu\/en\/wp-json\/wp\/v2\/product_brand?post=234297"},{"taxonomy":"product_cat","embeddable":true,"href":"https:\/\/electrovideo.eu\/en\/wp-json\/wp\/v2\/product_cat?post=234297"},{"taxonomy":"product_tag","embeddable":true,"href":"https:\/\/electrovideo.eu\/en\/wp-json\/wp\/v2\/product_tag?post=234297"}],"curies":[{"name":"wp","href":"https:\/\/api.w.org\/{rel}","templated":true}]}}