{"id":234281,"date":"2026-04-29T10:24:56","date_gmt":"2026-04-29T08:24:56","guid":{"rendered":"https:\/\/electrovideo.eu\/produit\/g-skill-ripjaws-m5-neo-rgb-64-go-2-x-32-go-ddr5-6000-mhz-cl30-noir\/"},"modified":"2026-04-29T10:24:56","modified_gmt":"2026-04-29T08:24:56","slug":"g-skill-ripjaws-m5-neo-rgb-64-go-2-x-32-go-ddr5-6000-mhz-cl30-noir","status":"publish","type":"product","link":"https:\/\/electrovideo.eu\/en\/product\/g-skill-ripjaws-m5-neo-rgb-64-go-2-x-32-go-ddr5-6000-mhz-cl30-noir\/","title":{"rendered":"G.Skill Ripjaws M5 Neo RGB 64 Go (2 x 32 Go) DDR5 6000 MHz CL30 &#8211; Noir"},"content":{"rendered":"<div id=\"description\" class=\"description\">\n<div class=\"details-pdt-desc\">\n<h2 class=\"h2-master\">Ripjaws M5 Neo RGB : La DDR5 RGB performante et esth\u00e9tique<\/h2>\n<section>\n<p>Les <strong>G.Skill Ripjaws M5 Neo RGB<\/strong> sont une s\u00e9rie de m\u00e9moires RAM DDR5 d\u00e9di\u00e9e aux configurations AMD. Elles sont performantes et con\u00e7ues pour les joueurs et les personnes \u00e0 la recherche de la performance. Dot\u00e9s de <strong>dissipateurs de chaleur en aluminium mat<\/strong> noir ou blanc du plus bel effet et d&#8217;un \u00e9clairage RGB personnalisable, les modules Ripjaws M5 Neo RGB propos\u00e9s par G.Skill sont disponibles dans une large gamme de capacit\u00e9s et de fr\u00e9quences afin de s&#8217;adapter \u00e0 une grande vari\u00e9t\u00e9 de configurations.<\/p>\n<\/section>\n<section>\n<div class=\"desc-image\"><span><img decoding=\"async\" alt=\"\" loading=\"lazy\" src=\"https:\/\/electrovideo.eu\/wp-content\/uploads\/2025\/09\/gskill_ripjaws_m5_neo_rgb_black.jpg\"><\/span><\/div>\n<div class=\"desc-text\">\n<h2>Ponts forts<\/h2>\n<ul>\n<li>La s\u00e9rie Ripjaws M5 Neo RGB est con\u00e7ue pour extraire le potentiel de vitesse de la m\u00e9moire DDR5 dans le but d&#8217;apporter des performances \u00e9lev\u00e9es aux joueurs et overclockeurs.<\/li>\n<li>La m\u00e9moire DRAM DDR5 de la s\u00e9rie Ripjaws M5 Neo RGB est munie avec de dissipateurs de chaleur en aluminium mat et prend en charge un \u00e9clairage <strong>RGB personnalisable<\/strong>.<\/li>\n<li>Chaque kit de m\u00e9moire Ripjaws M5 est test\u00e9 selon le processus de validation rigoureux de G.Skill.<\/li>\n<li>Vous pouvez utiliser les logiciels Asus Aura Sync, Gigabyte RGB Fusion, MSI Mystic Light ou ASRock Polychrome Sync pour personnaliser les couleurs et les effets de votre m\u00e9moire Ripjaws M5 RGB sur les cartes m\u00e8res compatibles.<\/li>\n<li>Profils AMD EXPO<\/li>\n<\/ul>\n<\/div>\n<\/section>\n<\/div><\/div>\n","protected":false},"excerpt":{"rendered":"<p>Kit Dual Channel 2 barrettes de RAM DDR5 PC5-48000 &#8211; F5-6000J3040G32GX2-RM5NRK &#8211; Optimis\u00e9 pour AMD<\/p>\n","protected":false},"featured_media":234282,"comment_status":"open","ping_status":"closed","template":"","meta":{"_monsterinsights_skip_tracking":false,"_monsterinsights_sitenote_active":false,"_monsterinsights_sitenote_note":"","_monsterinsights_sitenote_category":0},"etheme_brands":[{"term_id":419,"name":"G.Skill","slug":"g-skill","term_group":0,"term_taxonomy_id":419,"taxonomy":"brand","description":"","parent":0,"count":183,"filter":"raw"}],"product_brand":[],"product_cat":[27],"product_tag":[],"class_list":{"0":"post-234281","1":"product","2":"type-product","3":"status-publish","4":"has-post-thumbnail","6":"brand-g-skill","7":"product_cat-memory-ram","9":"first","10":"instock","11":"taxable","12":"shipping-taxable","13":"purchasable","14":"product-type-simple"},"_links":{"self":[{"href":"https:\/\/electrovideo.eu\/en\/wp-json\/wp\/v2\/product\/234281","targetHints":{"allow":["GET"]}}],"collection":[{"href":"https:\/\/electrovideo.eu\/en\/wp-json\/wp\/v2\/product"}],"about":[{"href":"https:\/\/electrovideo.eu\/en\/wp-json\/wp\/v2\/types\/product"}],"replies":[{"embeddable":true,"href":"https:\/\/electrovideo.eu\/en\/wp-json\/wp\/v2\/comments?post=234281"}],"version-history":[{"count":0,"href":"https:\/\/electrovideo.eu\/en\/wp-json\/wp\/v2\/product\/234281\/revisions"}],"wp:featuredmedia":[{"embeddable":true,"href":"https:\/\/electrovideo.eu\/en\/wp-json\/wp\/v2\/media\/234282"}],"wp:attachment":[{"href":"https:\/\/electrovideo.eu\/en\/wp-json\/wp\/v2\/media?parent=234281"}],"wp:term":[{"taxonomy":"brand","embeddable":true,"href":"https:\/\/electrovideo.eu\/en\/wp-json\/wp\/v2\/etheme_brands?post=234281"},{"taxonomy":"product_brand","embeddable":true,"href":"https:\/\/electrovideo.eu\/en\/wp-json\/wp\/v2\/product_brand?post=234281"},{"taxonomy":"product_cat","embeddable":true,"href":"https:\/\/electrovideo.eu\/en\/wp-json\/wp\/v2\/product_cat?post=234281"},{"taxonomy":"product_tag","embeddable":true,"href":"https:\/\/electrovideo.eu\/en\/wp-json\/wp\/v2\/product_tag?post=234281"}],"curies":[{"name":"wp","href":"https:\/\/api.w.org\/{rel}","templated":true}]}}