{"id":231782,"date":"2026-04-24T08:05:38","date_gmt":"2026-04-24T06:05:38","guid":{"rendered":"https:\/\/electrovideo.eu\/produit\/amd-ryzen-5-4500-wraith-stealth-3-6-ghz-4-1-ghz\/"},"modified":"2026-04-24T08:05:38","modified_gmt":"2026-04-24T06:05:38","slug":"amd-ryzen-5-4500-wraith-stealth-3-6-ghz-4-1-ghz","status":"publish","type":"product","link":"https:\/\/electrovideo.eu\/en\/product\/amd-ryzen-5-4500-wraith-stealth-3-6-ghz-4-1-ghz\/","title":{"rendered":"AMD Ryzen 5 4500 Wraith Stealth (3.6 GHz \/ 4.1 GHz)"},"content":{"rendered":"<div id=\"description\" class=\"description\">\n<div class=\"details-pdt-desc\">\n<h2 class=\"h2-master\">AMD Ryzen 5 4500<\/h2>\n<section>\n<p>Le <strong>processeur pour PC de bureau AMD Ryzen 5&nbsp;4500<\/strong> est bas\u00e9 sur l&#8217;<strong>architecture AMD Zen 2<\/strong>. Il int\u00e8gre <strong>6 coeurs physiques<\/strong> +<strong>&nbsp;12&nbsp;coeurs logiques<\/strong> ainsi que <strong>11 Mo de cache <\/strong>(L2 + L3). Gr\u00e2ce \u00e0 des fr\u00e9quences de fonctionnement \u00e9lev\u00e9es (jusqu&#8217;\u00e0 4.1&nbsp;GHz) et \u00e0 une gestion efficace du multit\u00e2che, il offre de bonnes performances dans tous les domaines.<\/p>\n<\/section>\n<section>\n<div class=\"desc-image\"><span><img decoding=\"async\" alt=\"\" loading=\"lazy\" src=\"https:\/\/electrovideo.eu\/wp-content\/uploads\/2025\/11\/amd_ryzen_0001.jpg\"><\/span><\/div>\n<div class=\"desc-text\">\n<h2>6 c\u0153urs natifs et 12 coeurs logiques<\/h2>\n<p>Le <strong>processeur&nbsp;AMD Ryzen 5 4500&nbsp;<\/strong>propose<strong> 6&nbsp;coeurs natifs<\/strong> et <strong>12&nbsp;coeurs logiques<\/strong> pour un traitement multit\u00e2che agr\u00e9ablement fluide. Gr\u00e2ce \u00e0 sa <strong>fr\u00e9quence native \u00e9lev\u00e9e<\/strong> et \u00e0 son mode <strong><em>Turbo Core<\/em><\/strong> ajustant la puissance en fonction des besoins, le <strong>CPU AMD Ryzen<\/strong>&nbsp;d\u00e9livre de tr\u00e8s bonnes performances dans tous les domaines : Jeux vid\u00e9o, multit\u00e2che, \u00e9dition vid\u00e9o, mod\u00e9lisation 3D et bien plus encore.&nbsp;<\/p>\n<\/div>\n<\/section>\n<section>\n<div class=\"desc-text\">\n<h2>Microarchitecture Zen 2<\/h2>\n<p>Que vous jouiez aux tout derniers jeux, conceviez le prochain gratte-ciel ou utilisiez des donn\u00e9es, vous avez besoin d&#8217;un processeur puissant capable de g\u00e9rer tout cela et plus encore. C&#8217;est incontestable, les processeurs pour PC de bureau AMD Ryzen&nbsp;s\u00e9rie 4000 imposent un nouveau standard pour l&#8217;informatique de tous les jours.<\/p>\n<\/div>\n<div class=\"desc-image\"><span><img decoding=\"async\" alt=\"\" loading=\"lazy\" src=\"https:\/\/electrovideo.eu\/wp-content\/uploads\/2025\/09\/amd_zen3.jpg\"><\/span><\/div>\n<\/section>\n<\/div><\/div>\n","protected":false},"excerpt":{"rendered":"<p>Processeur 6-Core 12-Threads socket AM4 Cache 11 Mo 7 nm TDP 65W avec syst\u00e8me de refroidissement (version bo\u00eete &#8211; garantie constructeur 3 ans)<\/p>\n","protected":false},"featured_media":231783,"comment_status":"open","ping_status":"closed","template":"","meta":{"_monsterinsights_skip_tracking":false,"_monsterinsights_sitenote_active":false,"_monsterinsights_sitenote_note":"","_monsterinsights_sitenote_category":0},"etheme_brands":[{"term_id":52,"name":"AMD","slug":"amd","term_group":0,"term_taxonomy_id":52,"taxonomy":"brand","description":"","parent":0,"count":65,"filter":"raw"}],"product_brand":[],"product_cat":[226],"product_tag":[],"class_list":{"0":"post-231782","1":"product","2":"type-product","3":"status-publish","4":"has-post-thumbnail","6":"brand-amd","7":"product_cat-processors-cpu","9":"first","10":"instock","11":"taxable","12":"shipping-taxable","13":"purchasable","14":"product-type-simple"},"_links":{"self":[{"href":"https:\/\/electrovideo.eu\/en\/wp-json\/wp\/v2\/product\/231782","targetHints":{"allow":["GET"]}}],"collection":[{"href":"https:\/\/electrovideo.eu\/en\/wp-json\/wp\/v2\/product"}],"about":[{"href":"https:\/\/electrovideo.eu\/en\/wp-json\/wp\/v2\/types\/product"}],"replies":[{"embeddable":true,"href":"https:\/\/electrovideo.eu\/en\/wp-json\/wp\/v2\/comments?post=231782"}],"version-history":[{"count":0,"href":"https:\/\/electrovideo.eu\/en\/wp-json\/wp\/v2\/product\/231782\/revisions"}],"wp:featuredmedia":[{"embeddable":true,"href":"https:\/\/electrovideo.eu\/en\/wp-json\/wp\/v2\/media\/231783"}],"wp:attachment":[{"href":"https:\/\/electrovideo.eu\/en\/wp-json\/wp\/v2\/media?parent=231782"}],"wp:term":[{"taxonomy":"brand","embeddable":true,"href":"https:\/\/electrovideo.eu\/en\/wp-json\/wp\/v2\/etheme_brands?post=231782"},{"taxonomy":"product_brand","embeddable":true,"href":"https:\/\/electrovideo.eu\/en\/wp-json\/wp\/v2\/product_brand?post=231782"},{"taxonomy":"product_cat","embeddable":true,"href":"https:\/\/electrovideo.eu\/en\/wp-json\/wp\/v2\/product_cat?post=231782"},{"taxonomy":"product_tag","embeddable":true,"href":"https:\/\/electrovideo.eu\/en\/wp-json\/wp\/v2\/product_tag?post=231782"}],"curies":[{"name":"wp","href":"https:\/\/api.w.org\/{rel}","templated":true}]}}