{"id":231769,"date":"2026-04-24T08:09:39","date_gmt":"2026-04-24T06:09:39","guid":{"rendered":"https:\/\/electrovideo.eu\/produit\/amd-ryzen-5-8500g-wraith-stealth-3-5-ghz-5-0-ghz\/"},"modified":"2026-04-24T08:09:39","modified_gmt":"2026-04-24T06:09:39","slug":"amd-ryzen-5-8500g-wraith-stealth-3-5-ghz-5-0-ghz","status":"publish","type":"product","link":"https:\/\/electrovideo.eu\/en\/product\/amd-ryzen-5-8500g-wraith-stealth-3-5-ghz-5-0-ghz\/","title":{"rendered":"AMD Ryzen 5 8500G Wraith Stealth (3.5 GHz \/ 5.0 GHz)"},"content":{"rendered":"<div id=\"description\" class=\"description\">\n<div class=\"details-pdt-desc\">\n<h2 class=\"h2-master\">Processeur avec puce graphique int\u00e9gr\u00e9e<\/h2>\n<section>\n<p>Le <strong>processeur AMD&nbsp;Ryzen S\u00e9rie&nbsp;8000G<\/strong> avec coeurs graphiques int\u00e9gr\u00e9s vous permet de jouer \u00e0 tous les jeux PC sans carte graphique d\u00e9di\u00e9e. Boost\u00e9 par le <strong>GPU AMD Radeon 740M<\/strong>, le <strong>processeur AMD Ryzen 5 8500G <\/strong>d\u00e9livre de hautes performances pour une exp\u00e9rience gaming riche et immersive.<\/p>\n<\/section>\n<section>\n<div class=\"desc-image\"><span><img decoding=\"async\" alt=\"\" loading=\"lazy\" src=\"https:\/\/electrovideo.eu\/wp-content\/uploads\/2025\/11\/amd_ryzen_8000g_radeon-graphics_001.jpg\"><\/span><\/div>\n<div class=\"desc-text\">\n<h2>AMD Radeon Graphics<\/h2>\n<p>Le <strong>processeur pour PC de bureau AMD Ryzen 5 8500G &nbsp;<\/strong>propose <strong>6 coeurs natifs<\/strong> et <strong>12 coeurs logiques<\/strong> pour un traitement multit\u00e2che agr\u00e9ablement fluide. Gr\u00e2ce \u00e0 sa <strong>fr\u00e9quence native \u00e9lev\u00e9e<\/strong> et \u00e0 son mode <strong><em>Turbo Core<\/em><\/strong> ajustant la puissance en fonction des besoins, le <strong>CPU AMD Ryzen Zen 4 de nouvelle g\u00e9n\u00e9ration<\/strong> d\u00e9livre des performances exceptionnelles dans tous les domaines : Jeux vid\u00e9o, multit\u00e2che intensif, \u00e9dition vid\u00e9o, mod\u00e9lisation 3D et bien plus encore.<br \/>\n&nbsp;<\/p>\n<ul>\n<li>Fr\u00e9quence native et fr\u00e9quence Boost \u00e9lev\u00e9es<\/li>\n<li>Puce graphique int\u00e9gr\u00e9e <strong>AMD Radeon Graphics 760M<\/strong> pour jouer sans carte graphique<\/li>\n<li><strong>Ventilateur AMD Wraith Stealth<\/strong> inclus<\/li>\n<\/ul>\n<\/div>\n<\/section>\n<\/div><\/div>\n","protected":false},"excerpt":{"rendered":"<p>Processeur 6-Core 12-Threads socket AM5 Cache 22 Mo AMD Radeon Graphics 740M 4 nm TDP 65W (version bo\u00eete avec ventilateur &#8211; garantie constructeur 3 ans)<\/p>\n","protected":false},"featured_media":231770,"comment_status":"open","ping_status":"closed","template":"","meta":{"_monsterinsights_skip_tracking":false,"_monsterinsights_sitenote_active":false,"_monsterinsights_sitenote_note":"","_monsterinsights_sitenote_category":0},"etheme_brands":[{"term_id":52,"name":"AMD","slug":"amd","term_group":0,"term_taxonomy_id":52,"taxonomy":"brand","description":"","parent":0,"count":65,"filter":"raw"}],"product_brand":[],"product_cat":[226],"product_tag":[],"class_list":{"0":"post-231769","1":"product","2":"type-product","3":"status-publish","4":"has-post-thumbnail","6":"brand-amd","7":"product_cat-processors-cpu","9":"first","10":"instock","11":"taxable","12":"shipping-taxable","13":"purchasable","14":"product-type-simple"},"_links":{"self":[{"href":"https:\/\/electrovideo.eu\/en\/wp-json\/wp\/v2\/product\/231769","targetHints":{"allow":["GET"]}}],"collection":[{"href":"https:\/\/electrovideo.eu\/en\/wp-json\/wp\/v2\/product"}],"about":[{"href":"https:\/\/electrovideo.eu\/en\/wp-json\/wp\/v2\/types\/product"}],"replies":[{"embeddable":true,"href":"https:\/\/electrovideo.eu\/en\/wp-json\/wp\/v2\/comments?post=231769"}],"version-history":[{"count":0,"href":"https:\/\/electrovideo.eu\/en\/wp-json\/wp\/v2\/product\/231769\/revisions"}],"wp:featuredmedia":[{"embeddable":true,"href":"https:\/\/electrovideo.eu\/en\/wp-json\/wp\/v2\/media\/231770"}],"wp:attachment":[{"href":"https:\/\/electrovideo.eu\/en\/wp-json\/wp\/v2\/media?parent=231769"}],"wp:term":[{"taxonomy":"brand","embeddable":true,"href":"https:\/\/electrovideo.eu\/en\/wp-json\/wp\/v2\/etheme_brands?post=231769"},{"taxonomy":"product_brand","embeddable":true,"href":"https:\/\/electrovideo.eu\/en\/wp-json\/wp\/v2\/product_brand?post=231769"},{"taxonomy":"product_cat","embeddable":true,"href":"https:\/\/electrovideo.eu\/en\/wp-json\/wp\/v2\/product_cat?post=231769"},{"taxonomy":"product_tag","embeddable":true,"href":"https:\/\/electrovideo.eu\/en\/wp-json\/wp\/v2\/product_tag?post=231769"}],"curies":[{"name":"wp","href":"https:\/\/api.w.org\/{rel}","templated":true}]}}