{"id":231767,"date":"2026-04-24T08:09:39","date_gmt":"2026-04-24T06:09:39","guid":{"rendered":"https:\/\/electrovideo.eu\/produit\/amd-ryzen-5-5500gt-wraith-stealth-3-6-ghz-4-4-ghz\/"},"modified":"2026-04-24T08:09:39","modified_gmt":"2026-04-24T06:09:39","slug":"amd-ryzen-5-5500gt-wraith-stealth-3-6-ghz-4-4-ghz","status":"publish","type":"product","link":"https:\/\/electrovideo.eu\/en\/product\/amd-ryzen-5-5500gt-wraith-stealth-3-6-ghz-4-4-ghz\/","title":{"rendered":"AMD Ryzen 5 5500GT Wraith Stealth (3.6 GHz \/ 4.4 GHz)"},"content":{"rendered":"<div id=\"description\" class=\"description\">\n<div class=\"details-pdt-desc\">\n<h2 class=\"h2-master\">Un processeur puissant avec coeurs graphiques Radeon int\u00e9gr\u00e9s<\/h2>\n<section>\n<p>Le <strong>processeur pour PC de bureau AMD Ryzen 5 5500GT<\/strong> int\u00e8gre&nbsp;de puissants coeurs graphiques Radeon pour vous permettre de jouer en 1080p sans carte graphique d\u00e9di\u00e9e. Avec <strong>6 coeurs et 12 threads<\/strong>, des<strong> fr\u00e9quences de fonctionnement jusqu&#8217;\u00e0 4.4 GHz<\/strong> et <strong>16 Mo de cache L3<\/strong>, il vous permettra de jouer dans les meilleures conditions en Full HD. Les processeurs pour PC de bureau AMD Ryzen S\u00e9rie 5000 propulsent les jeux les plus exigeants et se jouent facilement des t\u00e2ches en multithread comme le rendu vid\u00e9o ou 3D et la compilation logicielle.<\/p>\n<\/section>\n<section>\n<div class=\"desc-image\"><span><img decoding=\"async\" alt=\"\" loading=\"lazy\" src=\"https:\/\/electrovideo.eu\/wp-content\/uploads\/2025\/11\/amd_ryzen_0001.jpg\"><\/span><\/div>\n<div class=\"desc-text\">\n<h2>AMD Ryzen S\u00e9rie 5000 GT avec Radeon Graphics<\/h2>\n<p>Soyez inarr\u00eatable gr\u00e2ce \u00e0 la vitesse sans pr\u00e9c\u00e9dent des meilleurs processeurs pour PC de bureau au monde. Les processeurs AMD Ryzen S\u00e9rie 5000 GT offrent les meilleures performances, que vous jouiez aux tous derniers jeux, conceviez le prochain gratte-ciel ou traitiez des donn\u00e9es scientifiques. Avec AMD Ryzen, vous \u00eates \u200ben t\u00eate. Gr\u00e2ce aux <strong>c\u0153urs graphiques AMD&nbsp;Radeon int\u00e9gr\u00e9s<\/strong>, les processeurs pour PC de bureau Ryzen S\u00e9rie 5000 GT vous propulsent sur le champ de bataille. <strong>Jouez aux meilleurs jeux en 1080p<\/strong> d\u00e8s la sortie de l&#8217;emballage, ou ajoutez une carte graphique pour obtenir des performances encore plus \u00e9lev\u00e9es.<br \/>\n&nbsp;<\/p>\n<\/div>\n<\/section>\n<section>\n<div class=\"desc-text\">\n<h2>Microarchitecture Zen 3<\/h2>\n<p>Lorsque vous b\u00e9n\u00e9ficiez de l&#8217;architecture de processeur la plus avanc\u00e9e pour les&nbsp;gamers et les cr\u00e9ateurs de contenu, les possibilit\u00e9s sont infinies. Que vous jouiez aux tout derniers jeux, conceviez le prochain gratte-ciel ou utilisiez des donn\u00e9es, vous avez besoin d&#8217;un processeur puissant capable de g\u00e9rer tout cela et plus encore. C&#8217;est incontestable, les processeurs pour PC de bureau AMD Ryzen&nbsp;s\u00e9rie 5000 imposent un nouveau standard pour les gamers comme pour les artistes.<\/p>\n<\/div>\n<div class=\"desc-image\"><span><img decoding=\"async\" alt=\"\" loading=\"lazy\" src=\"https:\/\/electrovideo.eu\/wp-content\/uploads\/2025\/09\/amd_zen3.jpg\"><\/span><\/div>\n<\/section>\n<section>\n<div class=\"desc-image\"><span><img decoding=\"async\" alt=\"\" loading=\"lazy\" src=\"https:\/\/electrovideo.eu\/wp-content\/uploads\/2025\/11\/amd_ryzen_master.jpg\"><\/span><\/div>\n<div class=\"desc-text\">\n<h2>Prenez le contr\u00f4le <\/h2>\n<p>Ryzen Master est l&#8217;outil qu&#8217;il vous faut pour g\u00e9rer effecicacement les performances de votre processeur. C&#8217;est l&#8217;utilitaire d&#8217;overclocking simple et puissant destin\u00e9 aux processeurs AMD Ryzen.&nbsp;Chaque processeur AMD Ryzen&nbsp;est d\u00e9brid\u00e9 au niveau du multiplicateur en usine afin que vous puissiez personnaliser les performances \u00e0 votre go\u00fbt. AMD fournit l\u2019utilitaire AMD Ryzen&nbsp;Master pour acc\u00e9der \u00e0 ce puissant avantage.&nbsp;La nouvelle vue de base vous offre la possibilit\u00e9 d\u2019overclocker automatiquement votre CPU, de contr\u00f4ler manuellement la quantit\u00e9 d\u2019overclocking que vous souhaitez appliquer, tout en vous offrant une visibilit\u00e9 sur les param\u00e8tres syst\u00e8me importants comme la temp\u00e9rature, la vitesse et les tensions du CPU.<\/p>\n<\/div>\n<\/section>\n<\/div><\/div>\n","protected":false},"excerpt":{"rendered":"<p>Processeur 6-Core 12-Threads socket AM4 Cache L3 16 Mo Radeon Vega Graphics 7 7 nm TDP 65W avec syst\u00e8me de refroidissement (version bo\u00eete &#8211; garantie constructeur 3 ans)<\/p>\n","protected":false},"featured_media":231768,"comment_status":"open","ping_status":"closed","template":"","meta":{"_monsterinsights_skip_tracking":false,"_monsterinsights_sitenote_active":false,"_monsterinsights_sitenote_note":"","_monsterinsights_sitenote_category":0},"etheme_brands":[{"term_id":52,"name":"AMD","slug":"amd","term_group":0,"term_taxonomy_id":52,"taxonomy":"brand","description":"","parent":0,"count":65,"filter":"raw"}],"product_brand":[],"product_cat":[226],"product_tag":[],"class_list":{"0":"post-231767","1":"product","2":"type-product","3":"status-publish","4":"has-post-thumbnail","6":"brand-amd","7":"product_cat-processors-cpu","9":"first","10":"instock","11":"taxable","12":"shipping-taxable","13":"purchasable","14":"product-type-simple"},"_links":{"self":[{"href":"https:\/\/electrovideo.eu\/en\/wp-json\/wp\/v2\/product\/231767","targetHints":{"allow":["GET"]}}],"collection":[{"href":"https:\/\/electrovideo.eu\/en\/wp-json\/wp\/v2\/product"}],"about":[{"href":"https:\/\/electrovideo.eu\/en\/wp-json\/wp\/v2\/types\/product"}],"replies":[{"embeddable":true,"href":"https:\/\/electrovideo.eu\/en\/wp-json\/wp\/v2\/comments?post=231767"}],"version-history":[{"count":0,"href":"https:\/\/electrovideo.eu\/en\/wp-json\/wp\/v2\/product\/231767\/revisions"}],"wp:featuredmedia":[{"embeddable":true,"href":"https:\/\/electrovideo.eu\/en\/wp-json\/wp\/v2\/media\/231768"}],"wp:attachment":[{"href":"https:\/\/electrovideo.eu\/en\/wp-json\/wp\/v2\/media?parent=231767"}],"wp:term":[{"taxonomy":"brand","embeddable":true,"href":"https:\/\/electrovideo.eu\/en\/wp-json\/wp\/v2\/etheme_brands?post=231767"},{"taxonomy":"product_brand","embeddable":true,"href":"https:\/\/electrovideo.eu\/en\/wp-json\/wp\/v2\/product_brand?post=231767"},{"taxonomy":"product_cat","embeddable":true,"href":"https:\/\/electrovideo.eu\/en\/wp-json\/wp\/v2\/product_cat?post=231767"},{"taxonomy":"product_tag","embeddable":true,"href":"https:\/\/electrovideo.eu\/en\/wp-json\/wp\/v2\/product_tag?post=231767"}],"curies":[{"name":"wp","href":"https:\/\/api.w.org\/{rel}","templated":true}]}}