{"id":231753,"date":"2026-04-24T08:10:59","date_gmt":"2026-04-24T06:10:59","guid":{"rendered":"https:\/\/electrovideo.eu\/produit\/intel-core-i5-14400-jusqua-4-7-ghz-version-tray\/"},"modified":"2026-04-24T08:10:59","modified_gmt":"2026-04-24T06:10:59","slug":"intel-core-i5-14400-jusqua-4-7-ghz-version-tray","status":"publish","type":"product","link":"https:\/\/electrovideo.eu\/en\/product\/intel-core-i5-14400-jusqua-4-7-ghz-version-tray\/","title":{"rendered":"Intel Core i5-14400 (jusqu&#8217;\u00e0 4.7 GHz) &#8211; Version tray"},"content":{"rendered":"<div id=\"description\" class=\"description\">\n<div class=\"details-pdt-desc\">\n<h2 class=\"h2-master\">Le jeu et bien plus encore, toujours sans compromis<\/h2>\n<section>\n<p>Faites tout ce que vous voulez, et bien plus encore, avec le<strong> processeur Intel Core i5-14400<\/strong> (Intel Raptor Lake-S Refresh). Jouez sans compromis et d\u00e9passez toutes les limites gr\u00e2ce \u00e0 l&#8217;architecture hybride qui r\u00e9partit intelligemment la charge entre les Performance-Cores et les Efficient-Cores pour un multit\u00e2che fluide et une gestion des performances am\u00e9lior\u00e9e.<br \/>\n&nbsp;<\/p>\n<\/section>\n<section>\n<div class=\"desc-image\"><span><img decoding=\"async\" alt=\"\" loading=\"lazy\" src=\"https:\/\/electrovideo.eu\/wp-content\/uploads\/2026\/04\/intel_14th_gen_0003.jpg\"><\/span><\/div>\n<div class=\"desc-text\">\n<h2>Intel Core i5-14400 10-Core (6P+4E)<\/h2>\n<ul>\n<li>Processeur <strong>14 Cores<\/strong> \/ 20 Threads<\/li>\n<li><strong>6 Performance-Cores<\/strong> (jusqu&#8217;\u00e0 4.7 GHz) + 4 Efficient-Cores (jusqu&#8217;\u00e0 3.5 GHz)<\/li>\n<li>Cache <strong>L3 20 Mo<\/strong> + Cache L2 9.5 Mo<\/li>\n<li>IGP : Intel UHD Graphics 730<\/li>\n<li>Contr\u00f4leur m\u00e9moire : DDR4 \/ <strong>DDR5<\/strong><\/li>\n<li>Compatible <strong>PCI-E 5.0<\/strong><\/li>\n<li>TDP&nbsp;: 65W<\/li>\n<li>TDP max. (Turbo Power) : 148W<\/li>\n<li>Version Tray, sans ventilateur<\/li>\n<\/ul>\n<\/div>\n<\/section>\n<section>\n<div class=\"desc-text\">\n<h2>Architecture hybride<\/h2>\n<p>L&#8217;architecture hybride hautes performances d&#8217;Intel est con\u00e7ue pour les besoins des gamers modernes. Des e-cores suppl\u00e9mentaires vous offrent des performances am\u00e9lior\u00e9es pour pouvoir faire du multit\u00e2che. Jouez, partagez et b\u00e9n\u00e9ficiez d&#8217;une cr\u00e9ativit\u00e9 lib\u00e9r\u00e9e.&nbsp;Intel&nbsp;Thread Director&nbsp;vous permet de jouer sans interruption&nbsp;: ne vous souciez plus des t\u00e2ches d&#8217;arri\u00e8re-plan qui vous ralentissent.&nbsp;Optimisez les charges de travail entre votre processeur Intel&nbsp;Core&nbsp;et votre GPU en allouant de la puissance l\u00e0 o\u00f9 elle est la plus n\u00e9cessaire gr\u00e2ce \u00e0 Dynamic Power Share.<\/p>\n<\/div>\n<div class=\"desc-image\"><span><img decoding=\"async\" alt=\"\" loading=\"lazy\" src=\"https:\/\/electrovideo.eu\/wp-content\/uploads\/2026\/04\/intel_14th_gen_0004.jpg\"><\/span><\/div>\n<\/section>\n<section>\n<div class=\"desc-image\"><span><img decoding=\"async\" alt=\"\" loading=\"lazy\" src=\"https:\/\/electrovideo.eu\/wp-content\/uploads\/2026\/04\/intel_14th_gen_0001.jpg\"><\/span><\/div>\n<div class=\"desc-text\">\n<h2>Potentiel illimit\u00e9<\/h2>\n<p>Avec encore plus d&#8217;E-cores et de puissance pour le multit\u00e2che, il est temps de travailler et de jouer en m\u00eame temps. Jouez tout en regardant des vid\u00e9os en streaming, en \u00e9coutant de la musique et en encodant des vid\u00e9os.&nbsp;Gr\u00e2ce \u00e0 leurs Performance-cores, les processeurs Intel&nbsp;Core&nbsp;14\u1d49&nbsp;g\u00e9n\u00e9ration&nbsp;lib\u00e8rent toute la puissance n\u00e9cessaire pour optimiser les jeux les plus exigeants d&#8217;aujourd&#8217;hui.&nbsp;Intel Thread Director vous permet de jouer sans interruptions&nbsp;: pas besoin de vous soucier des t\u00e2ches d&#8217;arri\u00e8re-plan qui vous ralentissent. Intel&nbsp;Smart Cache&nbsp;: la taille \u00e9tendue du cache acc\u00e9l\u00e8re le processeur, offrant ainsi de meilleures performances, une fr\u00e9quence d&#8217;images plus \u00e9lev\u00e9e et plus r\u00e9guli\u00e8re, ainsi que des chargements plus rapides.<\/p>\n<\/div>\n<\/section>\n<\/div><\/div>\n","protected":false},"excerpt":{"rendered":"<p>Processeur 10-Core (6 Performance-Cores + 4 Efficient-Cores) 16-Threads Socket 1700 Cache L3 20 Mo Intel UHD Graphics 730 0.010 micron (version tray sans ventilateur &#8211; garantie Intel 3 ans)<\/p>\n","protected":false},"featured_media":231755,"comment_status":"open","ping_status":"closed","template":"","meta":{"_monsterinsights_skip_tracking":false,"_monsterinsights_sitenote_active":false,"_monsterinsights_sitenote_note":"","_monsterinsights_sitenote_category":0},"etheme_brands":[{"term_id":42,"name":"INTEL","slug":"intel","term_group":0,"term_taxonomy_id":42,"taxonomy":"brand","description":"","parent":0,"count":52,"filter":"raw"}],"product_brand":[],"product_cat":[226],"product_tag":[],"class_list":{"0":"post-231753","1":"product","2":"type-product","3":"status-publish","4":"has-post-thumbnail","6":"brand-intel","7":"product_cat-processors-cpu","9":"first","10":"instock","11":"taxable","12":"shipping-taxable","13":"purchasable","14":"product-type-simple"},"_links":{"self":[{"href":"https:\/\/electrovideo.eu\/en\/wp-json\/wp\/v2\/product\/231753","targetHints":{"allow":["GET"]}}],"collection":[{"href":"https:\/\/electrovideo.eu\/en\/wp-json\/wp\/v2\/product"}],"about":[{"href":"https:\/\/electrovideo.eu\/en\/wp-json\/wp\/v2\/types\/product"}],"replies":[{"embeddable":true,"href":"https:\/\/electrovideo.eu\/en\/wp-json\/wp\/v2\/comments?post=231753"}],"version-history":[{"count":0,"href":"https:\/\/electrovideo.eu\/en\/wp-json\/wp\/v2\/product\/231753\/revisions"}],"wp:featuredmedia":[{"embeddable":true,"href":"https:\/\/electrovideo.eu\/en\/wp-json\/wp\/v2\/media\/231755"}],"wp:attachment":[{"href":"https:\/\/electrovideo.eu\/en\/wp-json\/wp\/v2\/media?parent=231753"}],"wp:term":[{"taxonomy":"brand","embeddable":true,"href":"https:\/\/electrovideo.eu\/en\/wp-json\/wp\/v2\/etheme_brands?post=231753"},{"taxonomy":"product_brand","embeddable":true,"href":"https:\/\/electrovideo.eu\/en\/wp-json\/wp\/v2\/product_brand?post=231753"},{"taxonomy":"product_cat","embeddable":true,"href":"https:\/\/electrovideo.eu\/en\/wp-json\/wp\/v2\/product_cat?post=231753"},{"taxonomy":"product_tag","embeddable":true,"href":"https:\/\/electrovideo.eu\/en\/wp-json\/wp\/v2\/product_tag?post=231753"}],"curies":[{"name":"wp","href":"https:\/\/api.w.org\/{rel}","templated":true}]}}