{"id":231743,"date":"2026-04-24T08:10:59","date_gmt":"2026-04-24T06:10:59","guid":{"rendered":"https:\/\/electrovideo.eu\/produit\/amd-ryzen-5-3400g-wraith-spire-edition-3-7-ghz-4-2-ghz\/"},"modified":"2026-04-24T08:10:59","modified_gmt":"2026-04-24T06:10:59","slug":"amd-ryzen-5-3400g-wraith-spire-edition-3-7-ghz-4-2-ghz","status":"publish","type":"product","link":"https:\/\/electrovideo.eu\/en\/product\/amd-ryzen-5-3400g-wraith-spire-edition-3-7-ghz-4-2-ghz\/","title":{"rendered":"AMD Ryzen 5 3400G Wraith Spire Edition (3.7 GHz \/ 4.2 GHz)"},"content":{"rendered":"<div id=\"description\" class=\"description\">\n<div class=\"details-pdt-desc\">\n<h2 class=\"h2-master\">Processeur Quad-Core avec graphismes Radeon Vega 11<\/h2>\n<section>\n<p>Le processeur <strong>AMD Ryzen 5 3400G Wraith Spire (3.7 GHz \/ 4.2 GHz) est bas\u00e9 sur l&#8217;architecture Zen+ grav\u00e9e en 12 nm<\/strong>. Cette&nbsp;deuxi\u00e8me&nbsp;g\u00e9n\u00e9ration Ryzen avec<strong> graphismes Radeon Vega 11 <\/strong>se dote de<strong>&nbsp;<\/strong><strong>4 coeurs et 8 threads<\/strong>, des fr\u00e9quences revues \u00e0 la hausse&nbsp;avec&nbsp;de base&nbsp;3.7 GHz et&nbsp;<strong>jusqu&#8217;\u00e0 4.2 GHz<\/strong>,&nbsp;4&nbsp;Mo de cache L3<strong> <\/strong>et <strong>65W&nbsp;de TDP<\/strong>. Il est accompagn\u00e9 de son syst\u00e8me de refroidissement ultra-efficace et silencieux&nbsp;<strong>AMD Wraith Spire<\/strong>.<\/p>\n<p>Le <strong>Ryzen 5 3400G propos\u00e9 par AMD<\/strong>&nbsp;avec ses&nbsp;graphismes int\u00e9gr\u00e9s Radeon Vega&nbsp;est la combinaison id\u00e9ale pour l&#8217;informatique au quotidien, m\u00eame sans carte graphique d\u00e9di\u00e9e ! Il d\u00e9livre des performances multit\u00e2ches et multim\u00e9dia avanc\u00e9es tout en restant tr\u00e8s abordable.<\/p>\n<\/section>\n<section>\n<div class=\"desc-image\"><span><img decoding=\"async\" alt=\"\" loading=\"lazy\" src=\"https:\/\/electrovideo.eu\/wp-content\/uploads\/2026\/04\/800_2.jpg\"><\/span><\/div>\n<div class=\"desc-text\">\n<h2>Microarchitecture Zen+<\/h2>\n<p>La&nbsp;<strong>microarchitecture Zen+<\/strong>&nbsp;qu&#8217;embarque le&nbsp;<strong>AMD Ryzen 3400G<\/strong>&nbsp;vous offre puissance et efficacit\u00e9 dans tous les domaines : jeux vid\u00e9o, multit\u00e2che intensifs, \u00e9dition vid\u00e9o, mod\u00e9lisation 3D et bien plus encore. Gr\u00e2ce \u00e0 sa&nbsp;<strong>fr\u00e9quence native \u00e9lev\u00e9e<\/strong>&nbsp;et \u00e0 son mode&nbsp;<strong><em>Turbo Core<\/em><\/strong>&nbsp;ajustant la puissance en fonction des besoins, le&nbsp;<strong>CPU AMD Ryzen<\/strong>&nbsp;d\u00e9livre des performances exceptionnelles.<\/p>\n<\/div>\n<\/section>\n<section>\n<div class=\"desc-text\">\n<h2>4 c\u0153urs natifs et 8 coeurs logiques<\/h2>\n<p>Le <strong>processeur pour PC de bureau&nbsp;AMD Ryzen 5 3400G&nbsp;<\/strong>propose <strong>4 coeurs natifs<\/strong> et <strong>8 coeurs logiques<\/strong> pour un traitement multit\u00e2che agr\u00e9ablement fluide. Gr\u00e2ce \u00e0 sa <strong>fr\u00e9quence native \u00e9lev\u00e9e<\/strong> et \u00e0 son mode <strong><em>Turbo Core<\/em><\/strong> ajustant la puissance en fonction des besoins, le <strong>CPU AMD Ryzen de deuxi\u00e8me g\u00e9n\u00e9ration<\/strong> d\u00e9livre d&#8217;excellentes performances&nbsp;dans tous les domaines : Jeux vid\u00e9o, multit\u00e2che intensif, \u00e9dition vid\u00e9o, mod\u00e9lisation 3D et bien plus encore.&nbsp;<\/p>\n<\/div>\n<div class=\"desc-image\"><span><img decoding=\"async\" alt=\"\" loading=\"lazy\" src=\"https:\/\/electrovideo.eu\/wp-content\/uploads\/2026\/04\/ryzen_g.jpg\"><\/span><\/div>\n<\/section>\n<section>\n<div class=\"desc-image\"><span><img decoding=\"async\" alt=\"\" loading=\"lazy\" src=\"https:\/\/electrovideo.eu\/wp-content\/uploads\/2026\/04\/800_3.jpg\"><\/span><\/div>\n<div class=\"desc-text\">\n<h2>Radeon Vega Graphics<\/h2>\n<p>Les <strong>processeurs AMD Ryzen <\/strong>\u00e9quip\u00e9s de <strong>processeurs graphiques Radeon Vega<\/strong> sont d\u00e9sormais dot\u00e9s du mat\u00e9riel informatique et graphique le plus avanc\u00e9 et le plus puissant qui soit, fusionn\u00e9s en une puce unique permettant d&#8217;offrir toutes les performances \u00e9lev\u00e9es dont vous avez besoin pour des t\u00e2ches exigeantes et de s\u00e9rieuses possibilit\u00e9s de jeu, et ce, sans faire aucun compromis.&nbsp;Les <strong>puissants processeurs graphiques Radeon Vega<\/strong> offrent des performances fluides et rapides dans vos jeux favoris.<\/p>\n<\/div>\n<\/section>\n<section class=\"list\">\n<h2>Caract\u00e9ristiques principales :<\/h2>\n<ul>\n<li>Fr\u00e9quence :&nbsp;<strong>3.7 GHz \/ 4.2 GHz&nbsp;<\/strong>(Turbo Core)<\/li>\n<li><strong>4 coeurs<\/strong>&nbsp;\/ 8 threads<\/li>\n<li><strong>Chipset graphique Radeon Vega 11<\/strong><\/li>\n<li><strong>Cache 6 Mo Total (4 Mo L3 + 2 Mo L2)<\/strong><\/li>\n<li>Socket <strong>AMD AM4<\/strong><\/li>\n<li>Contr\u00f4leur m\u00e9moire <strong>Dual Channel DDR4<\/strong><\/li>\n<li>Enveloppe thermique maximale (TDP) : <strong>65W<\/strong><\/li>\n<li><strong>Ventilateur Wraith Spire&nbsp;inclus<\/strong><\/li>\n<\/ul>\n<\/section>\n<\/div><\/div>\n","protected":false},"excerpt":{"rendered":"<p>Processeur Quad-Core 8-Threads socket AM4 Cache L3 4 Mo Radeon Vega Graphics 11 12 nm TDP 65W avec syst\u00e8me de refroidissement (version bo\u00eete &#8211; garantie constructeur 3 ans)<\/p>\n","protected":false},"featured_media":231744,"comment_status":"open","ping_status":"closed","template":"","meta":{"_monsterinsights_skip_tracking":false,"_monsterinsights_sitenote_active":false,"_monsterinsights_sitenote_note":"","_monsterinsights_sitenote_category":0},"etheme_brands":[{"term_id":52,"name":"AMD","slug":"amd","term_group":0,"term_taxonomy_id":52,"taxonomy":"brand","description":"","parent":0,"count":65,"filter":"raw"}],"product_brand":[],"product_cat":[226],"product_tag":[],"class_list":{"0":"post-231743","1":"product","2":"type-product","3":"status-publish","4":"has-post-thumbnail","6":"brand-amd","7":"product_cat-processors-cpu","9":"first","10":"instock","11":"taxable","12":"shipping-taxable","13":"purchasable","14":"product-type-simple"},"_links":{"self":[{"href":"https:\/\/electrovideo.eu\/en\/wp-json\/wp\/v2\/product\/231743","targetHints":{"allow":["GET"]}}],"collection":[{"href":"https:\/\/electrovideo.eu\/en\/wp-json\/wp\/v2\/product"}],"about":[{"href":"https:\/\/electrovideo.eu\/en\/wp-json\/wp\/v2\/types\/product"}],"replies":[{"embeddable":true,"href":"https:\/\/electrovideo.eu\/en\/wp-json\/wp\/v2\/comments?post=231743"}],"version-history":[{"count":0,"href":"https:\/\/electrovideo.eu\/en\/wp-json\/wp\/v2\/product\/231743\/revisions"}],"wp:featuredmedia":[{"embeddable":true,"href":"https:\/\/electrovideo.eu\/en\/wp-json\/wp\/v2\/media\/231744"}],"wp:attachment":[{"href":"https:\/\/electrovideo.eu\/en\/wp-json\/wp\/v2\/media?parent=231743"}],"wp:term":[{"taxonomy":"brand","embeddable":true,"href":"https:\/\/electrovideo.eu\/en\/wp-json\/wp\/v2\/etheme_brands?post=231743"},{"taxonomy":"product_brand","embeddable":true,"href":"https:\/\/electrovideo.eu\/en\/wp-json\/wp\/v2\/product_brand?post=231743"},{"taxonomy":"product_cat","embeddable":true,"href":"https:\/\/electrovideo.eu\/en\/wp-json\/wp\/v2\/product_cat?post=231743"},{"taxonomy":"product_tag","embeddable":true,"href":"https:\/\/electrovideo.eu\/en\/wp-json\/wp\/v2\/product_tag?post=231743"}],"curies":[{"name":"wp","href":"https:\/\/api.w.org\/{rel}","templated":true}]}}