{"id":231738,"date":"2026-04-24T08:13:19","date_gmt":"2026-04-24T06:13:19","guid":{"rendered":"https:\/\/electrovideo.eu\/produit\/intel-celeron-g6900-3-4-ghz\/"},"modified":"2026-04-24T08:13:19","modified_gmt":"2026-04-24T06:13:19","slug":"intel-celeron-g6900-3-4-ghz","status":"publish","type":"product","link":"https:\/\/electrovideo.eu\/en\/product\/intel-celeron-g6900-3-4-ghz\/","title":{"rendered":"Intel Celeron G6900 (3.4 GHz)"},"content":{"rendered":"<div id=\"description\" class=\"description\">\n<div class=\"details-pdt-desc\">\n<h2 class=\"h2-master\">Nouvelle architecture pour des performances optimales<\/h2>\n<section>\n<p>Les <strong>processeurs Intel Celeron <\/strong>de <strong>12\u00e8me g\u00e9n\u00e9ration<\/strong> sont con\u00e7us pour l&#8217;informatique du quotidien. Simples et efficaces, ils s&#8217;appuient sur une <strong>fr\u00e9quence native \u00e9lev\u00e9e<\/strong>, <strong>2&nbsp;Cores physiques<\/strong> et 2 Cores logiques, 4 Mo de m\u00e9moire cache L3 et un&nbsp;contr\u00f4leur graphique<strong>&nbsp;Intel UHD Graphics 710<\/strong>.<\/p>\n<\/section>\n<section>\n<div class=\"desc-image\"><span><img decoding=\"async\" alt=\"\" loading=\"lazy\" src=\"https:\/\/electrovideo.eu\/wp-content\/uploads\/2026\/04\/Intel-10th-Gen-H-Series-1-1.jpg\"><\/span><\/div>\n<div class=\"desc-text\">\n<h2>Intel Celeron G6900 2-Core \/ 2-Threads<\/h2>\n<ul>\n<li>Processeur <strong>2 Cores<\/strong> \/ 2 Threads<\/li>\n<li><strong>2 Performance-Cores<\/strong> (3.4 GHz)<\/li>\n<li>Cache <strong>L3 4 Mo<\/strong> + Cache L2 2.5 Mo<\/li>\n<li>IGP : Intel UHD Graphics 710<\/li>\n<li>Contr\u00f4leur m\u00e9moire : DDR4 \/ <strong>DDR5<\/strong><\/li>\n<li>Compatible <strong>PCI-E 5.0<\/strong><\/li>\n<li>TDP&nbsp;: 46W<\/li>\n<li><strong>Ventilateur Intel Laminar RS1 inclus<\/strong><\/li>\n<\/ul>\n<\/div>\n<\/section>\n<\/div><\/div>\n","protected":false},"excerpt":{"rendered":"<p>Processeur Dual-Core (2 Performance-Cores) 2-Threads Socket 1700 Cache L3 4 Mo Intel UHD Graphics 710 0.010 micron (version bo\u00eete avec ventilateur &#8211; garantie Intel 3 ans)<\/p>\n","protected":false},"featured_media":231740,"comment_status":"open","ping_status":"closed","template":"","meta":{"_monsterinsights_skip_tracking":false,"_monsterinsights_sitenote_active":false,"_monsterinsights_sitenote_note":"","_monsterinsights_sitenote_category":0},"etheme_brands":[{"term_id":42,"name":"INTEL","slug":"intel","term_group":0,"term_taxonomy_id":42,"taxonomy":"brand","description":"","parent":0,"count":52,"filter":"raw"}],"product_brand":[],"product_cat":[226],"product_tag":[],"class_list":{"0":"post-231738","1":"product","2":"type-product","3":"status-publish","4":"has-post-thumbnail","6":"brand-intel","7":"product_cat-processors-cpu","9":"first","10":"instock","11":"taxable","12":"shipping-taxable","13":"purchasable","14":"product-type-simple"},"_links":{"self":[{"href":"https:\/\/electrovideo.eu\/en\/wp-json\/wp\/v2\/product\/231738","targetHints":{"allow":["GET"]}}],"collection":[{"href":"https:\/\/electrovideo.eu\/en\/wp-json\/wp\/v2\/product"}],"about":[{"href":"https:\/\/electrovideo.eu\/en\/wp-json\/wp\/v2\/types\/product"}],"replies":[{"embeddable":true,"href":"https:\/\/electrovideo.eu\/en\/wp-json\/wp\/v2\/comments?post=231738"}],"version-history":[{"count":0,"href":"https:\/\/electrovideo.eu\/en\/wp-json\/wp\/v2\/product\/231738\/revisions"}],"wp:featuredmedia":[{"embeddable":true,"href":"https:\/\/electrovideo.eu\/en\/wp-json\/wp\/v2\/media\/231740"}],"wp:attachment":[{"href":"https:\/\/electrovideo.eu\/en\/wp-json\/wp\/v2\/media?parent=231738"}],"wp:term":[{"taxonomy":"brand","embeddable":true,"href":"https:\/\/electrovideo.eu\/en\/wp-json\/wp\/v2\/etheme_brands?post=231738"},{"taxonomy":"product_brand","embeddable":true,"href":"https:\/\/electrovideo.eu\/en\/wp-json\/wp\/v2\/product_brand?post=231738"},{"taxonomy":"product_cat","embeddable":true,"href":"https:\/\/electrovideo.eu\/en\/wp-json\/wp\/v2\/product_cat?post=231738"},{"taxonomy":"product_tag","embeddable":true,"href":"https:\/\/electrovideo.eu\/en\/wp-json\/wp\/v2\/product_tag?post=231738"}],"curies":[{"name":"wp","href":"https:\/\/api.w.org\/{rel}","templated":true}]}}