{"id":231736,"date":"2026-04-24T08:13:19","date_gmt":"2026-04-24T06:13:19","guid":{"rendered":"https:\/\/electrovideo.eu\/produit\/intel-core-i3-12100f-3-3-ghz-4-3-ghz\/"},"modified":"2026-04-24T08:13:19","modified_gmt":"2026-04-24T06:13:19","slug":"intel-core-i3-12100f-3-3-ghz-4-3-ghz","status":"publish","type":"product","link":"https:\/\/electrovideo.eu\/en\/product\/intel-core-i3-12100f-3-3-ghz-4-3-ghz\/","title":{"rendered":"Intel Core i3-12100F (3.3 GHz \/ 4.3 GHz)"},"content":{"rendered":"<div id=\"description\" class=\"description\">\n<div class=\"details-pdt-desc\">\n<h2 class=\"h2-master\">Nouvelle architecture pour des performances optimales<\/h2>\n<section>\n<p>Avec plus de coeurs et plus de puissance, les<strong> processeurs Intel de 12\u00e8me g\u00e9n\u00e9ration<\/strong> (Alder Lake) sont pr\u00eats pour les jeux nouvelle g\u00e9n\u00e9ration, les cartes graphiques<strong> PCI-Express 5.0 <\/strong>ou encore la<strong> RAM DDR5<\/strong>.&nbsp;Ils vous permettront de concevoir des machines puissantes capables de s\u2019acquitter de toutes les t\u00e2ches, des jeux vid\u00e9o en passant par les applications de productivit\u00e9 ou le multit\u00e2che intensif.<\/p>\n<\/section>\n<section>\n<div class=\"desc-image\"><span><img decoding=\"async\" alt=\"\" loading=\"lazy\" src=\"https:\/\/electrovideo.eu\/wp-content\/uploads\/2026\/04\/intel_alder-lake_core-i3_003.jpg\"><\/span><\/div>\n<div class=\"desc-text\">\n<h2>Intel Core i3-12100F 4-Core \/ 8-Threads<\/h2>\n<ul>\n<li>Processeur <strong>4 Cores<\/strong> \/ 8 Threads<\/li>\n<li><strong>4 Performance-Cores<\/strong> (3.3 GHz &#8211; 4.3 GHz)<\/li>\n<li>Cache <strong>L3 12 Mo<\/strong> + Cache L2 5 Mo<\/li>\n<li>IGP : Aucun<\/li>\n<li>Contr\u00f4leur m\u00e9moire : DDR4 \/ <strong>DDR5<\/strong><\/li>\n<li>Compatible <strong>PCI-E 5.0<\/strong><\/li>\n<li>TDP&nbsp;: 58W<\/li>\n<li>TDP max. (Turbo Power) : 89W<\/li>\n<li><strong>Ventilateur Intel Laminar RM1 inclus<\/strong><\/li>\n<\/ul>\n<\/div>\n<\/section>\n<section>\n<div class=\"desc-text\">\n<h2>Atteignez des sommets<\/h2>\n<p>Gr\u00e2ce \u00e0 des fr\u00e9quences \u00e9lev\u00e9es, atteignez de hautes performances dans les jeux. Affrontez vos adversaires en toute confiance ou explorez de nouveaux univers gr\u00e2ce \u00e0 une architecture de processeur qui se concentre sur l&#8217;essentiel. Les processeurs Intel de 12\u00e8me g\u00e9n\u00e9ration sont tout simplement con\u00e7us pour la nouvelle g\u00e9n\u00e9ration de jeux vid\u00e9o.&nbsp;<\/p>\n<\/div>\n<div class=\"desc-image\"><span><img decoding=\"async\" alt=\"\" loading=\"lazy\" src=\"https:\/\/electrovideo.eu\/wp-content\/uploads\/2025\/09\/intel_alder-lake_core-i5_001.jpg\"><\/span><\/div>\n<\/section>\n<\/div><\/div>\n","protected":false},"excerpt":{"rendered":"<p>Processeur Quad-Core (4 Performance-Cores) 8-Threads Socket 1700 Cache L3 12 Mo 0.010 micron (version bo\u00eete avec ventilateur &#8211; garantie Intel 3 ans)<\/p>\n","protected":false},"featured_media":231737,"comment_status":"open","ping_status":"closed","template":"","meta":{"_monsterinsights_skip_tracking":false,"_monsterinsights_sitenote_active":false,"_monsterinsights_sitenote_note":"","_monsterinsights_sitenote_category":0},"etheme_brands":[{"term_id":42,"name":"INTEL","slug":"intel","term_group":0,"term_taxonomy_id":42,"taxonomy":"brand","description":"","parent":0,"count":52,"filter":"raw"}],"product_brand":[],"product_cat":[226],"product_tag":[],"class_list":{"0":"post-231736","1":"product","2":"type-product","3":"status-publish","4":"has-post-thumbnail","6":"brand-intel","7":"product_cat-processors-cpu","9":"first","10":"instock","11":"taxable","12":"shipping-taxable","13":"purchasable","14":"product-type-simple"},"_links":{"self":[{"href":"https:\/\/electrovideo.eu\/en\/wp-json\/wp\/v2\/product\/231736","targetHints":{"allow":["GET"]}}],"collection":[{"href":"https:\/\/electrovideo.eu\/en\/wp-json\/wp\/v2\/product"}],"about":[{"href":"https:\/\/electrovideo.eu\/en\/wp-json\/wp\/v2\/types\/product"}],"replies":[{"embeddable":true,"href":"https:\/\/electrovideo.eu\/en\/wp-json\/wp\/v2\/comments?post=231736"}],"version-history":[{"count":0,"href":"https:\/\/electrovideo.eu\/en\/wp-json\/wp\/v2\/product\/231736\/revisions"}],"wp:featuredmedia":[{"embeddable":true,"href":"https:\/\/electrovideo.eu\/en\/wp-json\/wp\/v2\/media\/231737"}],"wp:attachment":[{"href":"https:\/\/electrovideo.eu\/en\/wp-json\/wp\/v2\/media?parent=231736"}],"wp:term":[{"taxonomy":"brand","embeddable":true,"href":"https:\/\/electrovideo.eu\/en\/wp-json\/wp\/v2\/etheme_brands?post=231736"},{"taxonomy":"product_brand","embeddable":true,"href":"https:\/\/electrovideo.eu\/en\/wp-json\/wp\/v2\/product_brand?post=231736"},{"taxonomy":"product_cat","embeddable":true,"href":"https:\/\/electrovideo.eu\/en\/wp-json\/wp\/v2\/product_cat?post=231736"},{"taxonomy":"product_tag","embeddable":true,"href":"https:\/\/electrovideo.eu\/en\/wp-json\/wp\/v2\/product_tag?post=231736"}],"curies":[{"name":"wp","href":"https:\/\/api.w.org\/{rel}","templated":true}]}}