{"id":227025,"date":"2025-11-30T16:00:38","date_gmt":"2025-11-30T14:00:38","guid":{"rendered":"https:\/\/electrovideo.eu\/produit\/honor-400-5g-or-8-go-512-go\/"},"modified":"2025-11-30T16:00:38","modified_gmt":"2025-11-30T14:00:38","slug":"honor-400-5g-or-8-go-512-go","status":"publish","type":"product","link":"https:\/\/electrovideo.eu\/en\/product\/honor-400-5g-or-8-go-512-go\/","title":{"rendered":"Honor 400 5G Or (8 Go \/ 512 Go)"},"content":{"rendered":"<div id=\"description\" class=\"description\">\n<div class=\"details-pdt-desc\">\n<h2 class=\"h2-master\">Un smartphone puissant boost\u00e9 par l&#8217;IA<\/h2>\n<section>\n<p>Le <strong>Honor 400 5G <\/strong>est un smartphone haut de gamme alliant performances exceptionnelles, intelligence artificielle avanc\u00e9e et design raffin\u00e9. Il embarque un <strong>puissant processeur 8-Core<\/strong>, <strong>8 Go de RAM<\/strong>, <strong>512 Go de stockage<\/strong> et un <strong>magnifique \u00e9cran AMOLED 120 Hz<\/strong>.<\/p>\n<\/section>\n<section>\n<div class=\"desc-image\"><span><img decoding=\"async\" alt=\"\" loading=\"lazy\" src=\"https:\/\/electrovideo.eu\/wp-content\/uploads\/2025\/11\/honor_400_0001.jpg\"><\/span><\/div>\n<div class=\"desc-text\">\n<h2>\u00e9cran AMOLED 120 Hz<\/h2>\n<p>Le <strong>HONOR 400<\/strong> est \u00e9quip\u00e9 d\u2019un <strong>\u00e9cran AMOLED de 6,55 pouces<\/strong> offrant une luminosit\u00e9 impressionnante allant jusqu\u2019\u00e0 5000 nits, pour une visibilit\u00e9 optimale m\u00eame en plein soleil. Sa r\u00e9solution de <strong>2736 x 1264 pixels <\/strong>et sa <strong>fr\u00e9quence d\u2019affichage de 120 Hz<\/strong> garantissent des images fluides et riches en d\u00e9tails. Sous le capot, le <strong>processeur Qualcomm Snapdragon 7 Gen3<\/strong> et <strong>8 Go de RAM<\/strong> assurent une exp\u00e9rience rapide et fluide.<\/p>\n<\/div>\n<\/section>\n<section>\n<div class=\"desc-text\">\n<h2>Photos et IA<\/h2>\n<p>Avec son <strong>capteur principal de 200 MP <\/strong>stabilis\u00e9 optiquement, le <strong>HONOR 400 <\/strong>r\u00e9volutionne la photographie mobile. Il embarque \u00e9galement un<strong> objectif ultra grand angle<\/strong> et <strong>macro de 12 MP<\/strong>, ainsi qu\u2019une <strong>cam\u00e9ra frontale de 50 MP<\/strong>. Gr\u00e2ce aux nombreuses <strong>fonctionnalit\u00e9s IA <\/strong>telles que le <em>Super Zoom<\/em>, l\u2019<strong>effacement des reflets<\/strong> ou encore la <strong>d\u00e9tection de deepfake<\/strong>, vos photos et vid\u00e9os atteignent un niveau de qualit\u00e9 exceptionnel tout en profitant d\u2019une retouche intelligente et intuitive.<\/p>\n<\/div>\n<div class=\"desc-image\"><span><img decoding=\"async\" alt=\"\" loading=\"lazy\" src=\"https:\/\/electrovideo.eu\/wp-content\/uploads\/2025\/11\/honor_400_0002.jpg\"><\/span><\/div>\n<\/section>\n<\/div>\n<div class=\"emphasis\"><strong>Qu&#8217;est ce que le DAS ou D\u00e9bit d&#8217;Absorption Sp\u00e9cifique ?<\/strong><\/p>\n<p>Le d\u00e9bit d&#8217;absorption sp\u00e9cifique (DAS) local quantifie l&#8217;exposition de l&#8217;utilisateur aux ondes \u00e9lectromagn\u00e9tiques de l&#8217;\u00e9quipement concern\u00e9. Le DAS maximal autoris\u00e9 est de 2 W\/kg pour la t\u00eate et le tronc et de 4 W\/kg pour les membres.<\/p>\n<p><em>Tous les produits vendus sur le site Electrovideo.eu sont conformes \u00e0 cette r\u00e9glementation. Les valeurs DAS des produits concern\u00e9s sont indiqu\u00e9es au niveau des fiches produits dans la partie fiche technique.<\/em><\/p>\n<\/div><\/div>\n","protected":false},"excerpt":{"rendered":"<p>Smartphone 5G-LTE Dual SIM IP65 &#8211; Snapdragon 7 Gen3 8-Core &#8211; RAM 8 Go &#8211; Ecran tactile AMOLED 120 Hz 6.55&#8243; 1264 x 2736 &#8211; 512 Go &#8211; NFC\/Bluetooth 5.4 &#8211; 5300 mAh &#8211; Android 15<\/p>\n","protected":false},"featured_media":227026,"comment_status":"open","ping_status":"closed","template":"","meta":{"_monsterinsights_skip_tracking":false,"_monsterinsights_sitenote_active":false,"_monsterinsights_sitenote_note":"","_monsterinsights_sitenote_category":0},"etheme_brands":[],"product_brand":[],"product_cat":[5605],"product_tag":[],"class_list":{"0":"post-227025","1":"product","2":"type-product","3":"status-publish","4":"has-post-thumbnail","6":"product_cat-smartphone","7":"pa_charge-rapide-oui","8":"pa_dual-sim-oui","9":"pa_etanche-oui","10":"pa_memory-ram-8-go","12":"first","13":"instock","14":"taxable","15":"shipping-taxable","16":"purchasable","17":"product-type-simple"},"_links":{"self":[{"href":"https:\/\/electrovideo.eu\/en\/wp-json\/wp\/v2\/product\/227025","targetHints":{"allow":["GET"]}}],"collection":[{"href":"https:\/\/electrovideo.eu\/en\/wp-json\/wp\/v2\/product"}],"about":[{"href":"https:\/\/electrovideo.eu\/en\/wp-json\/wp\/v2\/types\/product"}],"replies":[{"embeddable":true,"href":"https:\/\/electrovideo.eu\/en\/wp-json\/wp\/v2\/comments?post=227025"}],"version-history":[{"count":0,"href":"https:\/\/electrovideo.eu\/en\/wp-json\/wp\/v2\/product\/227025\/revisions"}],"wp:featuredmedia":[{"embeddable":true,"href":"https:\/\/electrovideo.eu\/en\/wp-json\/wp\/v2\/media\/227026"}],"wp:attachment":[{"href":"https:\/\/electrovideo.eu\/en\/wp-json\/wp\/v2\/media?parent=227025"}],"wp:term":[{"taxonomy":"brand","embeddable":true,"href":"https:\/\/electrovideo.eu\/en\/wp-json\/wp\/v2\/etheme_brands?post=227025"},{"taxonomy":"product_brand","embeddable":true,"href":"https:\/\/electrovideo.eu\/en\/wp-json\/wp\/v2\/product_brand?post=227025"},{"taxonomy":"product_cat","embeddable":true,"href":"https:\/\/electrovideo.eu\/en\/wp-json\/wp\/v2\/product_cat?post=227025"},{"taxonomy":"product_tag","embeddable":true,"href":"https:\/\/electrovideo.eu\/en\/wp-json\/wp\/v2\/product_tag?post=227025"}],"curies":[{"name":"wp","href":"https:\/\/api.w.org\/{rel}","templated":true}]}}