{"id":226975,"date":"2025-11-30T16:06:04","date_gmt":"2025-11-30T14:06:04","guid":{"rendered":"https:\/\/electrovideo.eu\/produit\/motorola-edge-60-pro-dazzling-blue\/"},"modified":"2025-11-30T16:06:04","modified_gmt":"2025-11-30T14:06:04","slug":"motorola-edge-60-pro-dazzling-blue","status":"publish","type":"product","link":"https:\/\/electrovideo.eu\/en\/product\/motorola-edge-60-pro-dazzling-blue\/","title":{"rendered":"Motorola Edge 60 Pro Dazzling Blue"},"content":{"rendered":"<div id=\"description\" class=\"description\">\n<div class=\"details-pdt-desc\">\n<h2 class=\"h2-master\">Puissance, \u00e9l\u00e9gance et IA<\/h2>\n<section>\n<p>Le <strong>Motorola Edge 60 Pro<\/strong> est un smartphone haut de gamme con\u00e7u pour offrir des performances exceptionnelles aux utilisateurs exigeants. Dot\u00e9 d&#8217;un<strong> \u00e9cran pOLED incurv\u00e9 de 6,7 pouces<\/strong> avec un <strong>taux de rafra\u00eechissement de 120 Hz<\/strong>, il garantit une exp\u00e9rience visuelle immersive. Son <strong>processeur MediaTek Dimensity 8350<\/strong>, associ\u00e9 \u00e0 <strong>12 Go de RAM <\/strong>et <strong>512 Go de stockage<\/strong>, assure une fluidit\u00e9 remarquable, m\u00eame lors des t\u00e2ches les plus intensives. Avec une <strong>batterie de 6000 mAh<\/strong> et une charge rapide de 90 W, ce smartphone est pr\u00eat \u00e0 vous accompagner toute la journ\u00e9e.<\/p>\n<\/section>\n<section>\n<div class=\"desc-image\"><span><img decoding=\"async\" alt=\"\" loading=\"lazy\" src=\"https:\/\/electrovideo.eu\/wp-content\/uploads\/2025\/11\/motorola_edge-60-pro_0000.jpg\"><\/span><\/div>\n<div class=\"desc-text\">\n<h2>Une IA \u00e0 votre service<\/h2>\n<p>Plus rien \u00e0 chercher. <strong>moto ai<\/strong> balise et organise les captures d&#8217;\u00e9cran, les notes et les photos, les inspirations pour tatouage et autres, que vous avez enregistr\u00e9es, pour vous permettre de les partager d&#8217;une simple demande.&nbsp;Associ\u00e9e \u00e0 <strong>Playlist Studio<\/strong>,&nbsp;<b>moto&nbsp;ai<\/b>&nbsp;organise la bande sonore id\u00e9ale. Plus aucune complication, que vous cherchiez une playlist pour vous concentrer, une ambiance d\u00e9tendue ou un regain d&#8217;\u00e9nergie.&nbsp;Vous voulez afficher vos photos ou vos vid\u00e9os sur grand \u00e9cran ? Demandez simplement \u00e0 votre smartphone de les afficher instantan\u00e9ment sur votre t\u00e9l\u00e9viseur compatible&nbsp;: ignorez les menus et la configuration et profitez d&#8217;une connexion imm\u00e9diate avec <strong>Smart Connect<\/strong>.&nbsp;<strong>moto ai<\/strong>&nbsp;reconna\u00eet ce qu&#8217;il y a sur votre \u00e9cran et vous sugg\u00e8re les \u00e9tapes suivantes en temps r\u00e9el. Vous pr\u00e9parez un voyage ? Recevez des suggestions d&#8217;h\u00f4tels \u00e0 enregistrer, les points d&#8217;int\u00e9r\u00eat du secteur ou la possibilit\u00e9 de partager avec vos compagnons de voyage, afin de vous pr\u00e9parer \u00e0 tout sans effort.<\/p>\n<\/div>\n<\/section>\n<section>\n<div class=\"desc-text\">\n<h2>photographies pro<\/h2>\n<p>\u00c9quip\u00e9 d&#8217;un syst\u00e8me de triple cam\u00e9ra, le<strong> Motorola Edge 60 Pro<\/strong> capture des images d&#8217;une qualit\u00e9 exceptionnelle. Le <strong>capteur principal de 50 MP<\/strong> avec stabilisation optique garantit des photos nettes, m\u00eame en mouvement. L&#8217;<strong>objectif ultra grand-angle de<\/strong> <strong>50 MP<\/strong> permet de capturer des paysages \u00e9poustouflants, tandis que le <strong>t\u00e9l\u00e9objectif de 10 MP<\/strong> offre un <strong>zoom optique 3x<\/strong> pour des d\u00e9tails pr\u00e9cis. La <strong>cam\u00e9ra frontale de 50 MP<\/strong> assure des selfies clairs et d\u00e9taill\u00e9s. Chaque clich\u00e9 est sublim\u00e9 par des technologies avanc\u00e9es pour des r\u00e9sultats professionnels.<\/p>\n<\/div>\n<div class=\"desc-image\"><span><img decoding=\"async\" alt=\"\" loading=\"lazy\" src=\"https:\/\/electrovideo.eu\/wp-content\/uploads\/2025\/11\/motorola_edge-60-pro_0002.jpg\"><\/span><\/div>\n<\/section>\n<section>\n<div class=\"desc-image\"><span><img decoding=\"async\" alt=\"\" loading=\"lazy\" src=\"https:\/\/electrovideo.eu\/wp-content\/uploads\/2025\/11\/motorola_edge-60-pro_0001.jpg\"><\/span><\/div>\n<div class=\"desc-text\">\n<h2>Une autonomie impressionnante&nbsp;<\/h2>\n<p>Gr\u00e2ce \u00e0 sa batterie de <strong>6000 mAh<\/strong>, le <strong>Motorola Edge 60 Pro<\/strong> offre une autonomie exceptionnelle, permettant une utilisation intensive sans souci de recharge. La technologie de <strong>charge rapide 90 W<\/strong> permet de r\u00e9cup\u00e9rer rapidement de l&#8217;\u00e9nergie, tandis que la <strong>charge sans fil 15 W<\/strong> ajoute une touche de commodit\u00e9. Que vous soyez en d\u00e9placement ou en pleine session de jeu, ce smartphone est con\u00e7u pour durer.<\/p>\n<\/div>\n<\/section>\n<\/div>\n<div class=\"emphasis\"><strong>Qu&#8217;est ce que le DAS ou D\u00e9bit d&#8217;Absorption Sp\u00e9cifique ?<\/strong><\/p>\n<p>Le d\u00e9bit d&#8217;absorption sp\u00e9cifique (DAS) local quantifie l&#8217;exposition de l&#8217;utilisateur aux ondes \u00e9lectromagn\u00e9tiques de l&#8217;\u00e9quipement concern\u00e9. Le DAS maximal autoris\u00e9 est de 2 W\/kg pour la t\u00eate et le tronc et de 4 W\/kg pour les membres.<\/p>\n<p><em>Tous les produits vendus sur le site Electrovideo.eu sont conformes \u00e0 cette r\u00e9glementation. Les valeurs DAS des produits concern\u00e9s sont indiqu\u00e9es au niveau des fiches produits dans la partie fiche technique.<\/em><\/p>\n<\/div><\/div>\n","protected":false},"excerpt":{"rendered":"<p>Smartphone 5G-LTE IP68 &#8211; Dimensity 8350 8-Core 3.35 GHz &#8211; RAM 12 Go &#8211; Ecran tactile pOLED 120 Hz 6.7&#8243; 1220 x 2712 &#8211; 512 Go &#8211; NFC\/Bluetooth &#8211; 6000 mAh &#8211; Android 15<\/p>\n","protected":false},"featured_media":226976,"comment_status":"open","ping_status":"closed","template":"","meta":{"_monsterinsights_skip_tracking":false,"_monsterinsights_sitenote_active":false,"_monsterinsights_sitenote_note":"","_monsterinsights_sitenote_category":0},"etheme_brands":[],"product_brand":[],"product_cat":[5605],"product_tag":[],"class_list":{"0":"post-226975","1":"product","2":"type-product","3":"status-publish","4":"has-post-thumbnail","6":"product_cat-smartphone","7":"pa_charge-rapide-oui","8":"pa_dual-sim-oui","9":"pa_etanche-oui","10":"pa_memory-ram-12-go","12":"first","13":"instock","14":"sale","15":"taxable","16":"shipping-taxable","17":"purchasable","18":"product-type-simple"},"_links":{"self":[{"href":"https:\/\/electrovideo.eu\/en\/wp-json\/wp\/v2\/product\/226975","targetHints":{"allow":["GET"]}}],"collection":[{"href":"https:\/\/electrovideo.eu\/en\/wp-json\/wp\/v2\/product"}],"about":[{"href":"https:\/\/electrovideo.eu\/en\/wp-json\/wp\/v2\/types\/product"}],"replies":[{"embeddable":true,"href":"https:\/\/electrovideo.eu\/en\/wp-json\/wp\/v2\/comments?post=226975"}],"version-history":[{"count":0,"href":"https:\/\/electrovideo.eu\/en\/wp-json\/wp\/v2\/product\/226975\/revisions"}],"wp:featuredmedia":[{"embeddable":true,"href":"https:\/\/electrovideo.eu\/en\/wp-json\/wp\/v2\/media\/226976"}],"wp:attachment":[{"href":"https:\/\/electrovideo.eu\/en\/wp-json\/wp\/v2\/media?parent=226975"}],"wp:term":[{"taxonomy":"brand","embeddable":true,"href":"https:\/\/electrovideo.eu\/en\/wp-json\/wp\/v2\/etheme_brands?post=226975"},{"taxonomy":"product_brand","embeddable":true,"href":"https:\/\/electrovideo.eu\/en\/wp-json\/wp\/v2\/product_brand?post=226975"},{"taxonomy":"product_cat","embeddable":true,"href":"https:\/\/electrovideo.eu\/en\/wp-json\/wp\/v2\/product_cat?post=226975"},{"taxonomy":"product_tag","embeddable":true,"href":"https:\/\/electrovideo.eu\/en\/wp-json\/wp\/v2\/product_tag?post=226975"}],"curies":[{"name":"wp","href":"https:\/\/api.w.org\/{rel}","templated":true}]}}