{"id":226851,"date":"2025-11-30T16:16:37","date_gmt":"2025-11-30T14:16:37","guid":{"rendered":"https:\/\/electrovideo.eu\/produit\/samsung-galaxy-a17-4g-bleu-4-go-128-go\/"},"modified":"2025-11-30T16:16:37","modified_gmt":"2025-11-30T14:16:37","slug":"samsung-galaxy-a17-4g-bleu-4-go-128-go","status":"publish","type":"product","link":"https:\/\/electrovideo.eu\/en\/product\/samsung-galaxy-a17-4g-bleu-4-go-128-go\/","title":{"rendered":"Samsung Galaxy A17 4G Bleu (4 Go \/ 128 Go)"},"content":{"rendered":"<div id=\"description\" class=\"description\">\n<div class=\"details-pdt-desc\">\n<h2 class=\"h2-master\">Un grand \u00e9cran, de l\u2019IA et de la fluidit\u00e9 au quotidien<\/h2>\n<section>\n<p>Le <strong>Samsung Galaxy A17 4G<\/strong> allie un design fin et moderne \u00e0 des fonctionnalit\u00e9s intelligentes pens\u00e9es pour le quotidien. Dot\u00e9 d\u2019un grand \u00e9cran Super AMOLED 6,7\u201d FHD+ 90 Hz, d\u2019un triple module photo avec capteur principal de 50 MP avec stabilisation optique et de la puissance du processeur Exynos G99, il promet une exp\u00e9rience fluide, immersive et durable. Sa certification IP54 et sa batterie longue dur\u00e9e de 5000 mAh viennent compl\u00e9ter un smartphone complet, accessible et fiable.<\/p>\n<\/section>\n<section>\n<div class=\"desc-image\"><span><img decoding=\"async\" alt=\"\" loading=\"lazy\" src=\"https:\/\/electrovideo.eu\/wp-content\/uploads\/2025\/11\/1-18.jpg\"><\/span><\/div>\n<div class=\"desc-text\">\n<h2>Affichage fluide et design soign\u00e9<\/h2>\n<p>Avec son grand \u00e9cran <strong>Super AMOLED de 6,7 pouces<\/strong> en r\u00e9solution <strong>FHD+ (1080 x 2340 px)<\/strong> et sa <strong>fr\u00e9quence de rafra\u00eechissement de 90 Hz<\/strong>, le Galaxy A17 4G offre une exp\u00e9rience visuelle id\u00e9ale pour le divertissement, le gaming ou le multit\u00e2che. Gr\u00e2ce \u00e0 un pic de luminosit\u00e9 de <strong>1100 nits<\/strong>, l\u2019\u00e9cran reste parfaitement lisible en ext\u00e9rieur.<\/p>\n<p>Le design du A17 a \u00e9t\u00e9 revu avec un <strong>bloc cam\u00e9ra redessin\u00e9<\/strong> et un format affin\u00e9 de seulement <strong>7,5 mm d\u2019\u00e9paisseur<\/strong>, pour une prise en main confortable et un look moderne. Disponible en plusieurs coloris \u00e9l\u00e9gants, il combine esth\u00e9tique et ergonomie pour vous accompagner partout avec style.<\/p>\n<\/div>\n<\/section>\n<section>\n<div class=\"desc-text\">\n<h2>Photo intelligente et autonomie renforc\u00e9e<\/h2>\n<p>Le Galaxy A17 4G embarque un <strong>triple capteur photo<\/strong> polyvalent : un module principal de <strong>50 MP f\/1.8 avec stabilisation optique (OIS)<\/strong>, un <strong>ultra grand-angle de 5 MP<\/strong> et un <strong>capteur macro de 2 MP<\/strong>. En face avant, l\u2019appareil dispose d\u2019un capteur selfie de <strong>13 MP<\/strong> avec flash \u00e9cran et fonctions IA comme la d\u00e9tection de paume.<\/p>\n<p>Gr\u00e2ce \u00e0 la batterie de <strong>5000 mAh<\/strong> compatible avec la <strong>charge rapide 25 W<\/strong>, le Galaxy A17 4G vous accompagne toute la journ\u00e9e sans faiblir. L&#8217;int\u00e9gration d\u2019<strong>Android 15 et One UI 7<\/strong> assure une interface intuitive, tandis que des fonctionnalit\u00e9s IA pratiques comme <strong>Gemini et Entourer pour chercher<\/strong> simplifient vos t\u00e2ches quotidiennes.<\/p>\n<\/div>\n<div class=\"desc-image\"><span><img decoding=\"async\" alt=\"\" loading=\"lazy\" src=\"https:\/\/electrovideo.eu\/wp-content\/uploads\/2025\/11\/2-17.jpg\"><\/span><\/div>\n<\/section>\n<\/div>\n<div class=\"emphasis\"><strong>Qu&#8217;est ce que le DAS ou D\u00e9bit d&#8217;Absorption Sp\u00e9cifique ?<\/strong><\/p>\n<p>Le d\u00e9bit d&#8217;absorption sp\u00e9cifique (DAS) local quantifie l&#8217;exposition de l&#8217;utilisateur aux ondes \u00e9lectromagn\u00e9tiques de l&#8217;\u00e9quipement concern\u00e9. Le DAS maximal autoris\u00e9 est de 2 W\/kg pour la t\u00eate et le tronc et de 4 W\/kg pour les membres.<\/p>\n<p><em>Tous les produits vendus sur le site Electrovideo.eu sont conformes \u00e0 cette r\u00e9glementation. Les valeurs DAS des produits concern\u00e9s sont indiqu\u00e9es au niveau des fiches produits dans la partie fiche technique.<\/em><\/p>\n<\/div><\/div>\n","protected":false},"excerpt":{"rendered":"<p>Smartphone 4G-LTE Dual SIM IP54 &#8211; Helio G99 8-Core 2.2 GHz &#8211; RAM 4 Go &#8211; Ecran tactile Super AMOLED 90 Hz 6.7&#8243; 1080 x 2340 &#8211; 128 Go &#8211; NFC\/Bluetooth 5.3 &#8211; 5000 mAh &#8211; Android 15<\/p>\n","protected":false},"featured_media":226852,"comment_status":"open","ping_status":"closed","template":"","meta":{"_monsterinsights_skip_tracking":false,"_monsterinsights_sitenote_active":false,"_monsterinsights_sitenote_note":"","_monsterinsights_sitenote_category":0},"etheme_brands":[{"term_id":372,"name":"Samsung","slug":"samsung","term_group":0,"term_taxonomy_id":372,"taxonomy":"brand","description":"","parent":0,"count":86,"filter":"raw"}],"product_brand":[],"product_cat":[5605],"product_tag":[],"class_list":{"0":"post-226851","1":"product","2":"type-product","3":"status-publish","4":"has-post-thumbnail","6":"brand-samsung","7":"product_cat-smartphone","8":"pa_charge-rapide-oui","9":"pa_dual-sim-oui","10":"pa_etanche-oui","11":"pa_memory-ram-4-go","13":"first","14":"instock","15":"taxable","16":"shipping-taxable","17":"purchasable","18":"product-type-simple"},"_links":{"self":[{"href":"https:\/\/electrovideo.eu\/en\/wp-json\/wp\/v2\/product\/226851","targetHints":{"allow":["GET"]}}],"collection":[{"href":"https:\/\/electrovideo.eu\/en\/wp-json\/wp\/v2\/product"}],"about":[{"href":"https:\/\/electrovideo.eu\/en\/wp-json\/wp\/v2\/types\/product"}],"replies":[{"embeddable":true,"href":"https:\/\/electrovideo.eu\/en\/wp-json\/wp\/v2\/comments?post=226851"}],"version-history":[{"count":0,"href":"https:\/\/electrovideo.eu\/en\/wp-json\/wp\/v2\/product\/226851\/revisions"}],"wp:featuredmedia":[{"embeddable":true,"href":"https:\/\/electrovideo.eu\/en\/wp-json\/wp\/v2\/media\/226852"}],"wp:attachment":[{"href":"https:\/\/electrovideo.eu\/en\/wp-json\/wp\/v2\/media?parent=226851"}],"wp:term":[{"taxonomy":"brand","embeddable":true,"href":"https:\/\/electrovideo.eu\/en\/wp-json\/wp\/v2\/etheme_brands?post=226851"},{"taxonomy":"product_brand","embeddable":true,"href":"https:\/\/electrovideo.eu\/en\/wp-json\/wp\/v2\/product_brand?post=226851"},{"taxonomy":"product_cat","embeddable":true,"href":"https:\/\/electrovideo.eu\/en\/wp-json\/wp\/v2\/product_cat?post=226851"},{"taxonomy":"product_tag","embeddable":true,"href":"https:\/\/electrovideo.eu\/en\/wp-json\/wp\/v2\/product_tag?post=226851"}],"curies":[{"name":"wp","href":"https:\/\/api.w.org\/{rel}","templated":true}]}}