{"id":226772,"date":"2025-11-30T16:23:44","date_gmt":"2025-11-30T14:23:44","guid":{"rendered":"https:\/\/electrovideo.eu\/produit\/xiaomi-redmi-15c-bleu-4-go-128-go\/"},"modified":"2025-11-30T16:23:44","modified_gmt":"2025-11-30T14:23:44","slug":"xiaomi-redmi-15c-bleu-4-go-128-go","status":"publish","type":"product","link":"https:\/\/electrovideo.eu\/en\/product\/xiaomi-redmi-15c-bleu-4-go-128-go\/","title":{"rendered":"Xiaomi Redmi 15C Bleu (4 Go \/ 128 Go)"},"content":{"rendered":"<div id=\"description\" class=\"description\">\n<div class=\"details-pdt-desc\">\n<h2 class=\"h2-master\">Un smartphone immersif<\/h2>\n<section>\n<p>Avec le <b>Xiaomi Redmi 15C&nbsp;<\/b>vous allez d\u00e9couvrir une exp\u00e9rience totalement nouvelle. Pour cela, il est \u00e9quip\u00e9 d&#8217;un grand \u00e9cran de 6.9&#8243; \u00e0 r\u00e9solution HD+ de 720 x 1600 pixels, d&#8217;un processeur Helio G81-Ultra Octo-Core cadenc\u00e9 \u00e0 2.0 GHz, de&nbsp;4&nbsp;Go de RAM et d&#8217;un espace de stockage de 128 Go. De plus, avec son appareil photo principal de 50 MP et sa cam\u00e9ra frontale optimis\u00e9e pour les selfies de 8 MP, ce mod\u00e8le poss\u00e8de de s\u00e9rieux arguments pour que vous puissiez mettre en valeur votre vie.<\/p>\n<p>Agr\u00e9able en main, il met \u00e0 votre disposition de nombreuses fonctionnalit\u00e9s et une dur\u00e9e de vie optimale avec une batterie de 6000 mAh compatible avec la charge rapide. Et avec le Bluetooth 5.4, le NFC et le Wi-Fi, vous restez connect\u00e9 avec vos amis, votre famille et toute votre communaut\u00e9.<\/p>\n<\/section>\n<section>\n<div class=\"desc-image\"><span><img decoding=\"async\" alt=\"\" loading=\"lazy\" src=\"https:\/\/electrovideo.eu\/wp-content\/uploads\/2025\/11\/1-22.jpg\"><\/span><\/div>\n<div class=\"desc-text\">\n<h2>Un grand \u00e9cran 120 Hz de 6.9&#8243;<\/h2>\n<p>Le Xiaomi Redmi 15C est \u00e9quip\u00e9 d&#8217;un&nbsp;<strong>\u00e9cran de 6.9&#8243; avec taux de rafraichissement de 120 Hz<\/strong>&nbsp;afin de vous offrir une exp\u00e9rience de visionnage toujours fluide. Retrouvez une&nbsp;<strong>r\u00e9solution HD+ de 720 x 1600&nbsp;pixels<\/strong>&nbsp;pour une nettet\u00e9 \u00e0 couper le souffle.&nbsp;Avec des couleurs impressionnantes, vos contenus s&#8217;affichent de la plus belle des mani\u00e8res, quel que soit l&#8217;angle de visionnage.<\/p>\n<p>Le Xiaomi Redmi 15C embarque un&nbsp;<strong>processeur Helio G81-Ultra Octo-Core cadenc\u00e9 \u00e0 2.0 GHz<\/strong>&nbsp;ultra-performant pour vous donner acc\u00e8s \u00e0 des rendements sup\u00e9rieurs. De plus, avec&nbsp;<strong>4 Go de RAM<\/strong>&nbsp;et d&#8217;un&nbsp;<strong>espace de stockage de 128 Go<\/strong>,&nbsp;il vous permet&nbsp;d&#8217;installer toutes vos applications sans le moindre probl\u00e8me.<\/p>\n<\/div>\n<\/section>\n<section>\n<div class=\"desc-text\">\n<h2>Des photos haute-r\u00e9solution<\/h2>\n<p>Disposant d&#8217;un&nbsp;<strong>appareil photo principal de 50 MP<\/strong>, le Xiaomi Redmi 15C vous permet&nbsp;de capturer votre quotidien avec des photos \u00e9blouissantes. Simple \u00e0 utiliser, vous allez pouvoir embellir facilement vos photos et vos vid\u00e9os.&nbsp;L&#8217;appareil est \u00e9galement dot\u00e9 d\u2019un mode nuit pour illuminer vos photos avec plus de d\u00e9tails dans des conditions de faible luminosit\u00e9.<\/p>\n<p>Quant \u00e0 l&#8217;<strong>appareil photo avant de 8 MP<\/strong>, faites le selfie parfait gr\u00e2ce \u00e0 des couleurs lumineuses et des d\u00e9tails \u00e0 couper le souffle.<\/p>\n<\/div>\n<div class=\"desc-image\"><span><img decoding=\"async\" alt=\"\" loading=\"lazy\" src=\"https:\/\/electrovideo.eu\/wp-content\/uploads\/2025\/11\/2-22.jpg\"><\/span><\/div>\n<\/section>\n<\/div>\n<div class=\"emphasis\"><strong>Qu&#8217;est ce que le DAS ou D\u00e9bit d&#8217;Absorption Sp\u00e9cifique ?<\/strong><\/p>\n<p>Le d\u00e9bit d&#8217;absorption sp\u00e9cifique (DAS) local quantifie l&#8217;exposition de l&#8217;utilisateur aux ondes \u00e9lectromagn\u00e9tiques de l&#8217;\u00e9quipement concern\u00e9. Le DAS maximal autoris\u00e9 est de 2 W\/kg pour la t\u00eate et le tronc et de 4 W\/kg pour les membres.<\/p>\n<p><em>Tous les produits vendus sur le site Electrovideo.eu sont conformes \u00e0 cette r\u00e9glementation. Les valeurs DAS des produits concern\u00e9s sont indiqu\u00e9es au niveau des fiches produits dans la partie fiche technique.<\/em><\/p>\n<\/div><\/div>\n","protected":false},"excerpt":{"rendered":"<p>Smartphone 4G-LTE Dual SIM IP64 &#8211; Helio G81-Ultra 8-Core 2.0 GHz &#8211; RAM 4 Go &#8211; Ecran tactile 6.9&#8243; 120 Hz 720 x 1600 &#8211; 128 Go &#8211; NFC\/Bluetooth 5.4 &#8211; 6000 mAh &#8211; Android 15<\/p>\n","protected":false},"featured_media":226773,"comment_status":"open","ping_status":"closed","template":"","meta":{"_monsterinsights_skip_tracking":false,"_monsterinsights_sitenote_active":false,"_monsterinsights_sitenote_note":"","_monsterinsights_sitenote_category":0},"etheme_brands":[{"term_id":5654,"name":"Xiaomi","slug":"xiaomi","term_group":0,"term_taxonomy_id":5654,"taxonomy":"brand","description":"","parent":0,"count":21,"filter":"raw"}],"product_brand":[],"product_cat":[5605],"product_tag":[],"class_list":{"0":"post-226772","1":"product","2":"type-product","3":"status-publish","4":"has-post-thumbnail","6":"brand-xiaomi","7":"product_cat-smartphone","8":"pa_charge-rapide-oui","9":"pa_dual-sim-oui","10":"pa_etanche-oui","11":"pa_memory-ram-4-go","13":"first","14":"instock","15":"taxable","16":"shipping-taxable","17":"purchasable","18":"product-type-simple"},"_links":{"self":[{"href":"https:\/\/electrovideo.eu\/en\/wp-json\/wp\/v2\/product\/226772","targetHints":{"allow":["GET"]}}],"collection":[{"href":"https:\/\/electrovideo.eu\/en\/wp-json\/wp\/v2\/product"}],"about":[{"href":"https:\/\/electrovideo.eu\/en\/wp-json\/wp\/v2\/types\/product"}],"replies":[{"embeddable":true,"href":"https:\/\/electrovideo.eu\/en\/wp-json\/wp\/v2\/comments?post=226772"}],"version-history":[{"count":0,"href":"https:\/\/electrovideo.eu\/en\/wp-json\/wp\/v2\/product\/226772\/revisions"}],"wp:featuredmedia":[{"embeddable":true,"href":"https:\/\/electrovideo.eu\/en\/wp-json\/wp\/v2\/media\/226773"}],"wp:attachment":[{"href":"https:\/\/electrovideo.eu\/en\/wp-json\/wp\/v2\/media?parent=226772"}],"wp:term":[{"taxonomy":"brand","embeddable":true,"href":"https:\/\/electrovideo.eu\/en\/wp-json\/wp\/v2\/etheme_brands?post=226772"},{"taxonomy":"product_brand","embeddable":true,"href":"https:\/\/electrovideo.eu\/en\/wp-json\/wp\/v2\/product_brand?post=226772"},{"taxonomy":"product_cat","embeddable":true,"href":"https:\/\/electrovideo.eu\/en\/wp-json\/wp\/v2\/product_cat?post=226772"},{"taxonomy":"product_tag","embeddable":true,"href":"https:\/\/electrovideo.eu\/en\/wp-json\/wp\/v2\/product_tag?post=226772"}],"curies":[{"name":"wp","href":"https:\/\/api.w.org\/{rel}","templated":true}]}}