{"id":223647,"date":"2025-11-25T02:43:27","date_gmt":"2025-11-25T00:43:27","guid":{"rendered":"https:\/\/electrovideo.eu\/produit\/msi-31-5-led-mag-321cupdf\/"},"modified":"2026-04-15T04:51:54","modified_gmt":"2026-04-15T02:51:54","slug":"msi-31-5-led-mag-321cupdf","status":"publish","type":"product","link":"https:\/\/electrovideo.eu\/en\/product\/msi-31-5-led-mag-321cupdf\/","title":{"rendered":"MSI 31.5&#8243; LED &#8211; MAG 321CUPDF"},"content":{"rendered":"<div id=\"description\" class=\"description\">\n<div class=\"details-pdt-desc\">\n<h2 class=\"h2-master\">Un \u00e9cran 4K 160 Hz avec Dual Mode FHD 320 Hz<\/h2>\n<section>\n<p>Profitez d&#8217;une qualit\u00e9 d&#8217;image \u00e9poustouflante en toutes circonstances avec <strong>le moniteur MSI MAG 321CUPDF<\/strong> ! Pens\u00e9 pour les joueurs exigeants \u00e0 la recherche du meilleur, cet \u00e9cran incurv\u00e9 de 31.5 pouces b\u00e9n\u00e9ficie notamment d&#8217;une dalle VA avec r\u00e9solution 4K \u00e0 160 Hz avec Dual Mode Full HD \u00e0 320 Hz.<br \/>&nbsp;<\/p>\n<\/section>\n<section>\n<div class=\"desc-image\"><span><img decoding=\"async\" alt=\"\" loading=\"lazy\" src=\"https:\/\/electrovideo.eu\/wp-content\/uploads\/2025\/11\/801-14.jpg\"><\/span><\/div>\n<div class=\"desc-text\">\n<h2>Dual Mode : UHD 160 Hz ou FHD 320 Hz<\/h2>\n<p><strong>Deux modes d&#8217;affichage<\/strong> vous permettent de s\u00e9lectionner la r\u00e9solution et la vitesse de balayage de l&#8217;affichage en fonction de votre jeu. S\u00e9lectionnez une fr\u00e9quence d&#8217;image plus \u00e9lev\u00e9e et une r\u00e9solution plus faible pour les jeux FPS rapides ou s\u00e9lectionnez une vitesse de balayage d&#8217;image moins \u00e9lev\u00e9e mais une r\u00e9solution plus \u00e9lev\u00e9e pour des images 4K nettes. Le choix vous appartient. Un seul \u00e9cran vous permettra d&#8217;exploiter tous vos jeux dans de parfaites conditions !<\/p>\n<p>Vous aurez \u00e9galement la <strong>possibilit\u00e9 de r\u00e9duire la taille du cadre d&#8217;affichage<\/strong>, avec la possibilit\u00e9 d&#8217;obtenir un affichage d&#8217;une taille de 27 pouces ou de 24.5 pouces. Cet \u00e9cran s&#8217;adaptera ainsi \u00e0 tous vos besoins, selon le jeu !<\/p>\n<\/div>\n<\/section>\n<section>\n<div class=\"desc-text\">\n<h2>Un affichage parfait gr\u00e2ce au HDR<\/h2>\n<p>En plus de sa r\u00e9solution 4K, le moniteur MSI MAG 321CUPDF est certifi\u00e9 <strong>VESA DisplayHDR 400<\/strong>. La HDR permet de r\u00e9hausser le contraste et d&#8217;\u00e9largir la palette de teintes disponibles afin qu&#8217;elles se rapprochent le plus possible de ce que l&#8217;oeil humain est en mesure de discerner. Contrairement aux moniteurs SDR standards, le MAG 321CUPDF peut afficher une image beaucoup plus profonde et color\u00e9e afin de faire ressortir toute l&#8217;intensit\u00e9 de chaque sc\u00e8ne pour le plaisir des yeux.<\/p>\n<\/div>\n<div class=\"desc-image\"><span><img decoding=\"async\" alt=\"\" loading=\"lazy\" src=\"https:\/\/electrovideo.eu\/wp-content\/uploads\/2025\/11\/802-13.jpg\"><\/span><\/div>\n<\/section>\n<section class=\"list\">\n<h2>Caract\u00e9ristiques principales :<\/h2>\n<ul>\n<li>Dalle Rapid VA de 31.5 pouces avec r\u00e9solution 4K UHD (3840 x 2160) et fr\u00e9quence maximale \u00e0 160 Hz<\/li>\n<li>Dual Mode avec affichage en r\u00e9solution Full HD et fr\u00e9quence maximale \u00e0 320 Hz<\/li>\n<li><strong>Certification VESA DisplayHDR 400<\/strong><\/li>\n<li>Dalle incurv\u00e9e avec courbure 1500R<\/li>\n<li>Temps de r\u00e9ponse rapide de 0.5 ms (gris \u00e0 gris)<\/li>\n<li>Affichage sans d\u00e9chirure avec la technologie Adaptive-Sync<\/li>\n<li>Connecteurs num\u00e9riques DisplayPort, HDMI et USB-C<\/li>\n<li>R\u00e9glage en hauteur sur 130 mm<\/li>\n<\/ul>\n<\/section>\n<\/div><\/div>\n","protected":false},"excerpt":{"rendered":"<p>Ecran PC 4K &#8211; 3840 x 2160 pixels &#8211; 0.5 ms &#8211; 16\/9 &#8211; Dalle VA incurv\u00e9e &#8211; 160 Hz &#8211; HDR 400 &#8211; Adaptive-Sync &#8211; DisplayPort\/HDMI\/USB-C &#8211; Noir<\/p>\n","protected":false},"featured_media":223649,"comment_status":"open","ping_status":"closed","template":"","meta":{"_monsterinsights_skip_tracking":false,"_monsterinsights_sitenote_active":false,"_monsterinsights_sitenote_note":"","_monsterinsights_sitenote_category":0},"etheme_brands":[{"term_id":51,"name":"MSI","slug":"msi","term_group":0,"term_taxonomy_id":51,"taxonomy":"brand","description":"","parent":0,"count":137,"filter":"raw"}],"product_brand":[],"product_cat":[3302],"product_tag":[],"class_list":{"0":"post-223647","1":"product","2":"type-product","3":"status-publish","4":"has-post-thumbnail","6":"brand-msi","7":"product_cat-pc-monitors-screens","9":"first","10":"instock","11":"taxable","12":"shipping-taxable","13":"purchasable","14":"product-type-simple"},"_links":{"self":[{"href":"https:\/\/electrovideo.eu\/en\/wp-json\/wp\/v2\/product\/223647","targetHints":{"allow":["GET"]}}],"collection":[{"href":"https:\/\/electrovideo.eu\/en\/wp-json\/wp\/v2\/product"}],"about":[{"href":"https:\/\/electrovideo.eu\/en\/wp-json\/wp\/v2\/types\/product"}],"replies":[{"embeddable":true,"href":"https:\/\/electrovideo.eu\/en\/wp-json\/wp\/v2\/comments?post=223647"}],"version-history":[{"count":0,"href":"https:\/\/electrovideo.eu\/en\/wp-json\/wp\/v2\/product\/223647\/revisions"}],"wp:featuredmedia":[{"embeddable":true,"href":"https:\/\/electrovideo.eu\/en\/wp-json\/wp\/v2\/media\/223649"}],"wp:attachment":[{"href":"https:\/\/electrovideo.eu\/en\/wp-json\/wp\/v2\/media?parent=223647"}],"wp:term":[{"taxonomy":"brand","embeddable":true,"href":"https:\/\/electrovideo.eu\/en\/wp-json\/wp\/v2\/etheme_brands?post=223647"},{"taxonomy":"product_brand","embeddable":true,"href":"https:\/\/electrovideo.eu\/en\/wp-json\/wp\/v2\/product_brand?post=223647"},{"taxonomy":"product_cat","embeddable":true,"href":"https:\/\/electrovideo.eu\/en\/wp-json\/wp\/v2\/product_cat?post=223647"},{"taxonomy":"product_tag","embeddable":true,"href":"https:\/\/electrovideo.eu\/en\/wp-json\/wp\/v2\/product_tag?post=223647"}],"curies":[{"name":"wp","href":"https:\/\/api.w.org\/{rel}","templated":true}]}}