{"id":223639,"date":"2025-11-25T02:43:27","date_gmt":"2025-11-25T00:43:27","guid":{"rendered":"https:\/\/electrovideo.eu\/produit\/iiyama-34-led-prolite-xcb3497wqsnp-b1\/"},"modified":"2025-11-25T02:43:27","modified_gmt":"2025-11-25T00:43:27","slug":"iiyama-34-led-prolite-xcb3497wqsnp-b1","status":"publish","type":"product","link":"https:\/\/electrovideo.eu\/en\/product\/iiyama-34-led-prolite-xcb3497wqsnp-b1\/","title":{"rendered":"iiyama 34&#8243; LED &#8211; ProLite XCB3497WQSNP-B1"},"content":{"rendered":"<div id=\"description\" class=\"description\">\n<div class=\"details-pdt-desc\">\n<h2 class=\"h2-master\">\u00c9cran incurv\u00e9 panoramique 34 pouces avec commutateur KVM<\/h2>\n<section>\n<p>Le <strong>moniteur iiyama ProLite XCB3497WQSNP-B1<\/strong> est un \u00e9cran PC panoramique avec dalle incurv\u00e9 120 Hz, connectique compl\u00e8te, commutateur KVM et dock USB-C. Sa fonction KVM permet de connecter plusieurs sources (PC de bureau + PC portable ou 2 PC) pour plus de flexibilit\u00e9, en entreprise comme en t\u00e9l\u00e9travail.<br \/>&nbsp;<\/p>\n<\/section>\n<section>\n<div class=\"desc-image\"><span><img decoding=\"async\" alt=\"\" loading=\"lazy\" src=\"https:\/\/electrovideo.eu\/wp-content\/uploads\/2025\/09\/801-36.jpg\"><\/span><\/div>\n<div class=\"desc-text\">\n<h2>Le confort de travail d&#8217;une dalle incurv\u00e9e<\/h2>\n<p>Le moniteur XCB3497WQSNP-B1, dot\u00e9 d&#8217;un \u00e9cran incurv\u00e9 VA 1500R inspir\u00e9 de la courbure de l&#8217;\u0153il humain, offre une superbe qualit\u00e9 d&#8217;image et une exp\u00e9rience visuelle confortable et immersive. La courbure 1500R de l&#8217;\u00e9cran r\u00e9duit la fatigue de vos yeux tout en offrant une exp\u00e9rience visuelle r\u00e9aliste. Elle permet un angle de vision plus large et plus naturel que celui des moniteurs plats align\u00e9s c\u00f4te \u00e0 c\u00f4te. Le r\u00e9sultat est une exp\u00e9rience plus immersive qui stimule la productivit\u00e9 et la concentration, que ce soit pour le travail, les jeux, le divertissement, l&#8217;\u00e9dition ou autre.<\/p>\n<\/div>\n<\/section>\n<section>\n<div class=\"desc-text\">\n<h2>KVM et dock USB-C<\/h2>\n<p>Avoir un moniteur avec un commutateur KVM vous permet de partager les p\u00e9riph\u00e9riques connect\u00e9s via USB \u00e0 votre moniteur avec deux PC diff\u00e9rents. Il suffit de changer l&#8217;entr\u00e9e du signal dans le menu OSD du moniteur pour que votre clavier, votre souris et votre webcam passent de votre ordinateur portable de travail \u00e0 votre PC de jeu.<\/p>\n<p>La station d&#8217;accueil vous permet de connecter un ordinateur portable compatible avec un seul c\u00e2ble au moniteur pour vous assurer qu&#8217;il est \u00e0 la fois charg\u00e9 et connect\u00e9 \u00e0 un r\u00e9seau c\u00e2bl\u00e9 et que le signal de l&#8217;ordinateur portable est envoy\u00e9 au moniteur. Avec des ports USB suppl\u00e9mentaires, votre souris, clavier ou webcam peuvent \u00e9galement \u00eatre connect\u00e9s au moniteur. Tout cela gr\u00e2ce \u00e0 un seul c\u00e2ble reliant votre ordinateur portable \u00e0 la station d&#8217;accueil USB-C sur le moniteur.<\/p>\n<\/div>\n<div class=\"desc-image\"><span><img decoding=\"async\" alt=\"\" loading=\"lazy\" src=\"https:\/\/electrovideo.eu\/wp-content\/uploads\/2025\/11\/802-10.jpg\"><\/span><\/div>\n<\/section>\n<\/div><\/div>\n","protected":false},"excerpt":{"rendered":"<p>Ecran PC UltraWide WQHD &#8211; 3440 x 1440 pixels &#8211; 0.4ms (MPRT) &#8211; Format large 21\/9 &#8211; Dalle VA incurv\u00e9e &#8211; 120 Hz &#8211; Adaptive-Sync &#8211; Commutateur KVM &#8211; HDMI\/DisplayPort\/USB-C &#8211; Noir<\/p>\n","protected":false},"featured_media":223641,"comment_status":"open","ping_status":"closed","template":"","meta":{"_monsterinsights_skip_tracking":false,"_monsterinsights_sitenote_active":false,"_monsterinsights_sitenote_note":"","_monsterinsights_sitenote_category":0},"etheme_brands":[{"term_id":5058,"name":"iiyama","slug":"iiyama-en","term_group":0,"term_taxonomy_id":5058,"taxonomy":"brand","description":"","parent":0,"count":29,"filter":"raw"}],"product_brand":[],"product_cat":[3302],"product_tag":[],"class_list":{"0":"post-223639","1":"product","2":"type-product","3":"status-publish","4":"has-post-thumbnail","6":"brand-iiyama-en","7":"product_cat-pc-monitors-screens","9":"first","10":"instock","11":"sale","12":"taxable","13":"shipping-taxable","14":"purchasable","15":"product-type-simple"},"_links":{"self":[{"href":"https:\/\/electrovideo.eu\/en\/wp-json\/wp\/v2\/product\/223639","targetHints":{"allow":["GET"]}}],"collection":[{"href":"https:\/\/electrovideo.eu\/en\/wp-json\/wp\/v2\/product"}],"about":[{"href":"https:\/\/electrovideo.eu\/en\/wp-json\/wp\/v2\/types\/product"}],"replies":[{"embeddable":true,"href":"https:\/\/electrovideo.eu\/en\/wp-json\/wp\/v2\/comments?post=223639"}],"version-history":[{"count":0,"href":"https:\/\/electrovideo.eu\/en\/wp-json\/wp\/v2\/product\/223639\/revisions"}],"wp:featuredmedia":[{"embeddable":true,"href":"https:\/\/electrovideo.eu\/en\/wp-json\/wp\/v2\/media\/223641"}],"wp:attachment":[{"href":"https:\/\/electrovideo.eu\/en\/wp-json\/wp\/v2\/media?parent=223639"}],"wp:term":[{"taxonomy":"brand","embeddable":true,"href":"https:\/\/electrovideo.eu\/en\/wp-json\/wp\/v2\/etheme_brands?post=223639"},{"taxonomy":"product_brand","embeddable":true,"href":"https:\/\/electrovideo.eu\/en\/wp-json\/wp\/v2\/product_brand?post=223639"},{"taxonomy":"product_cat","embeddable":true,"href":"https:\/\/electrovideo.eu\/en\/wp-json\/wp\/v2\/product_cat?post=223639"},{"taxonomy":"product_tag","embeddable":true,"href":"https:\/\/electrovideo.eu\/en\/wp-json\/wp\/v2\/product_tag?post=223639"}],"curies":[{"name":"wp","href":"https:\/\/api.w.org\/{rel}","templated":true}]}}