{"id":223619,"date":"2025-11-25T02:44:33","date_gmt":"2025-11-25T00:44:33","guid":{"rendered":"https:\/\/electrovideo.eu\/produit\/benq-27-led-mobiuz-ex2710u\/"},"modified":"2026-04-15T04:54:15","modified_gmt":"2026-04-15T02:54:15","slug":"benq-27-led-mobiuz-ex2710u","status":"publish","type":"product","link":"https:\/\/electrovideo.eu\/en\/product\/benq-27-led-mobiuz-ex2710u\/","title":{"rendered":"BenQ 27&#8243; LED &#8211; MOBIUZ EX2710U"},"content":{"rendered":"<div id=\"description\" class=\"description\">\n<div class=\"details-pdt-desc\">\n<h2 class=\"h2-master\">En route pour la victoire !<\/h2>\n<section>\n<p>Avec l&#8217;<strong>\u00e9cran 4K IPS BenQ Mobiuz EX2710U<\/strong>, b\u00e9n\u00e9ficiez d&#8217;un environnement de jeu optimal avec une combinaison efficace entre richesse visuelle et performances gaming. Port\u00e9 par une diagonale de 27 pouces, ce mod\u00e8le certifi\u00e9 HDR600 d\u00e9voile id\u00e9alement l&#8217;ambiance de vos jeux pr\u00e9f\u00e9r\u00e9s. D\u00e9couvrez des qualit\u00e9s sup\u00e9rieures et adapt\u00e9es aux exigences de jeu (1 ms, 144 Hz, FreeSync Premium Pro), profitez d&#8217;une compatibilit\u00e9 PS5 et Xbox Series gr\u00e2ce aux ports HDMI 2.1 et appr\u00e9ciez un syst\u00e8me audio 2.1 sign\u00e9 treVolo. L&#8217;\u00e9cran Mobiuz EX2710U se pare \u00e9galement d&#8217;un pied ergonomique avec hauteur r\u00e9glable, d&#8217;un hub USB 3.0 \u00e0 4 ports et d&#8217;un microphone pour communiquer avec vos co\u00e9quipiers.<br \/>&nbsp;<\/p>\n<\/section>\n<section>\n<div class=\"desc-image\"><span><img decoding=\"async\" alt=\"\" loading=\"lazy\" src=\"https:\/\/electrovideo.eu\/wp-content\/uploads\/2025\/11\/4k_hdr-1.jpg\"><\/span><\/div>\n<div class=\"desc-text\">\n<h2>Dalle IPS 4K UHD<\/h2>\n<p>La <strong>dalle IPS de 27&#8243; en r\u00e9solution 4K UHD (3840 x 2160)<\/strong> se caract\u00e9rise par une excellente restitution des couleurs (98% DCI-P3) ainsi que des angles de vision larges (178\/178 degr\u00e9s). Certifi\u00e9 VESA DisplayHDR 600, le moniteur Mobiuz EX2710U dispose en outre d&#8217;une technologie de pointe, le <strong>HDRi<\/strong>, capable de <strong>d\u00e9tecter automatiquement l&#8217;\u00e9clairage ambiant afin d&#8217;ajuster l&#8217;affichage tout en proposant un meilleur contraste et des couleurs plus satur\u00e9es<\/strong>. Ce syst\u00e8me exclusif \u00e0 BenQ apporte une immersion maximale dans les jeux et films compatibles, pour des moments de d\u00e9tente incroyables au quotidien.<\/div>\n<\/section>\n<section>\n<div class=\"desc-text\">\n<h2>Immersion gaming sur PC ou consoles<\/h2>\n<p>Profitez d&#8217;une belle fluidit\u00e9 et d&#8217;un \u00e9cran performant avec le BenQ Mobiuz EX2710U. La technologie <strong>AMD FreeSync Premium Pro,<\/strong>&nbsp;un <strong>temps de r\u00e9ponse ultra-rapide de 1 ms (MPRT)<\/strong>&nbsp;et un <strong>taux de rafra\u00eechissement maximal de 144 Hz<\/strong> vous aideront \u00e0 surpasser vos adversaires \u00e0 chaque partie !<\/p>\n<p>Equip\u00e9 de <strong>connecteurs HDMI 2.1 et DisplayPort<\/strong>, ce moniteur se montre <strong>compatible avec les consoles Next Gen<\/strong> (PS5 et Xbox Series). Il int\u00e8gre \u00e9galement des fonctionnalit\u00e9s de jeu id\u00e9ales avec notamment Black eQualizer qui permet de voir vos ennemis m\u00eame dans les zones sombres, Color Vibrance qui am\u00e9liore votre visibilit\u00e9 et ce sur n&#8217;importe quel fond et Light Tuner qui offre des param\u00e8tres de jeu personnalis\u00e9s.<\/div>\n<div class=\"desc-image\"><span><img decoding=\"async\" alt=\"\" loading=\"lazy\" src=\"https:\/\/electrovideo.eu\/wp-content\/uploads\/2025\/11\/gaming.jpg\"><\/span><\/div>\n<\/section>\n<section>\n<div class=\"desc-image\"><span><img decoding=\"async\" alt=\"\" loading=\"lazy\" src=\"https:\/\/electrovideo.eu\/wp-content\/uploads\/2025\/11\/confort.jpg\"><\/span><\/div>\n<div class=\"desc-text\">\n<h2>Un environnement de jeu optimis\u00e9<\/h2>\n<p>Pour une immersion totale dans vos parties, le moniteur BenQ Mobiuz se pare de&nbsp;<strong>haut-parleurs TreVolo 2.1 canaux avec processeur de signal num\u00e9rique.<\/strong>&nbsp;B\u00e9n\u00e9ficiez alors d&#8217;un son de qualit\u00e9 avec des basses riches, des aigus pr\u00e9cis ainsi que 5 modes d\u00e9di\u00e9s en fonction de vos envies. De plus, le microphone embarqu\u00e9 assure des communications confortables avec vos partenaires.<\/p>\n<p>Le <strong>syst\u00e8me Eye-Care de BenQ<\/strong> combine de son c\u00f4t\u00e9 une gestion pouss\u00e9e de la luminosit\u00e9 avec les technologies de r\u00e9duction de lumi\u00e8re bleue et anti-scintillement (Flicker Free) pour que votre temps pass\u00e9 devant l&#8217;\u00e9cran soit aussi agr\u00e9able que possible.<\/div>\n<\/section>\n<section class=\"list\">\n<h2>Caract\u00e9ristiques principales :<\/h2>\n<ul>\n<li><strong>Moniteur de 27 pouces&nbsp;<\/strong>avec <strong>r\u00e9solution 4K UHD (3840 x 2160)<\/strong><\/li>\n<li><strong>Dalle IPS<\/strong> : couleurs riches et pr\u00e9cises (98% DCI-P3), angles de vision larges<\/li>\n<li><strong>Technologie BenQ HDRi <\/strong>: ajustement de la luminosit\u00e9, du contraste et de l&#8217;intensit\u00e9 des couleurs<\/li>\n<li><strong>Certification VESA DisplayHDR 600<\/strong><\/li>\n<li>Temps de r\u00e9ponse : 1 ms (MPRT), 2 ms (gris \u00e0 gris)<\/li>\n<li>Technologie <strong>AMD FreeSync Premium Pro<\/strong><\/li>\n<li>Taux de rafra\u00eechissement maximal de <strong>144&nbsp;Hz<\/strong><\/li>\n<li><strong>Connecteurs<\/strong> :&nbsp;2x HDMI 2.1 + 1x DisplayPort 1.4<\/li>\n<li><strong>Compatible Xbox Series et PS5<\/strong><\/li>\n<li>Syst\u00e8me <strong>BenQ Eye-Care<\/strong> (r\u00e9duction de la lumi\u00e8re bleue et anti-scintillements)<\/li>\n<li>Design sobre et moderne sans bords sur 3 c\u00f4t\u00e9s<\/li>\n<li><strong>Pied ergonomique<\/strong> : hauteur ajustable (100 mm), rotation horizontale (+\/-15\u00b0), inclinaison<\/li>\n<li>Haut-parleurs 2.1 treVolo (2 x 2W + 5W) avec DSP et 5 modes sonores<\/li>\n<li><strong>Microphone int\u00e9gr\u00e9 avec suppression de bruit&nbsp;IA<\/strong><\/li>\n<li>T\u00e9l\u00e9commande incluse<\/li>\n<\/ul>\n<\/section>\n<\/div><\/div>\n","protected":false},"excerpt":{"rendered":"<p>Ecran PC 4K &#8211; 3840 x 2160 pixels &#8211; 1 ms (MPRT) &#8211; 16\/9 &#8211; Dalle IPS &#8211; HDR600 &#8211; 144 Hz &#8211; FreeSync Premium Pro &#8211; DP\/HDMI 2.1 &#8211; Haut-parleurs &#8211; Hauteur ajustable &#8211; Noir\/Blanc<\/p>\n","protected":false},"featured_media":223621,"comment_status":"open","ping_status":"closed","template":"","meta":{"_monsterinsights_skip_tracking":false,"_monsterinsights_sitenote_active":false,"_monsterinsights_sitenote_note":"","_monsterinsights_sitenote_category":0},"etheme_brands":[{"term_id":5033,"name":"BenQ","slug":"benq-en","term_group":0,"term_taxonomy_id":5033,"taxonomy":"brand","description":"","parent":0,"count":17,"filter":"raw"}],"product_brand":[],"product_cat":[3302],"product_tag":[],"class_list":{"0":"post-223619","1":"product","2":"type-product","3":"status-publish","4":"has-post-thumbnail","6":"brand-benq-en","7":"product_cat-pc-monitors-screens","9":"first","10":"instock","11":"sale","12":"taxable","13":"shipping-taxable","14":"purchasable","15":"product-type-simple"},"_links":{"self":[{"href":"https:\/\/electrovideo.eu\/en\/wp-json\/wp\/v2\/product\/223619","targetHints":{"allow":["GET"]}}],"collection":[{"href":"https:\/\/electrovideo.eu\/en\/wp-json\/wp\/v2\/product"}],"about":[{"href":"https:\/\/electrovideo.eu\/en\/wp-json\/wp\/v2\/types\/product"}],"replies":[{"embeddable":true,"href":"https:\/\/electrovideo.eu\/en\/wp-json\/wp\/v2\/comments?post=223619"}],"version-history":[{"count":0,"href":"https:\/\/electrovideo.eu\/en\/wp-json\/wp\/v2\/product\/223619\/revisions"}],"wp:featuredmedia":[{"embeddable":true,"href":"https:\/\/electrovideo.eu\/en\/wp-json\/wp\/v2\/media\/223621"}],"wp:attachment":[{"href":"https:\/\/electrovideo.eu\/en\/wp-json\/wp\/v2\/media?parent=223619"}],"wp:term":[{"taxonomy":"brand","embeddable":true,"href":"https:\/\/electrovideo.eu\/en\/wp-json\/wp\/v2\/etheme_brands?post=223619"},{"taxonomy":"product_brand","embeddable":true,"href":"https:\/\/electrovideo.eu\/en\/wp-json\/wp\/v2\/product_brand?post=223619"},{"taxonomy":"product_cat","embeddable":true,"href":"https:\/\/electrovideo.eu\/en\/wp-json\/wp\/v2\/product_cat?post=223619"},{"taxonomy":"product_tag","embeddable":true,"href":"https:\/\/electrovideo.eu\/en\/wp-json\/wp\/v2\/product_tag?post=223619"}],"curies":[{"name":"wp","href":"https:\/\/api.w.org\/{rel}","templated":true}]}}