{"id":223610,"date":"2025-11-25T02:44:33","date_gmt":"2025-11-25T00:44:33","guid":{"rendered":"https:\/\/electrovideo.eu\/produit\/benq-27-led-pd2706u\/"},"modified":"2026-04-15T04:54:27","modified_gmt":"2026-04-15T02:54:27","slug":"benq-27-led-pd2706u","status":"publish","type":"product","link":"https:\/\/electrovideo.eu\/en\/product\/benq-27-led-pd2706u\/","title":{"rendered":"BenQ 27&#8243; LED &#8211; PD2706U"},"content":{"rendered":"<div id=\"description\" class=\"description\">\n<div class=\"details-pdt-desc\">\n<h2 class=\"h2-master\">Moniteur 4K HDR avec USB-C<\/h2>\n<section>\n<p>Install\u00e9 sur votre bureau, le <strong>moniteur 4K HDR BenQ PD2706U<\/strong> d\u00e9voile son large potentiel. Grande pr\u00e9cision colorim\u00e9trique, modes professionnels, connectique compl\u00e8te et design ergonomique, les arguments de cet \u00e9cran IPS 27 pouces ne manquent pas ! Travaillez alors dans les meilleures conditions pour finaliser vos diff\u00e9rents projets.<\/p>\n<\/section>\n<section>\n<div class=\"desc-image\"><span><img decoding=\"async\" alt=\"\" loading=\"lazy\" src=\"https:\/\/electrovideo.eu\/wp-content\/uploads\/2025\/11\/4k_hdr.jpg\"><\/span><\/div>\n<div class=\"desc-text\">\n<h2>Performances colorim\u00e9triques<\/h2>\n<p>Le PD2706U couvre 95% de l\u2019espace de couleur P3, 100% de l\u2019espace sRGB et 100% de l\u2019espace Rec.709 avec une reproduction des couleurs Delta E \u2264 3 exceptionnelle qui garantit une pr\u00e9cision remarquable des couleurs. Si vous \u00eates utilisateur de Mac\/MacBook, le mode M-book exclusif de BenQ offre une synchronisation active des couleurs, cr\u00e9ant une couche suppl\u00e9mentaire d\u2019assurance de pr\u00e9cision des couleurs.<\/p>\n<\/div>\n<\/section>\n<section>\n<div class=\"desc-text\">\n<h2>Modes adapt\u00e9s<\/h2>\n<p>Profitez&nbsp;d&#8217;un flux de travail plus fluide gr\u00e2ce \u00e0 cet \u00e9cran BenQ \u00e9quip\u00e9 de<strong> modes d&#8217;affichage<\/strong> qui accentuent les d\u00e9tails des images et facilitent la modification, la cr\u00e9ation et la visualisation.&nbsp;<br \/>&nbsp;&nbsp;<br \/>Le <strong>mode Darkroom<\/strong> r\u00e8gle la luminosit\u00e9 et le contraste des images pour apporter clart\u00e9 et nettet\u00e9 \u00e0 tous les d\u00e9tails et cr\u00e9er le r\u00e9glage optimal pour les t\u00e2ches de post-traitement dans les zones sombres. Le <strong>mode CAD \/ CAM<\/strong> r\u00e9volutionnaire offre un contraste sup\u00e9rieur de l&#8217;image qui permet aux lignes et formes des illustrations techniques de se d\u00e9marquer. Le <strong>mode Animation<\/strong> augmente les d\u00e9tails des ombres noires pour que vous puissiez pr\u00e9cis\u00e9ment ajuster vos cr\u00e9ations sans effort, alors que les zones qui ne n\u00e9cessitent pas cette fonction restent inchang\u00e9es. Le<strong> mode DualView<\/strong> permet de pr\u00e9senter des designs en deux modes c\u00f4te \u00e0 c\u00f4te pour un meilleur flux de travail et une productivit\u00e9 accrue.<\/p>\n<\/div>\n<div class=\"desc-image\"><span><img decoding=\"async\" alt=\"\" loading=\"lazy\" src=\"https:\/\/electrovideo.eu\/wp-content\/uploads\/2025\/11\/design.jpg\"><\/span><\/div>\n<\/section>\n<section>\n<div class=\"desc-image\"><span><img decoding=\"async\" alt=\"\" loading=\"lazy\" src=\"https:\/\/electrovideo.eu\/wp-content\/uploads\/2025\/11\/thunderbolt.jpg\"><\/span><\/div>\n<div class=\"desc-text\">\n<h2>Connexions performantes<\/h2>\n<p>Le moniteur BenQ PD2706U int\u00e8gre&nbsp;un port USB-C, un port HDMI et un connecteur DisplayPort pour connecter facilement jusqu&#8217;\u00e0 deux \u00e9crans 4K et profiter d&#8217;une transmission des donn\u00e9es acc\u00e9l\u00e9r\u00e9e. Il dispose \u00e9galement de 3 ports USB 3.0 et d&#8217;un second connecteur USB-C (pour le transfert de donn\u00e9es uniquement).&nbsp;<br \/>&nbsp;<br \/>Contr\u00f4lez facilement les contenus de deux PC diff\u00e9rents via un dispositif clavier\/souris gr\u00e2ce \u00e0 la <strong>technologie KVM int\u00e9gr\u00e9e<\/strong>. Passez d&#8217;un ordinateur \u00e0 l&#8217;autre en toute simplicit\u00e9 et gagnez en efficacit\u00e9. De son c\u00f4t\u00e9, la <strong>molette raccourcis G2<\/strong> vous propose trois boutons de fonction unique personnalisables pour optimiser encore un peu plus votre environnement de travail ! La Molette Raccourcis G2 de BenQ permet aux utilisateurs de personnaliser et d\u2019acc\u00e9der \u00e0 leurs fonctionnalit\u00e9s les plus utilis\u00e9es. Appuyez sur le bouton et basculez-le pour acc\u00e9der au r\u00e9glage de la luminosit\u00e9, du contraste et du volume, et attribuez des raccourcis aux diff\u00e9rentes fonctions \u00e0 l\u2019aide des trois touches de fonction. De plus, la touche de rotation permet aux utilisateurs d\u2019attribuer des raccourcis.<\/p>\n<\/div>\n<\/section>\n<section>\n<h2>Caract\u00e9ristiques principales :<\/h2>\n<ul>\n<li><strong>\u00c9cran de 27 pouces avec r\u00e9solution 4K UHD (3840 x 2160 pixels)<\/strong><\/li>\n<li>Technologie AQCOLOR : reproduction fid\u00e8le des couleurs (Delta E&lt;3)<\/li>\n<li><strong>Espace chromatique Rec.709 et sRGB 100%<\/strong><\/li>\n<li><strong>Dalle IPS<\/strong> : couleurs lumineuses et angles de vision larges<\/li>\n<li>\u00c9talonnage des couleurs optimis\u00e9 pour une pr\u00e9cision in\u00e9galable<\/li>\n<li>V\u00e9rifi\u00e9 par CaIMAN, Valid\u00e9 par Pantone<\/li>\n<li>Uniformit\u00e9 des couleurs ICCsync<\/li>\n<li>Compatible HDR10 \/ VESA DisplayHDR 400<\/li>\n<li>Fonction DualView (double-vue) et Mode Darkroom (Chambre noire)<\/li>\n<li>Les modes CAD \/ CAM et Animation permettent des conceptions d\u00e9taill\u00e9es et pr\u00e9cises<\/li>\n<li><strong>Interrupteur KVM (Keyboard Video Mouse)<\/strong><\/li>\n<li>Molette de raccourcis G2 : gagnez en efficacit\u00e9 et en rapidit\u00e9<\/li>\n<li><strong>Technologie Eye-Care<\/strong> : Flicker-Free (anti-scintillements) et Low Blue Light (r\u00e9duction de la lumi\u00e8re bleue)<\/li>\n<li><strong>Confort d&#8217;utilisation<\/strong> : r\u00e9glage de la hauteur (110 mm), inclinaison, pivotement et basculement<\/li>\n<li>Connecteurs : 1x HDMI, 1x DisplayPort, 1x&nbsp;USB-C (Data, DP Alt Mode, 65W)<\/li>\n<li>3 ports USB 3.0 + 1 port USB-C (transfert seulement)<\/li>\n<\/ul>\n<\/section>\n<\/div><\/div>\n","protected":false},"excerpt":{"rendered":"<p>Ecran PC 4K &#8211; 3840 x 2160 pixels &#8211; 5 ms (gris \u00e0 gris) &#8211; Format 16\/9 &#8211; Dalle IPS &#8211; HDR 400 &#8211; HDMI\/DisplayPort\/USB-C &#8211; Pivot &#8211; Haut-parleurs &#8211; Noir<\/p>\n","protected":false},"featured_media":223612,"comment_status":"open","ping_status":"closed","template":"","meta":{"_monsterinsights_skip_tracking":false,"_monsterinsights_sitenote_active":false,"_monsterinsights_sitenote_note":"","_monsterinsights_sitenote_category":0},"etheme_brands":[{"term_id":5033,"name":"BenQ","slug":"benq-en","term_group":0,"term_taxonomy_id":5033,"taxonomy":"brand","description":"","parent":0,"count":17,"filter":"raw"}],"product_brand":[],"product_cat":[3302],"product_tag":[],"class_list":{"0":"post-223610","1":"product","2":"type-product","3":"status-publish","4":"has-post-thumbnail","6":"brand-benq-en","7":"product_cat-pc-monitors-screens","9":"first","10":"instock","11":"sale","12":"taxable","13":"shipping-taxable","14":"purchasable","15":"product-type-simple"},"_links":{"self":[{"href":"https:\/\/electrovideo.eu\/en\/wp-json\/wp\/v2\/product\/223610","targetHints":{"allow":["GET"]}}],"collection":[{"href":"https:\/\/electrovideo.eu\/en\/wp-json\/wp\/v2\/product"}],"about":[{"href":"https:\/\/electrovideo.eu\/en\/wp-json\/wp\/v2\/types\/product"}],"replies":[{"embeddable":true,"href":"https:\/\/electrovideo.eu\/en\/wp-json\/wp\/v2\/comments?post=223610"}],"version-history":[{"count":0,"href":"https:\/\/electrovideo.eu\/en\/wp-json\/wp\/v2\/product\/223610\/revisions"}],"wp:featuredmedia":[{"embeddable":true,"href":"https:\/\/electrovideo.eu\/en\/wp-json\/wp\/v2\/media\/223612"}],"wp:attachment":[{"href":"https:\/\/electrovideo.eu\/en\/wp-json\/wp\/v2\/media?parent=223610"}],"wp:term":[{"taxonomy":"brand","embeddable":true,"href":"https:\/\/electrovideo.eu\/en\/wp-json\/wp\/v2\/etheme_brands?post=223610"},{"taxonomy":"product_brand","embeddable":true,"href":"https:\/\/electrovideo.eu\/en\/wp-json\/wp\/v2\/product_brand?post=223610"},{"taxonomy":"product_cat","embeddable":true,"href":"https:\/\/electrovideo.eu\/en\/wp-json\/wp\/v2\/product_cat?post=223610"},{"taxonomy":"product_tag","embeddable":true,"href":"https:\/\/electrovideo.eu\/en\/wp-json\/wp\/v2\/product_tag?post=223610"}],"curies":[{"name":"wp","href":"https:\/\/api.w.org\/{rel}","templated":true}]}}