{"id":223605,"date":"2025-11-25T02:44:33","date_gmt":"2025-11-25T00:44:33","guid":{"rendered":"https:\/\/electrovideo.eu\/produit\/samsung-37-led-viewfinity-s8-s37d800eau-2\/"},"modified":"2025-11-25T02:44:33","modified_gmt":"2025-11-25T00:44:33","slug":"samsung-37-led-viewfinity-s8-s37d800eau-2","status":"publish","type":"product","link":"https:\/\/electrovideo.eu\/en\/product\/samsung-37-led-viewfinity-s8-s37d800eau-2\/","title":{"rendered":"Samsung 37&#8243; LED &#8211; ViewFinity S8 S37D800EAU"},"content":{"rendered":"<div id=\"description\" class=\"description\">\n<div class=\"details-pdt-desc\">\n<h2 class=\"h2-master\">\u00c9cran 4K et design ergonomique<\/h2>\n<section>\n<p>Gagnez en confort avec le <strong>moniteur Samsung ViewFinity S8 S37D800EAU<\/strong>. Avec d&#8217;une part un grand \u00e9cran de 37 pouces avec dalle VA et r\u00e9solution Ultra HD, et d&#8217;autre part un pied ergonomique, cet \u00e9cran Samsung offre de s\u00e9rieux atouts pour le travail et le divertissement multim\u00e9dia.<br \/>&nbsp;<\/p>\n<\/section>\n<section>\n<div class=\"desc-image\"><span><img decoding=\"async\" alt=\"\" loading=\"lazy\" src=\"https:\/\/electrovideo.eu\/wp-content\/uploads\/2025\/11\/801-10.jpg\"><\/span><\/div>\n<div class=\"desc-text\">\n<h2>Qualit\u00e9 d&#8217;image sup\u00e9rieure<\/h2>\n<p>La r\u00e9solution 4K UHD (3840 x 2160) r\u00e9v\u00e8le des images d\u00e9taill\u00e9es gr\u00e2ce \u00e0 une densit\u00e9 de pixels plus \u00e9lev\u00e9e. Plongez dans des conceptions complexes, des diagrammes compliqu\u00e9s et des contenus vid\u00e9o dynamiques tout en optimisant l&#8217;agencement de vos fen\u00eatres. Avec HDR10, d\u00e9couvrez une gamme de couleurs plus large pour une pr\u00e9cision et des d\u00e9tails \u00e9poustouflants. L&#8217;HDR10 offre des teintes presque illimit\u00e9es et une repr\u00e9sentation des couleurs fid\u00e8le \u00e0 la r\u00e9alit\u00e9, avec des tons sombres et clairs plus intenses.<\/p>\n<\/div>\n<\/section>\n<section>\n<div class=\"desc-text\">\n<h2>Confort d&#8217;utilisation<\/h2>\n<p>Adaptez la position de votre \u00e9cran selon les usages quotidiens. Le ViewFinity S8 S37D800EAU offre un pied r\u00e9glable en hauteur et un \u00e9cran inclinable, orientable et pivotable jusqu\u2019\u00e0 90\u00b0. Une ergonomie compl\u00e8te permettant de s\u2019adapter \u00e0 tous types d\u2019utilisation.<\/p>\n<\/div>\n<div class=\"desc-image\"><span><img decoding=\"async\" alt=\"\" loading=\"lazy\" src=\"https:\/\/electrovideo.eu\/wp-content\/uploads\/2025\/11\/802-8.jpg\"><\/span><\/div>\n<\/section>\n<section class=\"list\">\n<h2>Caract\u00e9ristiques principales :<\/h2>\n<ul>\n<li>\u00c9cran large de <strong>37 pouces<\/strong><strong> <\/strong>avec <strong>r\u00e9solution<\/strong>&nbsp;<strong>4K<\/strong> (3840&nbsp;x 2160 pixels)<\/li>\n<li><b>Dalle VA <\/b>: couleurs lumineuses et larges angles de vision<\/li>\n<li>Palette de 1 milliard de couleurs avec HDR10<\/li>\n<li>Temps de r\u00e9ponse : 5&nbsp;ms (gris \u00e0 gris)<\/li>\n<li><strong>Pied ergonomique<\/strong> : inclinaison, hauteur r\u00e9glable (120 mm), rotation et pivot sur 90\u00b0<\/li>\n<li><strong>Connecteurs<\/strong> : HDMI 2.0 +&nbsp;DisplayPort 1.4<\/li>\n<li>Hub avec 3 ports USB 3.0<\/li>\n<li>Possibilit\u00e9 de fixation murale (VESA 100 x 100)<\/li>\n<li>Pied avec montage et d\u00e9montage facile sans outils &#8220;One Click&#8221;<\/li>\n<\/ul>\n<\/section>\n<\/div><\/div>\n","protected":false},"excerpt":{"rendered":"<p>Ecran PC 4K &#8211; 3840 x 2160 pixels &#8211; 5 ms (gris \u00e0 gris) &#8211; Format 16\/9 &#8211; Dalle VA &#8211; HDR10 &#8211; HDMI\/DisplayPort &#8211; Hub USB &#8211; Pivot &#8211; Noir<\/p>\n","protected":false},"featured_media":223606,"comment_status":"open","ping_status":"closed","template":"","meta":{"_monsterinsights_skip_tracking":false,"_monsterinsights_sitenote_active":false,"_monsterinsights_sitenote_note":"","_monsterinsights_sitenote_category":0},"etheme_brands":[{"term_id":372,"name":"Samsung","slug":"samsung","term_group":0,"term_taxonomy_id":372,"taxonomy":"brand","description":"","parent":0,"count":86,"filter":"raw"}],"product_brand":[],"product_cat":[3302],"product_tag":[],"class_list":{"0":"post-223605","1":"product","2":"type-product","3":"status-publish","4":"has-post-thumbnail","6":"brand-samsung","7":"product_cat-pc-monitors-screens","9":"first","10":"instock","11":"sale","12":"taxable","13":"shipping-taxable","14":"purchasable","15":"product-type-simple"},"_links":{"self":[{"href":"https:\/\/electrovideo.eu\/en\/wp-json\/wp\/v2\/product\/223605","targetHints":{"allow":["GET"]}}],"collection":[{"href":"https:\/\/electrovideo.eu\/en\/wp-json\/wp\/v2\/product"}],"about":[{"href":"https:\/\/electrovideo.eu\/en\/wp-json\/wp\/v2\/types\/product"}],"replies":[{"embeddable":true,"href":"https:\/\/electrovideo.eu\/en\/wp-json\/wp\/v2\/comments?post=223605"}],"version-history":[{"count":0,"href":"https:\/\/electrovideo.eu\/en\/wp-json\/wp\/v2\/product\/223605\/revisions"}],"wp:featuredmedia":[{"embeddable":true,"href":"https:\/\/electrovideo.eu\/en\/wp-json\/wp\/v2\/media\/223606"}],"wp:attachment":[{"href":"https:\/\/electrovideo.eu\/en\/wp-json\/wp\/v2\/media?parent=223605"}],"wp:term":[{"taxonomy":"brand","embeddable":true,"href":"https:\/\/electrovideo.eu\/en\/wp-json\/wp\/v2\/etheme_brands?post=223605"},{"taxonomy":"product_brand","embeddable":true,"href":"https:\/\/electrovideo.eu\/en\/wp-json\/wp\/v2\/product_brand?post=223605"},{"taxonomy":"product_cat","embeddable":true,"href":"https:\/\/electrovideo.eu\/en\/wp-json\/wp\/v2\/product_cat?post=223605"},{"taxonomy":"product_tag","embeddable":true,"href":"https:\/\/electrovideo.eu\/en\/wp-json\/wp\/v2\/product_tag?post=223605"}],"curies":[{"name":"wp","href":"https:\/\/api.w.org\/{rel}","templated":true}]}}