{"id":223599,"date":"2025-11-25T02:47:23","date_gmt":"2025-11-25T00:47:23","guid":{"rendered":"https:\/\/electrovideo.eu\/produit\/asus-32-led-proart-pa329cv\/"},"modified":"2026-04-15T04:50:57","modified_gmt":"2026-04-15T02:50:57","slug":"asus-32-led-proart-pa329cv","status":"publish","type":"product","link":"https:\/\/electrovideo.eu\/en\/product\/asus-32-led-proart-pa329cv\/","title":{"rendered":"ASUS 32&#8243; LED &#8211; ProArt PA329CV"},"content":{"rendered":"<div id=\"description\" class=\"description\">\n<div class=\"details-pdt-desc\">\n<h2 class=\"h2-master\">Un outil de travail de qualit\u00e9 professionnelle<\/h2>\n<section>\n<p>Assurant des couleurs fid\u00e8les sur une dalle IPS lumineuse \u00e0 haute r\u00e9solution, le <strong>moniteur ProArt PA329CV sign\u00e9 ASUS<\/strong> accompagnera parfaitement les professionnels de l&#8217;image. Diagonale de 32 pouces, connectique compl\u00e8te et calibration optimale, tous les ingr\u00e9dients sont r\u00e9unis pour travailler dans les meilleures conditions.&nbsp;<\/p>\n<\/section>\n<section>\n<div class=\"desc-image\"><span><img decoding=\"async\" alt=\"\" loading=\"lazy\" src=\"https:\/\/electrovideo.eu\/wp-content\/uploads\/2025\/11\/4k_hdr-3.jpg\"><\/span><\/div>\n<div class=\"desc-text\">\n<h2>Image 4K, Dalle IPS, couleurs pr\u00e9cises et r\u00e9alistes<\/h2>\n<p>Avec une <strong>dalle IPS de 32&nbsp;pouces<\/strong> pouvant afficher la <strong>r\u00e9solution 4K UHD<\/strong>, le PA329CV est en mesure de restituer&nbsp;tous vos contenus avec une pr\u00e9cision \u00e9lev\u00e9e. La <strong>profondeur des couleurs 10 bits<\/strong> \u00e9largit la palette de teintes disponibles, faisant bondir le nombre de couleurs pouvant \u00eatre affich\u00e9es de 16 millions \u00e0 plus d&#8217;1 milliard !<\/p>\n<p>Profitez d&#8217;une certification VESA DisplayHDR 400 et de rendus splendides avec une <strong>couverture int\u00e9grale des espaces&nbsp;Rec 709 et SRGB<\/strong>. Pr\u00e9-calibr\u00e9 en usine, cet \u00e9cran est certifi\u00e9 Calman et assure une pr\u00e9cision des couleurs sup\u00e9rieure avec un <strong>Delta E &lt;2<\/strong>. En outre, vous avez \u00e0 votre disposition les <strong>modes ProArt Preset et Palette<\/strong> pour utiliser des pr\u00e9-r\u00e9glages ou constituer votre propre affichage personnalis\u00e9.<\/p>\n<\/div>\n<\/section>\n<section>\n<div class=\"desc-text\">\n<h2>Pens\u00e9 pour les professionnels&nbsp;<\/h2>\n<p>Par\u00e9 pour accompagner vos projets, l&#8217;\u00e9cran ASUS PA329CV int\u00e8gre des fonctionnalit\u00e9s pratiques. Le QuickFit Plus cr\u00e9e&nbsp;une grille en overlay pour un alignement ais\u00e9 de vos documents \u00e0 la bonne taille, avant une impression par exemple. Les <strong>modes PbP&nbsp;et PiP<\/strong> vous permettront de visualiser sur un seul \u00e9cran des contenus issus de 2 sources vid\u00e9o&nbsp;distinctes.<\/p>\n<p>Une <strong>large connectique<\/strong> est \u00e9galement au rendez-vous pour une int\u00e9gration ais\u00e9e de votre moniteur. Outre les ports HDMI et DisplayPort, ce mod\u00e8le int\u00e8gre une&nbsp;<strong>prise USB-C<\/strong>. Cette derni\u00e8re vous offrira une plus grande libert\u00e9 avec la possibilit\u00e9 de transf\u00e9rer des donn\u00e9es tout en supportant le signal DisplayPort et une puissance de 90&nbsp;W simultan\u00e9ment !<\/p>\n<\/div>\n<div class=\"desc-image\"><span><img decoding=\"async\" alt=\"\" loading=\"lazy\" src=\"https:\/\/electrovideo.eu\/wp-content\/uploads\/2025\/11\/usb-c-1.jpg\"><\/span><\/div>\n<\/section>\n<section>\n<div class=\"desc-image\"><span><img decoding=\"async\" alt=\"\" loading=\"lazy\" src=\"https:\/\/electrovideo.eu\/wp-content\/uploads\/2025\/09\/flickerfree-1.jpg\"><\/span><\/div>\n<div class=\"desc-text\">\n<h2>Un confort de travail quotidien<\/h2>\n<p>Vos yeux seront parfaitement prot\u00e9g\u00e9s avec la technologie&nbsp;<strong>ASUS Eye Care<\/strong>. Les effets n\u00e9fastes de la lumi\u00e8re bleue seront contr\u00e9s par Blue Light Filter et ses 4 modes distincts. Le classique Flicker-Free (technologie anti-scintillement) est aussi de la partie et permettra \u00e0 vos yeux de rester repos\u00e9s plus longtemps.<br \/>&nbsp;<br \/>L&#8217;\u00e9cran PA329CV se pare aussi d&#8217;un&nbsp;<strong>pied ergonomique<\/strong>&nbsp;pour trouver une position optimale. R\u00e9glez la hauteur sur 130 mm, g\u00e9rez la rotation gauche\/droite +45\/-45\u00b0, le pivot sur 90\u00b0 ainsi que l&#8217;inclinaison selon les angles qui vous conviennent le mieux. De plus, la pince de fixation pour bureau incluse vous permettra de cr\u00e9er un environnement de travail optimal.<\/p>\n<\/div>\n<\/section>\n<section class=\"list\">\n<h2>Caract\u00e9ristiques principales :<\/h2>\n<p>&nbsp;<\/p>\n<ul>\n<li><strong>Dalle IPS 32&#8243; avec r\u00e9solution 4K (3840&nbsp;x 2160) et profondeur des couleurs 10 bits<\/strong><\/li>\n<li><b>Couverture colorim\u00e9trique<\/b> :&nbsp;100 % Rec 709, 100 % sRGB<\/li>\n<li>Certification VESA DisplayHDR 400<\/li>\n<li>Pr\u00e9-\u00e9talonnage des couleurs en usine, pr\u00e9cision des couleurs Delta E &lt; 2, certification Calman<\/li>\n<li><strong>ProArt Preset<\/strong> : 12 modes pr\u00e9-r\u00e9gl\u00e9s pour trouver l&#8217;ambiance id\u00e9ale<\/li>\n<li><strong>ProArt Palette<\/strong> : r\u00e9glez votre \u00e9cran selon vos besoins<\/li>\n<li>Technologie Adaptive-Sync<\/li>\n<li><b>Port USB-C<\/b> : entr\u00e9e vid\u00e9o, transferts de donn\u00e9es et gestion de l&#8217;alimentation jusqu&#8217;\u00e0 90 Watts<\/li>\n<li>Ports HDMI et&nbsp;DisplayPort<\/li>\n<li>Picture in Picture (PiP) et Picture in Picture (PiP)&nbsp;<\/li>\n<li>R\u00e9glage en hauteur (130 mm), inclinaison et <strong>pivot \u00e0 90\u00b0<\/strong><\/li>\n<li><strong>Pince de bureau incluse pour un montage optimis\u00e9<\/strong><\/li>\n<\/ul>\n<\/section>\n<\/div><\/div>\n","protected":false},"excerpt":{"rendered":"<p>Ecran PC 4K &#8211; 3840 x 2160 pixels &#8211; 5 ms (gris \u00e0 gris) &#8211; Format 16\/9 &#8211; Dalle IPS &#8211; HDR400 &#8211; HDMI\/DisplayPort\/USB-C &#8211; Hub USB 3.0 &#8211; Pivot &#8211; Pince bureau &#8211; Noir<\/p>\n","protected":false},"featured_media":223601,"comment_status":"open","ping_status":"closed","template":"","meta":{"_monsterinsights_skip_tracking":false,"_monsterinsights_sitenote_active":false,"_monsterinsights_sitenote_note":"","_monsterinsights_sitenote_category":0},"etheme_brands":[{"term_id":53,"name":"ASUS","slug":"asus","term_group":0,"term_taxonomy_id":53,"taxonomy":"brand","description":"","parent":0,"count":248,"filter":"raw"}],"product_brand":[],"product_cat":[3302],"product_tag":[],"class_list":{"0":"post-223599","1":"product","2":"type-product","3":"status-publish","4":"has-post-thumbnail","6":"brand-asus","7":"product_cat-pc-monitors-screens","9":"first","10":"instock","11":"taxable","12":"shipping-taxable","13":"purchasable","14":"product-type-simple"},"_links":{"self":[{"href":"https:\/\/electrovideo.eu\/en\/wp-json\/wp\/v2\/product\/223599","targetHints":{"allow":["GET"]}}],"collection":[{"href":"https:\/\/electrovideo.eu\/en\/wp-json\/wp\/v2\/product"}],"about":[{"href":"https:\/\/electrovideo.eu\/en\/wp-json\/wp\/v2\/types\/product"}],"replies":[{"embeddable":true,"href":"https:\/\/electrovideo.eu\/en\/wp-json\/wp\/v2\/comments?post=223599"}],"version-history":[{"count":0,"href":"https:\/\/electrovideo.eu\/en\/wp-json\/wp\/v2\/product\/223599\/revisions"}],"wp:featuredmedia":[{"embeddable":true,"href":"https:\/\/electrovideo.eu\/en\/wp-json\/wp\/v2\/media\/223601"}],"wp:attachment":[{"href":"https:\/\/electrovideo.eu\/en\/wp-json\/wp\/v2\/media?parent=223599"}],"wp:term":[{"taxonomy":"brand","embeddable":true,"href":"https:\/\/electrovideo.eu\/en\/wp-json\/wp\/v2\/etheme_brands?post=223599"},{"taxonomy":"product_brand","embeddable":true,"href":"https:\/\/electrovideo.eu\/en\/wp-json\/wp\/v2\/product_brand?post=223599"},{"taxonomy":"product_cat","embeddable":true,"href":"https:\/\/electrovideo.eu\/en\/wp-json\/wp\/v2\/product_cat?post=223599"},{"taxonomy":"product_tag","embeddable":true,"href":"https:\/\/electrovideo.eu\/en\/wp-json\/wp\/v2\/product_tag?post=223599"}],"curies":[{"name":"wp","href":"https:\/\/api.w.org\/{rel}","templated":true}]}}