{"id":223596,"date":"2025-11-25T02:47:23","date_gmt":"2025-11-25T00:47:23","guid":{"rendered":"https:\/\/electrovideo.eu\/produit\/iiyama-44-5-led-prolite-xcb4594dqsn-b1\/"},"modified":"2025-11-25T02:47:23","modified_gmt":"2025-11-25T00:47:23","slug":"iiyama-44-5-led-prolite-xcb4594dqsn-b1","status":"publish","type":"product","link":"https:\/\/electrovideo.eu\/en\/product\/iiyama-44-5-led-prolite-xcb4594dqsn-b1\/","title":{"rendered":"iiyama 44.5&#8243; LED &#8211; ProLite XCB4594DQSN-B1"},"content":{"rendered":"<div id=\"description\" class=\"description\">\n<div class=\"details-pdt-desc\">\n<h2 class=\"h2-master\">\u00c9cran incurv\u00e9 panoramique 45 pouces avec commutateur KVM<\/h2>\n<section>\n<p>Le <strong>moniteur iiyama ProLite XCB4594DQSN-B1<\/strong> est un \u00e9cran PC panoramique au format 32\/9 avec dalle incurv\u00e9e, fr\u00e9quence de 165 Hz, connectique compl\u00e8te (HDMI \/ DisplayPort \/ USB-C), commutateur KVM et dock USB. Le commutateur KVM vous permet de connecter plusieurs ordinateurs qui peuvent \u00eatre utilis\u00e9s sur une seule console (moniteur, clavier, souris).<br \/>&nbsp;<\/p>\n<\/section>\n<section>\n<div class=\"desc-image\"><span><img decoding=\"async\" alt=\"\" loading=\"lazy\" src=\"https:\/\/electrovideo.eu\/wp-content\/uploads\/2025\/11\/801-20.jpg\"><\/span><\/div>\n<div class=\"desc-text\">\n<h2>Confort de travail optimal<\/h2>\n<p>Le moniteur XCB4594DQSN-B1, dot\u00e9 d&#8217;un \u00e9cran incurv\u00e9 VA 1500R inspir\u00e9 de la courbure de l&#8217;\u0153il humain, offre une superbe qualit\u00e9 d&#8217;image et une exp\u00e9rience visuelle confortable et immersive. Le commutateur KVM vous permet de connecter plusieurs ordinateurs qui peuvent \u00eatre command\u00e9s \u00e0 partir d&#8217;une seule console (\u00e9cran, clavier, souris).<\/p>\n<p>Le support r\u00e9glable en hauteur de 130 mm vous permet d&#8217;adapter la position de l&#8217;\u00e9cran \u00e0 vos pr\u00e9f\u00e9rences et la dalle sans scintillement avec fonction de r\u00e9duction de la lumi\u00e8re bleue r\u00e9duit la fatigue oculaire.<\/p>\n<\/div>\n<\/section>\n<section>\n<div class=\"desc-text\">\n<h2>Dock USB-C<\/h2>\n<p>La station d&#8217;accueil vous permet de connecter votre ordinateur portable avec un seul c\u00e2ble au moniteur pour vous assurer qu&#8217;il est \u00e0 la fois charg\u00e9 et connect\u00e9 \u00e0 un r\u00e9seau c\u00e2bl\u00e9 et que le signal de l&#8217;ordinateur portable est envoy\u00e9 au moniteur. Avec des ports USB suppl\u00e9mentaires, votre souris, clavier ou webcam peuvent \u00e9galement \u00eatre connect\u00e9s au moniteur. Tout cela gr\u00e2ce \u00e0 un seul c\u00e2ble reliant votre ordinateur portable* \u00e0 la station d&#8217;accueil USB-C sur le moniteur.<\/p>\n<p><em>*Les fonctions varient selon la prise en charge USB-C de votre ordinateur portable.<\/em><\/p>\n<\/div>\n<div class=\"desc-image\"><span><img decoding=\"async\" alt=\"\" loading=\"lazy\" src=\"https:\/\/electrovideo.eu\/wp-content\/uploads\/2025\/11\/802-23.jpg\"><\/span><\/div>\n<\/section>\n<\/div><\/div>\n","protected":false},"excerpt":{"rendered":"<p>Ecran PC 5K &#8211; 5120 x 1440 pixels &#8211; 0.8 ms (gris \u00e0 gris) &#8211; Format large 32\/9 &#8211; Dalle VA incurv\u00e9e &#8211; HDR 400 &#8211; 165 Hz &#8211; FreeSync &#8211; HDMI\/DisplayPort\/USB-C &#8211; Noir<\/p>\n","protected":false},"featured_media":223598,"comment_status":"open","ping_status":"closed","template":"","meta":{"_monsterinsights_skip_tracking":false,"_monsterinsights_sitenote_active":false,"_monsterinsights_sitenote_note":"","_monsterinsights_sitenote_category":0},"etheme_brands":[{"term_id":5058,"name":"iiyama","slug":"iiyama-en","term_group":0,"term_taxonomy_id":5058,"taxonomy":"brand","description":"","parent":0,"count":29,"filter":"raw"}],"product_brand":[],"product_cat":[3302],"product_tag":[],"class_list":{"0":"post-223596","1":"product","2":"type-product","3":"status-publish","4":"has-post-thumbnail","6":"brand-iiyama-en","7":"product_cat-pc-monitors-screens","9":"first","10":"instock","11":"sale","12":"taxable","13":"shipping-taxable","14":"purchasable","15":"product-type-simple"},"_links":{"self":[{"href":"https:\/\/electrovideo.eu\/en\/wp-json\/wp\/v2\/product\/223596","targetHints":{"allow":["GET"]}}],"collection":[{"href":"https:\/\/electrovideo.eu\/en\/wp-json\/wp\/v2\/product"}],"about":[{"href":"https:\/\/electrovideo.eu\/en\/wp-json\/wp\/v2\/types\/product"}],"replies":[{"embeddable":true,"href":"https:\/\/electrovideo.eu\/en\/wp-json\/wp\/v2\/comments?post=223596"}],"version-history":[{"count":0,"href":"https:\/\/electrovideo.eu\/en\/wp-json\/wp\/v2\/product\/223596\/revisions"}],"wp:featuredmedia":[{"embeddable":true,"href":"https:\/\/electrovideo.eu\/en\/wp-json\/wp\/v2\/media\/223598"}],"wp:attachment":[{"href":"https:\/\/electrovideo.eu\/en\/wp-json\/wp\/v2\/media?parent=223596"}],"wp:term":[{"taxonomy":"brand","embeddable":true,"href":"https:\/\/electrovideo.eu\/en\/wp-json\/wp\/v2\/etheme_brands?post=223596"},{"taxonomy":"product_brand","embeddable":true,"href":"https:\/\/electrovideo.eu\/en\/wp-json\/wp\/v2\/product_brand?post=223596"},{"taxonomy":"product_cat","embeddable":true,"href":"https:\/\/electrovideo.eu\/en\/wp-json\/wp\/v2\/product_cat?post=223596"},{"taxonomy":"product_tag","embeddable":true,"href":"https:\/\/electrovideo.eu\/en\/wp-json\/wp\/v2\/product_tag?post=223596"}],"curies":[{"name":"wp","href":"https:\/\/api.w.org\/{rel}","templated":true}]}}