{"id":223558,"date":"2025-11-25T02:40:48","date_gmt":"2025-11-25T00:40:48","guid":{"rendered":"https:\/\/electrovideo.eu\/produit\/lg-34-led-ultrawide-34wr50qk-b\/"},"modified":"2025-11-25T02:40:48","modified_gmt":"2025-11-25T00:40:48","slug":"lg-34-led-ultrawide-34wr50qk-b","status":"publish","type":"product","link":"https:\/\/electrovideo.eu\/en\/product\/lg-34-led-ultrawide-34wr50qk-b\/","title":{"rendered":"LG 34&#8243; LED &#8211; UltraWide 34WR50QK-B"},"content":{"rendered":"<div id=\"description\" class=\"description\">\n<div class=\"details-pdt-desc\">\n<h2 class=\"h2-master\">L&#8217;\u00e9cran incurv\u00e9 ultra-large de votre quotidien<\/h2>\n<section>\n<p>Le moniteur \u00e0 dalle incurv\u00e9e <strong>LG UltraWide 34WR50QK-B<\/strong> maximise le confort visuel en multit\u00e2ches et offre une belle polyvalence. Avec sa dalle VA incurv\u00e9e de 34 pouces au format 21\/9 qui prend en charge la norme HDR10, cet \u00e9cran LG offre une image pr\u00e9cise aux couleurs riches en contrastes.<br \/>&nbsp;<\/p>\n<\/section>\n<section>\n<div class=\"desc-image\"><span><img decoding=\"async\" alt=\"\" loading=\"lazy\" src=\"https:\/\/electrovideo.eu\/wp-content\/uploads\/2025\/11\/801-6.jpg\"><\/span><\/div>\n<div class=\"desc-text\">\n<h2>Confort et productivit\u00e9 avec un \u00e9cran incurv\u00e9 21:9<\/h2>\n<p>Avec son \u00e9cran UltraWide au format 21\/9 avec r\u00e9solution QHD (3440 x 1440) et courbure de 1800R, le moniteur LG UltraWide 34WR50QK-B est id\u00e9al pour travailler en multit\u00e2ches, car il permet d&#8217;afficher plusieurs programmes \u00e0 la fois. Comme vous avez toutes vos donn\u00e9es sous les yeux, vous optimisez votre confort de travail et votre productivit\u00e9.<\/p>\n<p>Par ailleurs, gr\u00e2ce \u00e0 la fonction Picture-by-Picture, cet \u00e9cran vous permet de voir plusieurs contenus depuis deux ordinateurs, pour traiter plus efficacement le travail.<\/p>\n<p>De plus, avec l&#8217;appli LG Switch, optimisez le moniteur en fonction de votre travail et de votre vie : vous pouvez facilement diviser l&#8217;ensemble en 6 parties maximum, changer le design du th\u00e8me ou m\u00eame lancer une plateforme d&#8217;appel vid\u00e9o \u00e0 l&#8217;aide d&#8217;une touche de raccourci mapp\u00e9e.<\/p>\n<\/div>\n<\/section>\n<section>\n<div class=\"desc-text\">\n<h2>Qualit\u00e9 d&#8217;image et couleurs nuanc\u00e9es<\/h2>\n<p>Avec sa dalle VA \u00e0 haute r\u00e9solution, cet \u00e9cran LG offre un affichage pr\u00e9cis avec des couleurs particuli\u00e8rement nuanc\u00e9es. De plus, ce moniteur est compatible avec la HDR10, la norme d\u2019affichage \u00e0 grande gamme dynamique de l\u2019industrie sRGB 99 %, et prend en charge des niveaux sp\u00e9cifiques de couleur et de luminosit\u00e9 qui permettent aux spectateurs de profiter des couleurs spectaculaires du contenu.<\/p>\n<\/div>\n<div class=\"desc-image\"><span><img decoding=\"async\" alt=\"\" loading=\"lazy\" src=\"https:\/\/electrovideo.eu\/wp-content\/uploads\/2025\/11\/802-4.jpg\"><\/span><\/div>\n<\/section>\n<section class=\"list\">\n<h2>Caract\u00e9ristiques principales :<\/h2>\n<ul>\n<li><strong>Dalle VA de 34 pouces <\/strong>au format 21\/9 avec&nbsp;r\u00e9solution <strong>QHD (3440 x 1440)<\/strong><\/li>\n<li><strong>Dalle incurv\u00e9e avec courbure 1800R<\/strong><\/li>\n<li>Compatibilit\u00e9 HDR (HDR10)<\/li>\n<li>Technologie Black Stabilizer : \u00e9clairage optimis\u00e9 des sc\u00e8nes sombres<\/li>\n<li>Dynamic Action Sync : d\u00e9lai d&#8217;affichage r\u00e9duit<\/li>\n<li>Connecteurs :&nbsp;HDMI 2.0 + DisplayPort 1.4<\/li>\n<li>Technologies Flicker Safe (anti-scintillement) et de r\u00e9duction de lumi\u00e8re bleue<\/li>\n<\/ul>\n<\/section>\n<\/div><\/div>\n","protected":false},"excerpt":{"rendered":"<p>Ecran PC UltraWide WQHD &#8211; 3440 x 1440 pixels &#8211; 5 ms (gris \u00e0 gris) &#8211; Format 21\/9 &#8211; Dalle VA incurv\u00e9e &#8211; HDR10 &#8211; 100 Hz &#8211; HDMI\/DisplayPort &#8211; Noir<\/p>\n","protected":false},"featured_media":223560,"comment_status":"open","ping_status":"closed","template":"","meta":{"_monsterinsights_skip_tracking":false,"_monsterinsights_sitenote_active":false,"_monsterinsights_sitenote_note":"","_monsterinsights_sitenote_category":0},"etheme_brands":[{"term_id":3723,"name":"LG","slug":"lg","term_group":0,"term_taxonomy_id":3723,"taxonomy":"brand","description":"","parent":0,"count":17,"filter":"raw"}],"product_brand":[],"product_cat":[3302],"product_tag":[],"class_list":{"0":"post-223558","1":"product","2":"type-product","3":"status-publish","4":"has-post-thumbnail","6":"brand-lg","7":"product_cat-pc-monitors-screens","9":"first","10":"instock","11":"sale","12":"taxable","13":"shipping-taxable","14":"purchasable","15":"product-type-simple"},"_links":{"self":[{"href":"https:\/\/electrovideo.eu\/en\/wp-json\/wp\/v2\/product\/223558","targetHints":{"allow":["GET"]}}],"collection":[{"href":"https:\/\/electrovideo.eu\/en\/wp-json\/wp\/v2\/product"}],"about":[{"href":"https:\/\/electrovideo.eu\/en\/wp-json\/wp\/v2\/types\/product"}],"replies":[{"embeddable":true,"href":"https:\/\/electrovideo.eu\/en\/wp-json\/wp\/v2\/comments?post=223558"}],"version-history":[{"count":0,"href":"https:\/\/electrovideo.eu\/en\/wp-json\/wp\/v2\/product\/223558\/revisions"}],"wp:featuredmedia":[{"embeddable":true,"href":"https:\/\/electrovideo.eu\/en\/wp-json\/wp\/v2\/media\/223560"}],"wp:attachment":[{"href":"https:\/\/electrovideo.eu\/en\/wp-json\/wp\/v2\/media?parent=223558"}],"wp:term":[{"taxonomy":"brand","embeddable":true,"href":"https:\/\/electrovideo.eu\/en\/wp-json\/wp\/v2\/etheme_brands?post=223558"},{"taxonomy":"product_brand","embeddable":true,"href":"https:\/\/electrovideo.eu\/en\/wp-json\/wp\/v2\/product_brand?post=223558"},{"taxonomy":"product_cat","embeddable":true,"href":"https:\/\/electrovideo.eu\/en\/wp-json\/wp\/v2\/product_cat?post=223558"},{"taxonomy":"product_tag","embeddable":true,"href":"https:\/\/electrovideo.eu\/en\/wp-json\/wp\/v2\/product_tag?post=223558"}],"curies":[{"name":"wp","href":"https:\/\/api.w.org\/{rel}","templated":true}]}}