{"id":223555,"date":"2025-11-25T02:40:48","date_gmt":"2025-11-25T00:40:48","guid":{"rendered":"https:\/\/electrovideo.eu\/produit\/iiyama-31-5-prolite-xb3294uhscp-b1\/"},"modified":"2025-11-25T02:40:48","modified_gmt":"2025-11-25T00:40:48","slug":"iiyama-31-5-prolite-xb3294uhscp-b1","status":"publish","type":"product","link":"https:\/\/electrovideo.eu\/en\/product\/iiyama-31-5-prolite-xb3294uhscp-b1\/","title":{"rendered":"iiyama 31.5&#8243; &#8211; ProLite XB3294UHSCP-B1"},"content":{"rendered":"<div id=\"description\" class=\"description\">\n<div class=\"details-pdt-desc\">\n<h2 class=\"h2-master\">Confort de travail au quotidien<\/h2>\n<section>\n<p>Le moniteur <strong>iiyama ProLite\u202fXB3294UHSCP-B1<\/strong> est con\u00e7u pour maximiser la productivit\u00e9 et le confort de travail. Dot\u00e9 d\u2019une dalle VA de 31.5 pouces avec r\u00e9solution 4K, il offre une belle qualit\u00e9 d&#8217;image. Avec un pied ergonomique, un module KVM, un port Ethernet et un connecteur USB\u2011C Power Delivery 95\u202fW, ce moniteur iiyama offre de s\u00e9rieux atouts, qu&#8217;il s&#8217;agisse de connectique ou de confort de travail.<br \/>&nbsp;<\/p>\n<\/section>\n<section>\n<div class=\"desc-image\"><span><img decoding=\"async\" alt=\"\" loading=\"lazy\" src=\"https:\/\/electrovideo.eu\/wp-content\/uploads\/2025\/11\/1762950777-801.jpg\"><\/span><\/div>\n<div class=\"desc-text\">\n<h2>Qualit\u00e9 d\u2019image &amp; couleurs<\/h2>\n<p>Gr\u00e2ce \u00e0 sa dalle VA 4K, l\u2019\u00e9cran offre des <strong>angles de vue larges de 178\u00b0\/178\u00b0<\/strong> et une reproduction des couleurs fid\u00e8les (sRGB \u00e0 99\u202f%) pour les usages bureautiques, les visioconf\u00e9rences ou le divertissement. Le contraste natif de 3000\u202f:1 ainsi que le temps de r\u00e9ponse de 2\u202fms garantissent des transitions d\u2019image nettes et coh\u00e9rentes.<\/p>\n<\/div>\n<\/section>\n<section>\n<div class=\"desc-text\">\n<h2>Connectivit\u00e9 &amp; ergonomie<\/h2>\n<p>Le XB3294UHSCP-B1 se distingue par sa connectique moderne : un port USB\u2011C avec Power\u202fDelivery jusqu\u2019\u00e0 95\u202fW permet de charger l\u2019ordinateur et d\u2019afficher l\u2019image via un seul c\u00e2ble, simplifiant ainsi le poste de travail. Il int\u00e8gre \u00e9galement deux ports HDMI, un port DisplayPort et un hub USB (Type\u2011A et Type\u2011C) et des haut\u2011parleurs int\u00e9gr\u00e9s. C\u00f4t\u00e9 ergonomie, son pied r\u00e9glable en hauteur jusqu\u2019\u00e0 150\u202fmm, sa rotation et son inclinaison assurent une posture correcte, tandis que les bords ultra\u2011fins sur les quatre c\u00f4t\u00e9s favorisent les configurations multi\u2011\u00e9crans.<\/p>\n<\/div>\n<div class=\"desc-image\"><span><img decoding=\"async\" alt=\"\" loading=\"lazy\" src=\"https:\/\/electrovideo.eu\/wp-content\/uploads\/2025\/11\/1762950798-802.jpg\"><\/span><\/div>\n<\/section>\n<section class=\"list\">\n<h2>Caract\u00e9ristiques principales :<\/h2>\n<ul>\n<li>Dalle VA de 31.5&#8243; avec r\u00e9solution 2.5K<\/li>\n<li>Contraste natif 3000\u202f:1 et temps de r\u00e9ponse 2\u202fms<\/li>\n<li>Connectique USB\u2011C (Power Delivery 95\u202fW), DisplayPort 1.2 et HDMI 2.1<\/li>\n<li>Pied ergonomique : hauteur, inclinaison, rotation<\/li>\n<li>Bords ultra\u2011fins sur les quatre c\u00f4t\u00e9s pour int\u00e9gration multi\u2011\u00e9crans<\/li>\n<li>Technologies anti\u2011scintillement et r\u00e9duction de la lumi\u00e8re bleue pour le confort visuel<\/li>\n<\/ul>\n<\/section>\n<\/div><\/div>\n","protected":false},"excerpt":{"rendered":"<p>Ecran PC 4K &#8211; 3840 x 2160 pixels &#8211; 2 ms (gris \u00e0 gris) &#8211; 16\/9 &#8211; Dalle VA &#8211; HDR10 &#8211; Adaptive-Sync &#8211; HDMI\/DisplayPort\/USB-C &#8211; Ethernet &#8211; KVM &#8211; Noir<\/p>\n","protected":false},"featured_media":223557,"comment_status":"open","ping_status":"closed","template":"","meta":{"_monsterinsights_skip_tracking":false,"_monsterinsights_sitenote_active":false,"_monsterinsights_sitenote_note":"","_monsterinsights_sitenote_category":0},"etheme_brands":[{"term_id":5058,"name":"iiyama","slug":"iiyama-en","term_group":0,"term_taxonomy_id":5058,"taxonomy":"brand","description":"","parent":0,"count":29,"filter":"raw"}],"product_brand":[],"product_cat":[3302],"product_tag":[],"class_list":{"0":"post-223555","1":"product","2":"type-product","3":"status-publish","4":"has-post-thumbnail","6":"brand-iiyama-en","7":"product_cat-pc-monitors-screens","9":"first","10":"instock","11":"sale","12":"taxable","13":"shipping-taxable","14":"purchasable","15":"product-type-simple"},"_links":{"self":[{"href":"https:\/\/electrovideo.eu\/en\/wp-json\/wp\/v2\/product\/223555","targetHints":{"allow":["GET"]}}],"collection":[{"href":"https:\/\/electrovideo.eu\/en\/wp-json\/wp\/v2\/product"}],"about":[{"href":"https:\/\/electrovideo.eu\/en\/wp-json\/wp\/v2\/types\/product"}],"replies":[{"embeddable":true,"href":"https:\/\/electrovideo.eu\/en\/wp-json\/wp\/v2\/comments?post=223555"}],"version-history":[{"count":0,"href":"https:\/\/electrovideo.eu\/en\/wp-json\/wp\/v2\/product\/223555\/revisions"}],"wp:featuredmedia":[{"embeddable":true,"href":"https:\/\/electrovideo.eu\/en\/wp-json\/wp\/v2\/media\/223557"}],"wp:attachment":[{"href":"https:\/\/electrovideo.eu\/en\/wp-json\/wp\/v2\/media?parent=223555"}],"wp:term":[{"taxonomy":"brand","embeddable":true,"href":"https:\/\/electrovideo.eu\/en\/wp-json\/wp\/v2\/etheme_brands?post=223555"},{"taxonomy":"product_brand","embeddable":true,"href":"https:\/\/electrovideo.eu\/en\/wp-json\/wp\/v2\/product_brand?post=223555"},{"taxonomy":"product_cat","embeddable":true,"href":"https:\/\/electrovideo.eu\/en\/wp-json\/wp\/v2\/product_cat?post=223555"},{"taxonomy":"product_tag","embeddable":true,"href":"https:\/\/electrovideo.eu\/en\/wp-json\/wp\/v2\/product_tag?post=223555"}],"curies":[{"name":"wp","href":"https:\/\/api.w.org\/{rel}","templated":true}]}}