{"id":223549,"date":"2025-11-25T02:40:48","date_gmt":"2025-11-25T00:40:48","guid":{"rendered":"https:\/\/electrovideo.eu\/produit\/msi-34-led-modern-md342cqpw\/"},"modified":"2025-11-25T02:40:48","modified_gmt":"2025-11-25T00:40:48","slug":"msi-34-led-modern-md342cqpw","status":"publish","type":"product","link":"https:\/\/electrovideo.eu\/en\/product\/msi-34-led-modern-md342cqpw\/","title":{"rendered":"MSI 34&#8243; LED &#8211; Modern MD342CQPW"},"content":{"rendered":"<div id=\"description\" class=\"description\">\n<div class=\"details-pdt-desc\">\n<h2 class=\"h2-master\">Confort de travail avec un \u00e9cran incurv\u00e9<\/h2>\n<section>\n<p>Cet \u00e9l\u00e9gant <strong>\u00e9cran MSI Modern MD342CQPW<\/strong> r\u00e9unit l&#8217;esth\u00e9tique et la fonctionnalit\u00e9. Avec son \u00e9cran large au format 21:9, sa haute r\u00e9solution UltraWide WQHD, sa dalle VA incurv\u00e9e et sa fr\u00e9quence de 120 Hz, ce moniteur MSI offre un affichage de haute qualit\u00e9, \u00e0 la fois pr\u00e9cis, riches en couleurs et fluide.<br \/>&nbsp;<\/p>\n<\/section>\n<section>\n<div class=\"desc-image\"><span><img decoding=\"async\" alt=\"\" loading=\"lazy\" src=\"https:\/\/electrovideo.eu\/wp-content\/uploads\/2025\/11\/801-8.jpg\"><\/span><\/div>\n<div class=\"desc-text\">\n<h2>\u00c9cran incurv\u00e9 avec haute qualit\u00e9 d&#8217;image<\/h2>\n<p>Explorez l&#8217;exceptionnel avec cet \u00e9cran au format 21:9 \u00e0 courbure 1500R. Plongez dans des images \u00e9clatantes et une clart\u00e9 digne du cin\u00e9ma, en offrant une perspective plus large pour une exp\u00e9rience visuelle de haut niveau. Le Modern MD342CQPW offre un taux de rafra\u00eechissement de 120 Hz et une prise en charge de l&#8217;Adaptive-Sync lui permettant de prendre en charge les jeux vid\u00e9o et d&#8217;offrir des r\u00e9actions rapides comme l&#8217;\u00e9clair et des graphismes r\u00e9alistes. Pr\u00e9parez-vous \u00e0 \u00eatre captiv\u00e9 par la fluidit\u00e9 et l&#8217;absence de d\u00e9calage qu&#8217;un taux de rafra\u00eechissement de 120 Hz peut offrir.<\/p>\n<\/div>\n<\/section>\n<section>\n<div class=\"desc-text\">\n<h2>Fonction KVM<\/h2>\n<p>La fonction KVM simplifie votre flux de travail en vous permettant d&#8217;alterner facilement entre plusieurs p\u00e9riph\u00e9riques facilement, en r\u00e9duisant l&#8217;encombrement sur le bureau et en am\u00e9liorant la productivit\u00e9. Cette fonction offre une solution efficace pour g\u00e9rer plusieurs p\u00e9riph\u00e9riques depuis votre \u00e9cran.<\/p>\n<\/div>\n<div class=\"desc-image\"><span><img decoding=\"async\" alt=\"\" loading=\"lazy\" src=\"https:\/\/electrovideo.eu\/wp-content\/uploads\/2025\/11\/802-6.jpg\"><\/span><\/div>\n<\/section>\n<section>\n<div class=\"desc-image\"><span><img decoding=\"async\" alt=\"\" loading=\"lazy\" src=\"https:\/\/electrovideo.eu\/wp-content\/uploads\/2025\/11\/803.jpg\"><\/span><\/div>\n<div class=\"desc-text\">\n<h2>Confort et design ergonomique<\/h2>\n<p>Le pied de support de l&#8217;\u00e9cran peut \u00eatre r\u00e9gl\u00e9 dans trois directions afin de vous laisser le placer comme vous le voulez pour trouver la position la plus confortable. Pens\u00e9e pour votre bien-\u00eatre, la technologie MSI EyesErgo prot\u00e8ge vos yeux contre la fatigue oculaire et vous rappelle de faire des pauses apr\u00e8s une longue p\u00e9riode d&#8217;utilisation.<\/p>\n<\/div>\n<\/section>\n<section class=\"list\">\n<h2>Caract\u00e9ristiques principales :<\/h2>\n<ul>\n<li>\u00c9cran incurv\u00e9 de 34 pouces avec r\u00e9solution<strong> UWQHD&nbsp;<\/strong>(3440 x 1440 pixels)<\/li>\n<li>Superbe qualit\u00e9 d&#8217;image avec une <strong>dalle<\/strong> <strong>VA antireflets<\/strong><\/li>\n<li>Temps de r\u00e9ponse de 1 ms (MPRT)<\/li>\n<li>Taux de rafra\u00eechissement maximal de 120 Hz (100 Hz via HDMI)<\/li>\n<li>R\u00e9glage de la hauteur sur 110 mm, inclinaison -5\u00b0\/20\u00b0 et rotation horizontale sur 60\u00b0<\/li>\n<li><strong>Protection oculaire sup\u00e9rieure<\/strong> : FlickerFree (anti-scintillement) + Low Blue Light (r\u00e9duction lumi\u00e8re bleue)<\/li>\n<li>Connecteurs : HDMI + DisplayPort + USB-C (DisplayPort Alt mode)<\/li>\n<li><strong>Haut-parleurs int\u00e9gr\u00e9s 2 x 3 watts<\/strong><\/li>\n<li>Logiciel Display Kit Exclusif : modes pr\u00e9r\u00e9gl\u00e9s, gestion des couleurs,&nbsp;clavier virtuel, multi-fen\u00eatres<\/li>\n<\/ul>\n<\/section>\n<\/div><\/div>\n","protected":false},"excerpt":{"rendered":"<p>Ecran PC UltraWide WQHD &#8211; 3440 x 1440 pixels &#8211; 1 ms (MPRT) &#8211; Format 21\/9 &#8211; Dalle VA incurv\u00e9e &#8211; 120 Hz &#8211; HDMI\/DisplayPort\/USB-C &#8211; KVM &#8211; Haut-parleurs &#8211; Blanc<\/p>\n","protected":false},"featured_media":223551,"comment_status":"open","ping_status":"closed","template":"","meta":{"_monsterinsights_skip_tracking":false,"_monsterinsights_sitenote_active":false,"_monsterinsights_sitenote_note":"","_monsterinsights_sitenote_category":0},"etheme_brands":[{"term_id":51,"name":"MSI","slug":"msi","term_group":0,"term_taxonomy_id":51,"taxonomy":"brand","description":"","parent":0,"count":137,"filter":"raw"}],"product_brand":[],"product_cat":[3302],"product_tag":[],"class_list":{"0":"post-223549","1":"product","2":"type-product","3":"status-publish","4":"has-post-thumbnail","6":"brand-msi","7":"product_cat-pc-monitors-screens","9":"first","10":"instock","11":"sale","12":"taxable","13":"shipping-taxable","14":"purchasable","15":"product-type-simple"},"_links":{"self":[{"href":"https:\/\/electrovideo.eu\/en\/wp-json\/wp\/v2\/product\/223549","targetHints":{"allow":["GET"]}}],"collection":[{"href":"https:\/\/electrovideo.eu\/en\/wp-json\/wp\/v2\/product"}],"about":[{"href":"https:\/\/electrovideo.eu\/en\/wp-json\/wp\/v2\/types\/product"}],"replies":[{"embeddable":true,"href":"https:\/\/electrovideo.eu\/en\/wp-json\/wp\/v2\/comments?post=223549"}],"version-history":[{"count":0,"href":"https:\/\/electrovideo.eu\/en\/wp-json\/wp\/v2\/product\/223549\/revisions"}],"wp:featuredmedia":[{"embeddable":true,"href":"https:\/\/electrovideo.eu\/en\/wp-json\/wp\/v2\/media\/223551"}],"wp:attachment":[{"href":"https:\/\/electrovideo.eu\/en\/wp-json\/wp\/v2\/media?parent=223549"}],"wp:term":[{"taxonomy":"brand","embeddable":true,"href":"https:\/\/electrovideo.eu\/en\/wp-json\/wp\/v2\/etheme_brands?post=223549"},{"taxonomy":"product_brand","embeddable":true,"href":"https:\/\/electrovideo.eu\/en\/wp-json\/wp\/v2\/product_brand?post=223549"},{"taxonomy":"product_cat","embeddable":true,"href":"https:\/\/electrovideo.eu\/en\/wp-json\/wp\/v2\/product_cat?post=223549"},{"taxonomy":"product_tag","embeddable":true,"href":"https:\/\/electrovideo.eu\/en\/wp-json\/wp\/v2\/product_tag?post=223549"}],"curies":[{"name":"wp","href":"https:\/\/api.w.org\/{rel}","templated":true}]}}