{"id":223541,"date":"2025-11-25T02:40:48","date_gmt":"2025-11-25T00:40:48","guid":{"rendered":"https:\/\/electrovideo.eu\/produit\/viewsonic-34-led-va3420c\/"},"modified":"2026-04-15T04:49:58","modified_gmt":"2026-04-15T02:49:58","slug":"viewsonic-34-led-va3420c","status":"publish","type":"product","link":"https:\/\/electrovideo.eu\/en\/product\/viewsonic-34-led-va3420c\/","title":{"rendered":"ViewSonic 34&#8243; LED &#8211; VA3420C"},"content":{"rendered":"<div id=\"description\" class=\"description\">\n<div class=\"details-pdt-desc\">\n<h2 class=\"h2-master\">Un moniteur incurv\u00e9 extra-large<\/h2>\n<section>\n<p>Le moniteur de 34 pouces ViewSonic VA3420C au format ultra-large est con\u00e7u pour une utilisation professionnelle et domestique. Son format d\u2019image 21:9 et sa courbure de 1900R offrent une exp\u00e9rience visuelle immersive. Simplifiez votre travail avec un seul c\u00e2ble qui fournit des services audiovisuels, de donn\u00e9es et un transfert d\u2019alimentation de 96 W.<br \/>&nbsp;<\/p>\n<\/section>\n<section>\n<div class=\"desc-image\"><span><img decoding=\"async\" alt=\"\" loading=\"lazy\" src=\"https:\/\/electrovideo.eu\/wp-content\/uploads\/2025\/11\/801-7.jpg\"><\/span><\/div>\n<div class=\"desc-text\">\n<h2>Un \u00e9cran incurv\u00e9 au format 21\/9<\/h2>\n<p>Plongez dans une exp\u00e9rience visuelle confortable et large avec des visuels pleins de d\u00e9tails. Le VA3420C dispose d\u2019une r\u00e9solution UWQHD (3440 x 1440) et d\u2019un format d\u2019image ultra-large 21:9, offrant 35 % d\u2019espace d\u2019\u00e9cran en plus qu\u2019un moniteur 16:9 de la m\u00eame taille, ce qui le rend parfait pour un multit\u00e2che am\u00e9lior\u00e9.<\/p>\n<p>Compatible avec la norme HDR10, ce moniteur offre des couleurs, une luminosit\u00e9 et un contraste tr\u00e8s d\u00e9finis, d\u00e9passant largement les capacit\u00e9s des produits SDR ordinaires. La courbure 1900R du VA3420C est con\u00e7ue par des experts pour maintenir une distance visuelle uniforme, offrant ainsi une exp\u00e9rience visuelle plus immersive.<\/p>\n<\/div>\n<\/section>\n<section>\n<div class=\"desc-text\">\n<h2>Pratique au quotidien<\/h2>\n<p>D\u00e9couvrez un \u00e9cran pour simplifier votre travail, booster votre productivit\u00e9 et apporter du confort dans votre espace de travail gr\u00e2ce \u00e0 une solution \u00e0 c\u00e2ble unique et une conception ergonomique. Le VA3420C permet un flux de travail rationalis\u00e9 et sans avoir besoin de dongles ou autres accessoires externes. L\u2019USB Type-C permet de diffuser la vid\u00e9o et l\u2019audio, de transf\u00e9rer donn\u00e9es et de charger avec une puissance de 96 W.<\/p>\n<p>Les entr\u00e9es HDMI et DisplayPort (DP) vous donnent la libert\u00e9 de connecter votre moniteur \u00e0 une large gamme d\u2019appareils. Simplifiez votre espace de travail, \u00e9largissez vos options de connectivit\u00e9 et rationalisez le transfert de donn\u00e9es gr\u00e2ce au Hub USB int\u00e9gr\u00e9 \u00e0 l\u2019\u00e9cran. Faites pivoter facilement l\u2019\u00e9cran jusqu\u2019\u00e0 60\u00b0 degr\u00e9s, inclinez-le jusqu\u2019\u00e0 -5\u00b0~15\u00b0 degr\u00e9s et levez-le jusqu\u2019\u00e0 130 mm.<\/p>\n<\/div>\n<div class=\"desc-image\"><span><img decoding=\"async\" alt=\"\" loading=\"lazy\" src=\"https:\/\/electrovideo.eu\/wp-content\/uploads\/2025\/11\/802-5.jpg\"><\/span><\/div>\n<\/section>\n<\/div><\/div>\n","protected":false},"excerpt":{"rendered":"<p>Ecran PC UltraWide WQHD &#8211; 3440 x 1440 pixels &#8211; 1 ms (MPRT) &#8211; 21\/9 &#8211; Dalle IPS incurv\u00e9e &#8211; 120 Hz &#8211; HDR10 &#8211; HDMI\/DisplayPort\/USB-C &#8211; Hauteur r\u00e9glable &#8211; Noir<\/p>\n","protected":false},"featured_media":223543,"comment_status":"open","ping_status":"closed","template":"","meta":{"_monsterinsights_skip_tracking":false,"_monsterinsights_sitenote_active":false,"_monsterinsights_sitenote_note":"","_monsterinsights_sitenote_category":0},"etheme_brands":[{"term_id":5060,"name":"ViewSonic","slug":"viewsonic-en","term_group":0,"term_taxonomy_id":5060,"taxonomy":"brand","description":"","parent":0,"count":4,"filter":"raw"}],"product_brand":[],"product_cat":[3302],"product_tag":[],"class_list":{"0":"post-223541","1":"product","2":"type-product","3":"status-publish","4":"has-post-thumbnail","6":"brand-viewsonic-en","7":"product_cat-pc-monitors-screens","9":"first","10":"instock","11":"sale","12":"taxable","13":"shipping-taxable","14":"purchasable","15":"product-type-simple"},"_links":{"self":[{"href":"https:\/\/electrovideo.eu\/en\/wp-json\/wp\/v2\/product\/223541","targetHints":{"allow":["GET"]}}],"collection":[{"href":"https:\/\/electrovideo.eu\/en\/wp-json\/wp\/v2\/product"}],"about":[{"href":"https:\/\/electrovideo.eu\/en\/wp-json\/wp\/v2\/types\/product"}],"replies":[{"embeddable":true,"href":"https:\/\/electrovideo.eu\/en\/wp-json\/wp\/v2\/comments?post=223541"}],"version-history":[{"count":0,"href":"https:\/\/electrovideo.eu\/en\/wp-json\/wp\/v2\/product\/223541\/revisions"}],"wp:featuredmedia":[{"embeddable":true,"href":"https:\/\/electrovideo.eu\/en\/wp-json\/wp\/v2\/media\/223543"}],"wp:attachment":[{"href":"https:\/\/electrovideo.eu\/en\/wp-json\/wp\/v2\/media?parent=223541"}],"wp:term":[{"taxonomy":"brand","embeddable":true,"href":"https:\/\/electrovideo.eu\/en\/wp-json\/wp\/v2\/etheme_brands?post=223541"},{"taxonomy":"product_brand","embeddable":true,"href":"https:\/\/electrovideo.eu\/en\/wp-json\/wp\/v2\/product_brand?post=223541"},{"taxonomy":"product_cat","embeddable":true,"href":"https:\/\/electrovideo.eu\/en\/wp-json\/wp\/v2\/product_cat?post=223541"},{"taxonomy":"product_tag","embeddable":true,"href":"https:\/\/electrovideo.eu\/en\/wp-json\/wp\/v2\/product_tag?post=223541"}],"curies":[{"name":"wp","href":"https:\/\/api.w.org\/{rel}","templated":true}]}}