{"id":223532,"date":"2025-11-25T02:42:32","date_gmt":"2025-11-25T00:42:32","guid":{"rendered":"https:\/\/electrovideo.eu\/produit\/philips-24-5-led-evnia-25m2n5200u\/"},"modified":"2025-11-25T02:42:32","modified_gmt":"2025-11-25T00:42:32","slug":"philips-24-5-led-evnia-25m2n5200u","status":"publish","type":"product","link":"https:\/\/electrovideo.eu\/en\/product\/philips-24-5-led-evnia-25m2n5200u\/","title":{"rendered":"Philips 24.5&#8243; LED &#8211; Evnia 25M2N5200U"},"content":{"rendered":"<div id=\"description\" class=\"description\">\n<div class=\"details-pdt-desc\">\n<h2 class=\"h2-master\">Ultra-r\u00e9activit\u00e9 et immersion totale<\/h2>\n<section>\n<p>Ce <strong>moniteur gaming Fast IPS 25\u201d Philips Evnia 5000<\/strong> (25M2N5200U) est taill\u00e9 pour les joueurs en qu\u00eate de performances extr\u00eames et d\u2019une immersion sans compromis. Gr\u00e2ce \u00e0 son <strong>temps de r\u00e9ponse de 0,3 ms<\/strong>, sa <strong>fr\u00e9quence de rafra\u00eechissement de 390 Hz<\/strong> et sa <strong>compatibilit\u00e9 DisplayHDR 400<\/strong>, il promet une r\u00e9activit\u00e9 fulgurante et une qualit\u00e9 d\u2019image \u00e9poustouflante. L\u2019ajout de technologies innovantes comme <strong>Smart Crosshair<\/strong>, <strong>Stark ShadowBoost<\/strong> ou <strong>Evnia Precision Center<\/strong> en fait un alli\u00e9 de choix pour dominer vos sessions de jeu, m\u00eame les plus intenses.<br \/>&nbsp;<\/p>\n<\/section>\n<section>\n<div class=\"desc-image\"><span><img decoding=\"async\" alt=\"\" loading=\"lazy\" src=\"https:\/\/electrovideo.eu\/wp-content\/uploads\/2025\/11\/philips_25m2nn5200u_0001.jpg\"><\/span><\/div>\n<div class=\"desc-text\">\n<h2>fluidit\u00e9 extr\u00eame<\/h2>\n<p>Con\u00e7u pour les gamers, ce moniteur Philips Evnia affiche une <strong>fr\u00e9quence en surcaden\u00e7age de 390 Hz (360 Hz natifs et max 240 Hz via HDMI)<\/strong>, bien sup\u00e9rieure \u00e0 celle des \u00e9crans classiques. Associ\u00e9e \u00e0 un <strong>temps de r\u00e9ponse ultra-rapide de 0,3 ms<\/strong> (Smart MBR), cette fr\u00e9quence garantit une action ultra-fluide, m\u00eame dans les jeux les plus rapides. Fini les flous de mouvement et les images fant\u00f4mes : chaque d\u00e9placement est rendu avec une nettet\u00e9 exceptionnelle, pour une r\u00e9activit\u00e9 totale \u00e0 chaque instant.<\/p>\n<p>Gr\u00e2ce \u00e0 la <strong>faible latence<\/strong> et \u00e0 la technologie Smart MBR qui synchronise r\u00e9tro\u00e9clairage et rafra\u00eechissement, vos commandes s&#8217;affichent quasi instantan\u00e9ment \u00e0 l&#8217;\u00e9cran. Un atout strat\u00e9gique pour les FPS ou jeux de combat o\u00f9 chaque milliseconde compte. Vous pouvez ainsi jouer avec confiance et pr\u00e9cision, sans jamais perdre votre avantage comp\u00e9titif.<\/p>\n<\/div>\n<\/section>\n<section>\n<div class=\"desc-text\">\n<h2>Qualit\u00e9 d\u2019image HDR<\/h2>\n<p>Avec sa <strong>dalle IPS Full HD<\/strong> et sa certification <strong>DisplayHDR 400<\/strong>, ce moniteur offre une qualit\u00e9 visuelle remarquable. La couverture colorim\u00e9trique \u00e9tendue (sRGB 110 %, DCI-P3 84 %) associ\u00e9e \u00e0 une <strong>luminosit\u00e9 de 400 nits<\/strong> permet de restituer des images riches, nuanc\u00e9es et vibrantes. Les d\u00e9tails dans les zones sombres sont amplifi\u00e9s par <strong>SmartContrast<\/strong>, tandis que <strong>Stark ShadowBoost<\/strong> ajuste les sc\u00e8nes sombres sans surexposer les parties lumineuses.<\/p>\n<p>Le r\u00e9sultat ? Une exp\u00e9rience visuelle immersive, aussi bien dans les environnements sombres que lumineux. Vous profitez d\u2019images plus r\u00e9alistes, id\u00e9ales pour explorer des univers profonds ou appr\u00e9cier chaque d\u00e9tail de vos jeux pr\u00e9f\u00e9r\u00e9s. Le moniteur devient ainsi un v\u00e9ritable prolongement de votre immersion.<\/p>\n<\/div>\n<div class=\"desc-image\"><span><img decoding=\"async\" alt=\"\" loading=\"lazy\" src=\"https:\/\/electrovideo.eu\/wp-content\/uploads\/2025\/11\/philips_25m2nn5200u_0003.jpg\"><\/span><\/div>\n<\/section>\n<section>\n<div class=\"desc-image\"><span><img decoding=\"async\" alt=\"\" loading=\"lazy\" src=\"https:\/\/electrovideo.eu\/wp-content\/uploads\/2025\/11\/philips_25m2nn5200u_0002.jpg\"><\/span><\/div>\n<div class=\"desc-text\">\n<h2>personnalisation compl\u00e8te<\/h2>\n<p>Pour s\u2019adapter \u00e0 toutes les configurations et habitudes de jeu, le moniteur Evnia propose un <strong>pied r\u00e9glable en hauteur (130 mm)<\/strong>, avec rotation, inclinaison et pivot int\u00e9gr\u00e9s. Vous pouvez ajuster l\u2019\u00e9cran selon vos pr\u00e9f\u00e9rences pour un confort optimal, m\u00eame apr\u00e8s plusieurs heures d\u2019utilisation. Son rev\u00eatement antireflet et son mode <strong>LowBlue combin\u00e9 \u00e0 l\u2019anti-scintillement<\/strong> garantissent une protection oculaire renforc\u00e9e.<\/p>\n<p>L\u2019interface logicielle <strong>Evnia Precision Center<\/strong> offre un contr\u00f4le total de l\u2019affichage, avec de nombreuses options de personnalisation, que vous soyez un joueur occasionnel ou confirm\u00e9. \u00c0 cela s\u2019ajoutent les modes pr\u00e9d\u00e9finis SmartImage (FPS, RTS, Racing\u2026) et la fonction <strong>Smart Crosshair<\/strong> qui adapte dynamiquement la couleur du viseur pour une pr\u00e9cision accrue. Le tout dans un design sobre, moderne, et durable gr\u00e2ce \u00e0 l\u2019utilisation de mat\u00e9riaux recycl\u00e9s.<\/p>\n<\/div>\n<\/section>\n<section class=\"list\">\n<h2>Caract\u00e9ristiques principales :<\/h2>\n<ul>\n<li><strong>\u00c9cran 24,5&#8243; Fast IPS Full HD <\/strong>(1920 x 1080) avec<strong> DisplayHDR 400<\/strong><\/li>\n<li><strong>Fr\u00e9quence de rafra\u00eechissement native de 360 Hz&nbsp;<\/strong>et <strong>jusqu\u2019\u00e0 390 Hz<\/strong> (surcaden\u00e7age via DisplayPort \/ max 240 Hz via HDMI)<\/li>\n<li><strong>Temps de r\u00e9ponse ultra-rapide :<\/strong> 0,3 ms (Smart MBR) &#8211; 1 ms (GtG)<\/li>\n<li>Technologies SmartImage, SmartContrast, Stark ShadowBoost et Smart Crosshair<\/li>\n<li>Connectique compl\u00e8te :<strong> 2 x HDMI 2.0<\/strong>, <strong>1 x DisplayPort 1.<\/strong>4, sortie casque<\/li>\n<li>Compatibilit\u00e9 VESA,<strong> pied ergonomique r\u00e9glable en hauteur<\/strong>, <strong>rotation <\/strong>et inclinaison<\/li>\n<li><strong>Mode LowBlue<\/strong> et<strong> technologie anti-scintillement <\/strong>pour le confort visuel<\/li>\n<li><strong>\u00c9co-conception<\/strong> : jusqu\u2019\u00e0 85 % de plastiques recycl\u00e9s<\/li>\n<li>Couverture colorim\u00e9trique \u00e9tendue :<strong> sRGB 110 %<\/strong>, AdobeRGB 86 %, DCI-P3 84 %<\/li>\n<li>Logiciel Evnia Precision Center pour une personnalisation avanc\u00e9e<\/li>\n<\/ul>\n<\/section>\n<\/div><\/div>\n","protected":false},"excerpt":{"rendered":"<p>Ecran PC Full HD 1080p &#8211; 1920 x 1080 pixels &#8211; 1 ms (gris \u00e0 gris) &#8211; Format 16\/9 &#8211; Dalle IPS &#8211; 360 Hz (390 Hz OC) &#8211; HDR400 &#8211; Adaptive-Sync &#8211; HDMI\/DisplayPort &#8211; Pivot &#8211; Noir<\/p>\n","protected":false},"featured_media":223534,"comment_status":"open","ping_status":"closed","template":"","meta":{"_monsterinsights_skip_tracking":false,"_monsterinsights_sitenote_active":false,"_monsterinsights_sitenote_note":"","_monsterinsights_sitenote_category":0},"etheme_brands":[{"term_id":3721,"name":"Philips","slug":"philips","term_group":0,"term_taxonomy_id":3721,"taxonomy":"brand","description":"","parent":0,"count":4,"filter":"raw"}],"product_brand":[],"product_cat":[3302],"product_tag":[],"class_list":{"0":"post-223532","1":"product","2":"type-product","3":"status-publish","4":"has-post-thumbnail","6":"brand-philips","7":"product_cat-pc-monitors-screens","9":"first","10":"instock","11":"sale","12":"taxable","13":"shipping-taxable","14":"purchasable","15":"product-type-simple"},"_links":{"self":[{"href":"https:\/\/electrovideo.eu\/en\/wp-json\/wp\/v2\/product\/223532","targetHints":{"allow":["GET"]}}],"collection":[{"href":"https:\/\/electrovideo.eu\/en\/wp-json\/wp\/v2\/product"}],"about":[{"href":"https:\/\/electrovideo.eu\/en\/wp-json\/wp\/v2\/types\/product"}],"replies":[{"embeddable":true,"href":"https:\/\/electrovideo.eu\/en\/wp-json\/wp\/v2\/comments?post=223532"}],"version-history":[{"count":0,"href":"https:\/\/electrovideo.eu\/en\/wp-json\/wp\/v2\/product\/223532\/revisions"}],"wp:featuredmedia":[{"embeddable":true,"href":"https:\/\/electrovideo.eu\/en\/wp-json\/wp\/v2\/media\/223534"}],"wp:attachment":[{"href":"https:\/\/electrovideo.eu\/en\/wp-json\/wp\/v2\/media?parent=223532"}],"wp:term":[{"taxonomy":"brand","embeddable":true,"href":"https:\/\/electrovideo.eu\/en\/wp-json\/wp\/v2\/etheme_brands?post=223532"},{"taxonomy":"product_brand","embeddable":true,"href":"https:\/\/electrovideo.eu\/en\/wp-json\/wp\/v2\/product_brand?post=223532"},{"taxonomy":"product_cat","embeddable":true,"href":"https:\/\/electrovideo.eu\/en\/wp-json\/wp\/v2\/product_cat?post=223532"},{"taxonomy":"product_tag","embeddable":true,"href":"https:\/\/electrovideo.eu\/en\/wp-json\/wp\/v2\/product_tag?post=223532"}],"curies":[{"name":"wp","href":"https:\/\/api.w.org\/{rel}","templated":true}]}}