{"id":223525,"date":"2025-11-25T02:43:27","date_gmt":"2025-11-25T00:43:27","guid":{"rendered":"https:\/\/electrovideo.eu\/produit\/aoc-26-7-oled-agon-pro-ag276qzd2\/"},"modified":"2026-04-15T04:50:38","modified_gmt":"2026-04-15T02:50:38","slug":"aoc-26-7-oled-agon-pro-ag276qzd2","status":"publish","type":"product","link":"https:\/\/electrovideo.eu\/en\/product\/aoc-26-7-oled-agon-pro-ag276qzd2\/","title":{"rendered":"AOC 26.7&#8243; OLED &#8211; AGON PRO AG276QZD2"},"content":{"rendered":"<div id=\"description\" class=\"description\">\n<div class=\"details-pdt-desc\">\n<h2 class=\"h2-master\">Un grand \u00e9cran OLED ultra-r\u00e9actif pour les Gamers<\/h2>\n<section>\n<p>Gagnez en confort de jeu avec le moniteur AOC AGON AG276QZD2 ! Ce moniteur de 26.7 pouces 2.5K avec dalle OLED offre une image de haute pr\u00e9cision avec des couleurs et des contrastes profonds. Son taux de rafra\u00eechissement ultra-rapide de 240 Hz garantit des visuels ultra fluides et sans d\u00e9calage, essentiels pour les jeux comp\u00e9titifs. De plus, la technologie Adaptive-Sync permettra d&#8217;\u00e9liminer le d\u00e9chirement de l&#8217;\u00e9cran.<br \/>&nbsp;<\/p>\n<\/section>\n<section>\n<div class=\"desc-image\"><span><img decoding=\"async\" alt=\"\" loading=\"lazy\" src=\"https:\/\/electrovideo.eu\/wp-content\/uploads\/2025\/09\/801-11.jpg\"><\/span><\/div>\n<div class=\"desc-text\">\n<h2>\u00c9cran QD-OLED 2.5K<\/h2>\n<p>Gr\u00e2ce \u00e0 la technologie QD-OLED, ce moniteur AOC offre \u00e0 la fois un affichage d&#8217;une grande clart\u00e9 et un contraste \u00e9poustouflant avec des couleurs riches. De plus, l&#8217;\u00e9cran peut devenir tr\u00e8s lumineux sans perdre la qualit\u00e9 des couleurs, de sorte que tout ressort m\u00eame dans les pi\u00e8ces bien \u00e9clair\u00e9es. Essentiellement, QD-OLED reprend les meilleurs \u00e9l\u00e9ments de l&#8217;OLED et les am\u00e9liore encore gr\u00e2ce aux Quantum Dots, vous offrant une image particuli\u00e8rement r\u00e9aliste. Cet \u00e9cran OLED b\u00e9n\u00e9ficie d&#8217;une garantie 3 ans contre l&#8217;effet de marquage.<\/p>\n<p>Avec une r\u00e9solution de 2560 x 1440, ce moniteur AOC offre une qualit\u00e9 d&#8217;image d&#8217;un haut niveau et des images nettes qui r\u00e9v\u00e8lent les moindres d\u00e9tails. Le rapport largeur\/hauteur de 16:9 de l&#8217;\u00e9cran large offre beaucoup d&#8217;espace pour s&#8217;\u00e9tendre et travailler ; il vous permet \u00e9galement de profiter des jeux ou films dans leur format d&#8217;origine.<\/p>\n<\/div>\n<\/section>\n<section>\n<div class=\"desc-text\">\n<h2>Couleurs de qualit\u00e9 sup\u00e9rieure<\/h2>\n<p>Avec une certification DisplayHDR True Black 400, ce moniteur AOC vous offre des niveaux de noir plus profonds et plus pr\u00e9cis, rendant votre exp\u00e9rience visuelle plus riche et plus immersive. Fini les sc\u00e8nes sombres et d\u00e9lav\u00e9es dans les films et les jeux. Avec TrueBlack 400, vous vous lancez dans un voyage visuel plus r\u00e9aliste.<\/p>\n<\/div>\n<div class=\"desc-image\"><span><img decoding=\"async\" alt=\"\" loading=\"lazy\" src=\"https:\/\/electrovideo.eu\/wp-content\/uploads\/2025\/09\/802-7.jpg\"><\/span><\/div>\n<\/section>\n<section>\n<div class=\"desc-image\"><span><img decoding=\"async\" alt=\"\" loading=\"lazy\" src=\"https:\/\/electrovideo.eu\/wp-content\/uploads\/2025\/09\/803-1.jpg\"><\/span><\/div>\n<div class=\"desc-text\">\n<h2>\u00c9l\u00e9gance et confort de jeu<\/h2>\n<p>Le moniteur AGON PRO AG276QZD2 b\u00e9n\u00e9ficie d&#8217;un support ergonomique pour maintenir le confort et \u00e9viter les tensions pendant les longues sessions de jeu. Il offre une large gamme de mouvements et des r\u00e9glages faciles de la hauteur, de l&#8217;inclinaison et du pivotement, s&#8217;adaptant \u00e0 l&#8217;ergonomie appropri\u00e9e et \u00e0 vos pr\u00e9f\u00e9rences personnelles. Ce moniteur AOC est \u00e9quip\u00e9 d&#8217;un \u00e9clairage sp\u00e9cial &#8220;RVB LIGHT FX&#8221; \u00e0 l\u2019arri\u00e8re de l&#8217;appareil, qui illuminera votre configuration de jeu en diff\u00e9rentes couleurs. Choisissez votre couleur pr\u00e9f\u00e9r\u00e9e, synchronisez-la avec vos autres appareils AOC et testez les diff\u00e9rents types de rayonnement !<\/p>\n<\/div>\n<\/section>\n<\/div><\/div>\n","protected":false},"excerpt":{"rendered":"<p>Ecran PC 2.5K &#8211; 2560 x 1440 pixels &#8211; 0.03 ms (gris \u00e0 gris) &#8211; 16\/9 &#8211; Dalle OLED &#8211; HDR 400 &#8211; 240 Hz &#8211; Adaptive-Sync &#8211; HDMI\/DisplayPort &#8211; Pivot &#8211; Hub USB 3.0 &#8211; Noir<\/p>\n","protected":false},"featured_media":223526,"comment_status":"open","ping_status":"closed","template":"","meta":{"_monsterinsights_skip_tracking":false,"_monsterinsights_sitenote_active":false,"_monsterinsights_sitenote_note":"","_monsterinsights_sitenote_category":0},"etheme_brands":[{"term_id":1017,"name":"AOC","slug":"aoc","term_group":0,"term_taxonomy_id":1017,"taxonomy":"brand","description":"","parent":0,"count":20,"filter":"raw"}],"product_brand":[],"product_cat":[3302],"product_tag":[],"class_list":{"0":"post-223525","1":"product","2":"type-product","3":"status-publish","4":"has-post-thumbnail","6":"brand-aoc","7":"product_cat-pc-monitors-screens","9":"first","10":"instock","11":"taxable","12":"shipping-taxable","13":"purchasable","14":"product-type-simple"},"_links":{"self":[{"href":"https:\/\/electrovideo.eu\/en\/wp-json\/wp\/v2\/product\/223525","targetHints":{"allow":["GET"]}}],"collection":[{"href":"https:\/\/electrovideo.eu\/en\/wp-json\/wp\/v2\/product"}],"about":[{"href":"https:\/\/electrovideo.eu\/en\/wp-json\/wp\/v2\/types\/product"}],"replies":[{"embeddable":true,"href":"https:\/\/electrovideo.eu\/en\/wp-json\/wp\/v2\/comments?post=223525"}],"version-history":[{"count":0,"href":"https:\/\/electrovideo.eu\/en\/wp-json\/wp\/v2\/product\/223525\/revisions"}],"wp:featuredmedia":[{"embeddable":true,"href":"https:\/\/electrovideo.eu\/en\/wp-json\/wp\/v2\/media\/223526"}],"wp:attachment":[{"href":"https:\/\/electrovideo.eu\/en\/wp-json\/wp\/v2\/media?parent=223525"}],"wp:term":[{"taxonomy":"brand","embeddable":true,"href":"https:\/\/electrovideo.eu\/en\/wp-json\/wp\/v2\/etheme_brands?post=223525"},{"taxonomy":"product_brand","embeddable":true,"href":"https:\/\/electrovideo.eu\/en\/wp-json\/wp\/v2\/product_brand?post=223525"},{"taxonomy":"product_cat","embeddable":true,"href":"https:\/\/electrovideo.eu\/en\/wp-json\/wp\/v2\/product_cat?post=223525"},{"taxonomy":"product_tag","embeddable":true,"href":"https:\/\/electrovideo.eu\/en\/wp-json\/wp\/v2\/product_tag?post=223525"}],"curies":[{"name":"wp","href":"https:\/\/api.w.org\/{rel}","templated":true}]}}